{"id":3350,"date":"2022-04-27T20:10:06","date_gmt":"2022-04-27T18:10:06","guid":{"rendered":"https:\/\/cleopatra.medialoods.com\/?post_type=product&#038;p=3350"},"modified":"2026-04-27T10:07:44","modified_gmt":"2026-04-27T08:07:44","slug":"texel-240-160x80cm","status":"publish","type":"product","link":"https:\/\/cleopatra.nl\/pl\/shop\/ligbaden-whirlpools\/vrijstaande-baden\/texel-240\/","title":{"rendered":"Texel 240 | 160x80cm"},"content":{"rendered":"<h4><b>WYGODNA WANNA WOLNOSTOJ\u0104CA TEXEL<\/b><\/h4>\n<p>The\u00a0<b>wanna wolnostoj\u0105ca<\/b>\u00a0Texel marki Cleopatra oznacza luksus i wygod\u0119. Delikatne, zaokr\u0105glone, gi\u0119tkie linie zapewniaj\u0105 przestrze\u0144 i komfort wewn\u0105trz wanny oraz modny wygl\u0105d na zewn\u0105trz. K\u0105piel w wannie Texel to prawdziwa rozkosz!<\/p>\n<p>Wymiary zewn\u0119trzne wanny wolnostoj\u0105cej to: 1600 x 800 x 460 mm przy d\u0142ugo\u015bci dna 1270 mm. Rysunki wanny mo\u017cna znale\u017a\u0107 na dole opisu produktu.<\/p>\n<p>Wanna jest dostarczana wraz z zestawem wanien i kombinacj\u0105 przelew\/puste.<\/p>\n<p>Chcesz zobaczy\u0107 t\u0119 wann\u0119?  Zapraszamy do odwiedzenia Cleopatra\u00a0<a href=\"https:\/\/cleopatra.nl\/pl\/contact\/\" target=\"_blank\" rel=\"noopener\">showroom<\/a> w Zaandam!<\/p>\n<h4><b><br \/>\nBATERIE WANNOWE WOLNOSTOJ\u0104CE<\/b><\/h4>\n<p>U Ciebie\u00a0<strong>wanna wolnostoj\u0105ca<\/strong>\u00a0nale\u017cy wysokiej jako\u015bci bateria wolnostoj\u0105ca. Dzi\u0119ki temu Twoja \u0142azienka b\u0119dzie jeszcze pi\u0119kniejsza i bardziej kompletna!<\/p>\n<p>&nbsp;<\/p>\n<p><strong><em>W wannie Texel nie mo\u017cna zamontowa\u0107 o\u015bwietlenia ani systemu hydromasa\u017cu.<\/em>.<\/strong><\/p>","protected":false},"excerpt":{"rendered":"<p>The\u00a0<b>wanna wolnostoj\u0105ca<\/b>\u00a0Texel marki Cleopatra oznacza luksus i wygod\u0119. Delikatne, zaokr\u0105glone, gi\u0119tkie linie zapewniaj\u0105 przestrze\u0144 i komfort wewn\u0105trz wanny oraz modny wygl\u0105d na zewn\u0105trz. K\u0105piel w wannie Texel to prawdziwa rozkosz!<\/p>","protected":false},"featured_media":3504,"template":"","format":"standard","meta":{"_acf_changed":false},"product_brand":[347],"product_cat":[87,76,71],"product_tag":[],"class_list":{"0":"post-3350","1":"product","2":"type-product","3":"status-publish","4":"format-standard","5":"has-post-thumbnail","7":"product_brand-cleopatra","8":"product_cat-vrijstaande-baden","9":"product_cat-ligbaden-whirlpools","10":"product_cat-shop","12":"first","13":"instock","14":"taxable","15":"shipping-taxable","16":"purchasable","17":"product-type-simple"},"acf":[],"_links":{"self":[{"href":"https:\/\/cleopatra.nl\/pl\/wp-json\/wp\/v2\/product\/3350","targetHints":{"allow":["GET"]}}],"collection":[{"href":"https:\/\/cleopatra.nl\/pl\/wp-json\/wp\/v2\/product"}],"about":[{"href":"https:\/\/cleopatra.nl\/pl\/wp-json\/wp\/v2\/types\/product"}],"wp:featuredmedia":[{"embeddable":true,"href":"https:\/\/cleopatra.nl\/pl\/wp-json\/wp\/v2\/media\/3504"}],"wp:attachment":[{"href":"https:\/\/cleopatra.nl\/pl\/wp-json\/wp\/v2\/media?parent=3350"}],"wp:term":[{"taxonomy":"product_brand","embeddable":true,"href":"https:\/\/cleopatra.nl\/pl\/wp-json\/wp\/v2\/product_brand?post=3350"},{"taxonomy":"product_cat","embeddable":true,"href":"https:\/\/cleopatra.nl\/pl\/wp-json\/wp\/v2\/product_cat?post=3350"},{"taxonomy":"product_tag","embeddable":true,"href":"https:\/\/cleopatra.nl\/pl\/wp-json\/wp\/v2\/product_tag?post=3350"}],"curies":[{"name":"wp","href":"https:\/\/api.w.org\/{rel}","templated":true}]}}