{"id":3351,"date":"2022-04-27T20:10:41","date_gmt":"2022-04-27T18:10:41","guid":{"rendered":"https:\/\/cleopatra.medialoods.com\/?post_type=product&#038;p=3351"},"modified":"2026-04-26T21:18:53","modified_gmt":"2026-04-26T19:18:53","slug":"colorado-twin-571","status":"publish","type":"product","link":"https:\/\/cleopatra.nl\/pl\/shop\/colorado-twin-570\/","title":{"rendered":"Colorado Twin 570"},"content":{"rendered":"<ul>\n<li>Wbudowana kabina wykonana z akrylu.<\/li>\n<li>Kabina 2-osobowa.<\/li>\n<li>Wyposa\u017cony w prysznic i generator pary<\/li>\n<li>Generator pary powinien by\u0107 umieszczony na zewn\u0105trz.<\/li>\n<\/ul>\n<p><strong>Kolor szk\u0142a\u00a0<\/strong><\/p>\n<ul>\n<li>Kolor szk\u0142a: przezroczysty, br\u0105zowy lub szary przydymiony<\/li>\n<\/ul>\n<p><strong>Kierunek zawias\u00f3w drzwi<\/strong><\/p>\n<ul>\n<li>Zawiasy przednie po prawej lub lewej stronie<\/li>\n<\/ul>\n<h4><strong><br \/>\nCOLORADO TWIN ESSENTIAL<\/strong><\/h4>\n<p><strong>Kabina<\/strong><\/p>\n<ul>\n<li>Kabina wykonana z wysokiej jako\u015bci akrylu<\/li>\n<li>Drzwi w ramie (bia\u0142e) - szk\u0142o przezroczyste<\/li>\n<li>Odp\u0142yw<\/li>\n<li>Odpowietrznik<\/li>\n<\/ul>\n<p><strong>Prysznic<\/strong><\/p>\n<ul>\n<li>Bateria termostatyczna<\/li>\n<li>Prysznic r\u0119czny i suwak<\/li>\n<\/ul>\n<p><strong>O\u015bwietlenie <\/strong><\/p>\n<ul>\n<li>O\u015bwietlenie LED (2 szt.)<\/li>\n<\/ul>\n<p><strong>Steam<\/strong><\/p>\n<ul>\n<li>Generator pary Steam One ze sterowaniem (3 kW - tylko Colorado Twin = 4,5 kW)<\/li>\n<li>Aromaterapia (automatyczne dozowanie 1 zapachu)<\/li>\n<li>Plastikowy wlot pary bia\u0142y<\/li>\n<\/ul>\n<h4><strong><br \/>\nCOLORADO TWIN DELUXE<\/strong><\/h4>\n<p><strong>Kabina<\/strong><\/p>\n<ul>\n<li>Kabina wykonana z wysokiej jako\u015bci akrylu<\/li>\n<li>Drzwi w ramie (bia\u0142e) - szk\u0142o przezroczyste<\/li>\n<li>Odp\u0142yw<\/li>\n<li>Odpowietrznik<\/li>\n<\/ul>\n<p><strong>Prysznic<\/strong><\/p>\n<ul>\n<li>Bateria termostatyczna<\/li>\n<li>Prysznic r\u0119czny i suwak<\/li>\n<li>Prysznic dachowy 240 mm<\/li>\n<\/ul>\n<p><strong>O\u015bwietlenie <\/strong><\/p>\n<ul>\n<li>O\u015bwietlenie LED (2 szt.)<\/li>\n<\/ul>\n<p><strong>Steam<\/strong><\/p>\n<ul>\n<li>Generator pary Steam Smart ze sterowaniem (3 kW - tylko Colorado Twin = 4,5 kW)<\/li>\n<li>Aromaterapia (automatyczne dozowanie 1 zapachu)<\/li>\n<li>Plastikowy wlot pary bia\u0142y<\/li>\n<\/ul>\n<h4><strong><br \/>\nCOLORADO TWIN EXCLUSIVE<\/strong><\/h4>\n<p><strong>Kabina<\/strong><\/p>\n<ul>\n<li>Kabina wykonana z wysokiej jako\u015bci akrylu<\/li>\n<li>Drzwi w ramie (bia\u0142e) - szk\u0142o przezroczyste<\/li>\n<li>Odp\u0142yw<\/li>\n<li>Odpowietrznik<\/li>\n<\/ul>\n<p><strong>Prysznic<\/strong><\/p>\n<ul>\n<li>Bateria termostatyczna<\/li>\n<li>Prysznic r\u0119czny i suwak<\/li>\n<li>Prysznic dachowy 300 mm<\/li>\n<li>T\u0142uszcz z bocznego prysznica (6 sztuk)<\/li>\n<\/ul>\n<p><strong>O\u015bwietlenie <\/strong><\/p>\n<ul>\n<li>O\u015bwietlenie LED (2 szt.)<\/li>\n<\/ul>\n<p><strong>Steam<\/strong><\/p>\n<ul>\n<li>Generator pary Steam Deluxe ze sterowaniem (3 kW - tylko Colorado Twin = 4,5 kW)<\/li>\n<li>Aromaterapia (automatyczne dozowanie 2 zapach\u00f3w)<\/li>\n<li>Plastikowy wlot pary bia\u0142y<\/li>\n<\/ul>\n<p><strong>Muzyka<\/strong><\/p>\n<ul>\n<li>Modu\u0142 Bluetooth z 2 g\u0142o\u015bnikami<\/li>\n<\/ul>\n<h4>KABINA PAROWA I WELLNESS CLEOPATRA<\/h4>\n<p><span data-contrast=\"auto\">Kleopatra<\/span><b><span data-contrast=\"auto\">Kabina parowa i odnowy biologicznej<\/span><\/b><span data-contrast=\"auto\">Colorado Twin 570 to wysokiej jako\u015bci kabina akrylowa, kt\u00f3ra zachwyca konsument\u00f3w od ponad 3 dekad. Kabina, kt\u00f3ra pozostanie pi\u0119kna, ciep\u0142a i skuteczna przez lata.<\/span><span data-ccp-props=\"{&quot;201341983&quot;:0,&quot;335559738&quot;:100,&quot;335559739&quot;:200,&quot;335559740&quot;:276}\">\u00a0<\/span><\/p>\n<p><span data-contrast=\"auto\">Kabina parowa i wellness wykonana jest z bia\u0142ego akrylu, kt\u00f3ry zapewnia szybkie i ca\u0142kowite odczuwanie ciep\u0142a i pary. Akryl jest \u0142atwy w utrzymaniu; po 20 latach kabina mo\u017ce nadal wygl\u0105da\u0107 jak nowa!<\/span><span data-ccp-props=\"{&quot;201341983&quot;:0,&quot;335559738&quot;:100,&quot;335559739&quot;:200,&quot;335559740&quot;:276}\">\u00a0<\/span><\/p>\n<p><span data-contrast=\"auto\">\u0141a\u017ania parowa Colorado Twin posiada dwa bardzo wygodne fotele. Ten wyj\u0105tkowy fotel z pod\u0142okietnikami pozwala cieszy\u0107 si\u0119 wspania\u0142\u0105 zabaw\u0105.<\/span><\/p>\n<p><span data-contrast=\"auto\">Wbudowany naro\u017cnik: 1750 x 1750 mm<\/span><span data-ccp-props=\"{&quot;201341983&quot;:0,&quot;335559738&quot;:100,&quot;335559739&quot;:200,&quot;335559740&quot;:276}\">\u00a0<\/span><\/p>\n<p><span data-contrast=\"auto\">Ci\u0119cie proste: 2090 x 1000 mm<\/span><span data-ccp-props=\"{&quot;201341983&quot;:0,&quot;335559738&quot;:100,&quot;335559739&quot;:200,&quot;335559740&quot;:276}\">\u00a0<\/span><\/p>\n<p><span data-contrast=\"auto\">Wysoko\u015b\u0107 netto: 2230 mm<\/span><span data-ccp-props=\"{&quot;201341983&quot;:0,&quot;335559738&quot;:100,&quot;335559739&quot;:200,&quot;335559740&quot;:276}\">\u00a0<\/span><\/p>\n<p><span data-contrast=\"auto\">Rysunki i informacje techniczne dotycz\u0105ce kabiny znajduj\u0105 si\u0119 na dole opisu produktu.<\/span><span data-ccp-props=\"{&quot;201341983&quot;:0,&quot;335559738&quot;:100,&quot;335559739&quot;:200,&quot;335559740&quot;:276}\">\u00a0<\/span><\/p>\n<h4>\nOPCJE KABINY<\/h4>\n<p><span data-contrast=\"auto\">Szk\u0142o jest dost\u0119pne w wersji przezroczystej, br\u0105zowej i szarej.<\/span><span data-ccp-props=\"{&quot;201341983&quot;:0,&quot;335559738&quot;:100,&quot;335559739&quot;:200,&quot;335559740&quot;:276}\">\u00a0<\/span><\/p>\n<p><span data-contrast=\"auto\">O\u015bcie\u017cnica i uchwyt s\u0105 standardowo w kolorze bia\u0142ym (RAL 9003), ale s\u0105 r\u00f3wnie\u017c dost\u0119pne w wybranym kolorze z palety RAL.<\/span><span data-ccp-props=\"{&quot;201341983&quot;:0,&quot;335559738&quot;:100,&quot;335559739&quot;:200,&quot;335559740&quot;:276}\">\u00a0<\/span><\/p>\n<p>Pokoloruj cz\u0119\u015bci kran\u00f3w, prysznica dachowego i g\u0142\u00f3wki prysznicowej na inny kolor.<\/p>\n<p><span data-contrast=\"auto\">Chcesz zobaczy\u0107 kabin\u0119? Zapraszamy do naszego<\/span><a href=\"https:\/\/cleopatra.nl\/pl\/contact\/\" target=\"_blank\" rel=\"noopener\"><span data-contrast=\"none\">showroom<\/span><\/a><span data-contrast=\"auto\">w Zaandam.<\/span><\/p>\n<h4>\nGENERATOR PARY I ODNOWY BIOLOGICZNEJ<\/h4>\n<p><span data-contrast=\"auto\">Do Idaho pasuje generator pary i wellness o mocy 3,0 kW i napi\u0119ciu 230 V.<\/span><span data-ccp-props=\"{&quot;201341983&quot;:0,&quot;335559738&quot;:100,&quot;335559739&quot;:200,&quot;335559740&quot;:276}\">\u00a0<\/span><\/p>\n<p><span data-contrast=\"auto\">Cleopatra produkuje w\u0142asne generatory w swojej fabryce w Holandii. Dla u\u017cytkownik\u00f3w prywatnych oferujemy trzy modele generator\u00f3w:<\/span><span data-ccp-props=\"{&quot;201341983&quot;:0,&quot;335559738&quot;:100,&quot;335559739&quot;:200,&quot;335559740&quot;:276}\">\u00a0<\/span><\/p>\n<p><span data-contrast=\"auto\">The<em>\u202f<\/em><\/span><em><strong>Cleo Steam One<\/strong><\/em><span data-contrast=\"auto\"><em>\u202f<\/em>to wysokiej jako\u015bci generator pary ze standardowymi funkcjami.<\/span><span data-ccp-props=\"{&quot;201341983&quot;:0,&quot;335559738&quot;:100,&quot;335559739&quot;:200,&quot;335559740&quot;:276}\">\u00a0<\/span><\/p>\n<p><span data-contrast=\"auto\">The<\/span><span data-contrast=\"none\">\u202f<em><strong>Cleo Steam Smart<\/strong><\/em><\/span><span data-contrast=\"auto\"><em>\u202f<\/em>to nowoczesny generator pary, kt\u00f3ry zmniejsza wahania temperatury i umo\u017cliwia terapi\u0119 \u015bwiat\u0142em (wiele kolorowych \u015bwiate\u0142).<\/span><span data-ccp-props=\"{&quot;201341983&quot;:0,&quot;335559738&quot;:100,&quot;335559739&quot;:200,&quot;335559740&quot;:276}\">\u00a0<\/span><\/p>\n<p><span data-contrast=\"auto\">The<\/span><span data-contrast=\"none\"><em><strong>Cleo Steam Deluxe <\/strong><\/em><\/span><span data-contrast=\"auto\">to kompletny generator wellness, kt\u00f3ry oferuje nast\u0119puj\u0105ce funkcje: para, haloterapia (s\u00f3l zmieszana z par\u0105), terapia zimnem (zimna mgie\u0142ka), terapia \u015bwiat\u0142em, aromaterapia i bezpo\u015brednie po\u0142\u0105czenie z muzyk\u0105 przez Bluetooth.<\/span><span data-ccp-props=\"{&quot;201341983&quot;:0,&quot;335559738&quot;:100,&quot;335559739&quot;:200,&quot;335559740&quot;:276}\">\u00a0<\/span><\/p>\n<p><span data-contrast=\"auto\">Szczeg\u00f3\u0142owe informacje na temat generator\u00f3w Cleopatra mo\u017cna znale\u017a\u0107 na stronie<\/span><a href=\"https:\/\/cleopatra.nl\/pl\/shop\/?_product_categorieen=stoomtechniek-stoomtechniel-prive-shop\" target=\"_blank\" rel=\"noopener\"><span data-contrast=\"none\">tutaj<\/span><\/a><span data-contrast=\"auto\">.<\/span><span data-ccp-props=\"{&quot;201341983&quot;:0,&quot;335559738&quot;:100,&quot;335559739&quot;:200,&quot;335559740&quot;:276}\">\u00a0<\/span><\/p>\n<p><span data-contrast=\"auto\">W tej kabinie generator powinien by\u0107 umieszczony na zewn\u0105trz. W pobli\u017cu kabiny powinno znajdowa\u0107 si\u0119 ma\u0142e pomieszczenie techniczne.<\/span><span data-ccp-props=\"{&quot;201341983&quot;:0,&quot;335559738&quot;:100,&quot;335559739&quot;:200,&quot;335559740&quot;:276}\">\u00a0<\/span><\/p>\n<h4>\nKABINA PAROWA I INSTALACJA TECHNOLOGII PAROWEJ<\/h4>\n<p><span data-contrast=\"auto\">Aby zapewni\u0107 bezproblemow\u0105 instalacj\u0119, Cleopatra mo\u017ce zmierzy\u0107 kabin\u0119 i dokona\u0107 inwentaryzacji przestrzeni. Mo\u017cemy r\u00f3wnie\u017c zainstalowa\u0107 kabin\u0119 za dodatkow\u0105 op\u0142at\u0105.<\/span><span data-ccp-props=\"{&quot;201341983&quot;:0,&quot;335559738&quot;:100,&quot;335559739&quot;:200,&quot;335559740&quot;:276}\">\u00a0<\/span><\/p>\n<p><span data-contrast=\"auto\">Us\u0142ugi te s\u0105 dost\u0119pne tylko w krajach Beneluksu.<\/span><span data-ccp-props=\"{&quot;201341983&quot;:0,&quot;335559738&quot;:100,&quot;335559739&quot;:200,&quot;335559740&quot;:276}\">\u00a0<\/span><\/p>\n<p><span data-contrast=\"auto\">Chcesz dowiedzie\u0107 si\u0119 wi\u0119cej?W takim razie we\u017a<em><strong>\u202f<\/strong><\/em><\/span><em><strong><a href=\"https:\/\/cleopatra.nl\/pl\/contact\/\" target=\"_blank\" rel=\"noopener\">kontakt<\/a><\/strong><\/em><span data-contrast=\"auto\"><em><strong>\u202f<\/strong><\/em>z nami.<\/span><span data-ccp-props=\"{&quot;201341983&quot;:0,&quot;335559738&quot;:100,&quot;335559739&quot;:200,&quot;335559740&quot;:276}\">\u00a0<\/span><\/p>","protected":false},"excerpt":{"rendered":"<p><span data-contrast=\"auto\">Kleopatra<\/span><b><span data-contrast=\"auto\">Kabina parowa i odnowy biologicznej<\/span><\/b><span data-contrast=\"auto\">Colorado Twin 570 to wysokiej jako\u015bci kabina akrylowa, kt\u00f3ra zachwyca konsument\u00f3w od ponad 3 dekad. Kabina, kt\u00f3ra pozostanie pi\u0119kna, ciep\u0142a i skuteczna przez lata. <\/span><span data-contrast=\"auto\">Kabina parowa i wellness wykonana jest z bia\u0142ego akrylu, kt\u00f3ry zapewnia szybkie i ca\u0142kowite odczuwanie ciep\u0142a i pary. Akryl jest \u0142atwy w utrzymaniu; po 20 latach kabina mo\u017ce nadal wygl\u0105da\u0107 jak nowa!<\/span><span data-ccp-props=\"{&quot;201341983&quot;:0,&quot;335559738&quot;:100,&quot;335559739&quot;:200,&quot;335559740&quot;:276}\">\u00a0<\/span><span data-contrast=\"auto\">\u0141a\u017ania parowa Colorado Twin posiada dwa bardzo wygodne fotele. Ten wyj\u0105tkowy fotel z pod\u0142okietnikami pozwala cieszy\u0107 si\u0119 wspania\u0142\u0105 zabaw\u0105. <\/span><span data-contrast=\"auto\">K\u0105t instalacji: 1750 x 1750 mm, R<\/span><span data-contrast=\"auto\">Rzeczywista instalacja: 2090 x 1000 mm, N<\/span><span data-contrast=\"auto\">Pomiar wysoko\u015bci etto: 2230 mm. <\/span><span data-contrast=\"auto\">Rysunki i informacje techniczne dotycz\u0105ce kabiny znajduj\u0105 si\u0119 na dole opisu produktu.<\/span><span data-ccp-props=\"{&quot;201341983&quot;:0,&quot;335559738&quot;:100,&quot;335559739&quot;:200,&quot;335559740&quot;:276}\">\u00a0<\/span><\/p>","protected":false},"featured_media":3574,"template":"","format":"standard","meta":{"_acf_changed":false},"product_brand":[347],"product_cat":[71,82,74],"product_tag":[],"class_list":{"0":"post-3351","1":"product","2":"type-product","3":"status-publish","4":"format-standard","5":"has-post-thumbnail","7":"product_brand-cleopatra","8":"product_cat-shop","9":"product_cat-delta-line","10":"product_cat-douche-stoomcabines","12":"first","13":"onbackorder","14":"taxable","15":"shipping-taxable","16":"purchasable","17":"product-type-simple"},"acf":[],"_links":{"self":[{"href":"https:\/\/cleopatra.nl\/pl\/wp-json\/wp\/v2\/product\/3351","targetHints":{"allow":["GET"]}}],"collection":[{"href":"https:\/\/cleopatra.nl\/pl\/wp-json\/wp\/v2\/product"}],"about":[{"href":"https:\/\/cleopatra.nl\/pl\/wp-json\/wp\/v2\/types\/product"}],"wp:featuredmedia":[{"embeddable":true,"href":"https:\/\/cleopatra.nl\/pl\/wp-json\/wp\/v2\/media\/3574"}],"wp:attachment":[{"href":"https:\/\/cleopatra.nl\/pl\/wp-json\/wp\/v2\/media?parent=3351"}],"wp:term":[{"taxonomy":"product_brand","embeddable":true,"href":"https:\/\/cleopatra.nl\/pl\/wp-json\/wp\/v2\/product_brand?post=3351"},{"taxonomy":"product_cat","embeddable":true,"href":"https:\/\/cleopatra.nl\/pl\/wp-json\/wp\/v2\/product_cat?post=3351"},{"taxonomy":"product_tag","embeddable":true,"href":"https:\/\/cleopatra.nl\/pl\/wp-json\/wp\/v2\/product_tag?post=3351"}],"curies":[{"name":"wp","href":"https:\/\/api.w.org\/{rel}","templated":true}]}}