{"id":3352,"date":"2022-04-27T20:11:14","date_gmt":"2022-04-27T18:11:14","guid":{"rendered":"https:\/\/cleopatra.medialoods.com\/?post_type=product&#038;p=3352"},"modified":"2026-04-27T18:02:16","modified_gmt":"2026-04-27T16:02:16","slug":"hawaii-twin-551","status":"publish","type":"product","link":"https:\/\/cleopatra.nl\/pl\/shop\/hawaii-twin-550\/","title":{"rendered":"Hawaii Twin 550"},"content":{"rendered":"<ul>\n<li>Wbudowana kabina wykonana z akrylu.<\/li>\n<li>Kabina 2-osobowa.<\/li>\n<li>Wyposa\u017cony w prysznic i generator pary<\/li>\n<li>Generator pary powinien by\u0107 umieszczony na zewn\u0105trz.<\/li>\n<\/ul>\n<p><strong>Kolor szk\u0142a\u00a0<\/strong><\/p>\n<ul>\n<li>Kolor szk\u0142a: przezroczysty, br\u0105zowy lub szary przydymiony<\/li>\n<\/ul>\n<p><strong>Kierunek zawias\u00f3w drzwi<\/strong><\/p>\n<ul>\n<li>Zawiasy przednie po prawej lub lewej stronie<\/li>\n<\/ul>\n<h4><strong><br \/>\nHAWAII TWIN ESSENTIAL<\/strong><\/h4>\n<p><strong>Kabina<\/strong><\/p>\n<ul>\n<li>Kabina wykonana z wysokiej jako\u015bci akrylu<\/li>\n<li>Drzwi w ramie (bia\u0142e) - szk\u0142o przezroczyste<\/li>\n<li>Odp\u0142yw<\/li>\n<li>Odpowietrznik<\/li>\n<\/ul>\n<p><strong>Prysznic<\/strong><\/p>\n<ul>\n<li>Bateria termostatyczna<\/li>\n<li>Prysznic r\u0119czny i suwak<\/li>\n<\/ul>\n<p><strong>O\u015bwietlenie <\/strong><\/p>\n<ul>\n<li>O\u015bwietlenie LED (2 szt.)<\/li>\n<\/ul>\n<p><strong>Steam<\/strong><\/p>\n<ul>\n<li>Generatory pary Steam One ze sterownikami (3 kW - tylko Colorado Twin = 4,5 kW)<\/li>\n<li>Aromaterapia (automatyczne dozowanie 1 zapachu)<\/li>\n<li>Plastikowy wlot pary bia\u0142y<\/li>\n<li>Sterownik Steam One powinien by\u0107 umieszczony na zewn\u0105trz kabiny.<\/li>\n<\/ul>\n<h4><strong><br \/>\nHAWAII TWIN DELUXE<\/strong><\/h4>\n<p><strong>Kabina<\/strong><\/p>\n<ul>\n<li>Kabina wykonana z wysokiej jako\u015bci akrylu<\/li>\n<li>Drzwi w ramie (bia\u0142e) - szk\u0142o przezroczyste<\/li>\n<li>Odp\u0142yw<\/li>\n<li>Odpowietrznik<\/li>\n<\/ul>\n<p><strong>Prysznic<\/strong><\/p>\n<ul>\n<li>Bateria termostatyczna<\/li>\n<li>Prysznic r\u0119czny i suwak<\/li>\n<li>Prysznic dachowy 240 mm<\/li>\n<\/ul>\n<p><strong>O\u015bwietlenie <\/strong><\/p>\n<ul>\n<li>O\u015bwietlenie LED (2 szt.)<\/li>\n<\/ul>\n<p><strong>Steam<\/strong><\/p>\n<ul>\n<li>Generatory pary Steam Smart ze sterownikami (3 kW - tylko Colorado Twin = 4,5 kW)<\/li>\n<li>Aromaterapia (automatyczne dozowanie 1 zapachu)<\/li>\n<li>Plastikowy wlot pary bia\u0142y<\/li>\n<li>Sterowniki Steam Smart powinny by\u0107 umieszczone na zewn\u0105trz kabiny.<\/li>\n<\/ul>\n<h4><strong><br \/>\nHAWAII TWIN EXCLUSIVE<\/strong><\/h4>\n<p><strong>Kabina<\/strong><\/p>\n<ul>\n<li>Kabina wykonana z wysokiej jako\u015bci akrylu<\/li>\n<li>Drzwi w ramie (bia\u0142e) - szk\u0142o przezroczyste<\/li>\n<li>Odp\u0142yw<\/li>\n<li>Odpowietrznik<\/li>\n<\/ul>\n<p><strong>Prysznic<\/strong><\/p>\n<ul>\n<li>Bateria termostatyczna<\/li>\n<li>Prysznic r\u0119czny i suwak<\/li>\n<li>Prysznic dachowy 300 mm<\/li>\n<li>T\u0142uszcz z bocznego prysznica (6 sztuk)<\/li>\n<\/ul>\n<p><strong>O\u015bwietlenie <\/strong><\/p>\n<ul>\n<li>O\u015bwietlenie LED (2 szt.)<\/li>\n<\/ul>\n<p><strong>Steam<\/strong><\/p>\n<ul>\n<li>Generatory pary Steam Deluxe ze sterownikami (3 kW - tylko Colorado Twin = 4,5 kW)<\/li>\n<li>Aromaterapia (automatyczne dozowanie 2 zapach\u00f3w)<\/li>\n<li>Plastikowy wlot pary bia\u0142y<\/li>\n<li>Elementy steruj\u0105ce Steam Deluxe powinny by\u0107 umieszczone na zewn\u0105trz kabiny.<\/li>\n<\/ul>\n<p><strong>Muzyka<\/strong><\/p>\n<ul>\n<li>Modu\u0142 Bluetooth z 2 g\u0142o\u015bnikami<\/li>\n<\/ul>\n<h4><\/h4>\n<h4>KABINA CLEOPATRA WELLNESS<\/h4>\n<p><span data-contrast=\"auto\">Kleopatra<\/span><b><span data-contrast=\"auto\">Kabina parowa i odnowy biologicznej<\/span><\/b><span data-contrast=\"auto\">Hawaii Twin 550 to wysokiej jako\u015bci kabina, kt\u00f3ra zachwyca konsument\u00f3w od ponad 3 dekad. Kabina, kt\u00f3ra b\u0119dzie pi\u0119kna, ciep\u0142a i sprawna przez lata.<\/span><span data-ccp-props=\"{&quot;201341983&quot;:0,&quot;335559738&quot;:100,&quot;335559739&quot;:200,&quot;335559740&quot;:276}\">\u00a0<\/span><\/p>\n<p><span data-contrast=\"auto\">Kabina parowa i wellness Hawaii Twin 550 jest wykonana z bia\u0142ego akrylu, kt\u00f3ry zapewnia szybkie i ca\u0142kowite odczuwanie ciep\u0142a i pary. Akryl jest \u0142atwy w utrzymaniu; po 20 latach kabina nadal b\u0119dzie wygl\u0105da\u0107 jak nowa!<\/span><span data-ccp-props=\"{&quot;201341983&quot;:0,&quot;335559738&quot;:100,&quot;335559739&quot;:200,&quot;335559740&quot;:276}\">\u00a0<\/span><\/p>\n<p><span data-contrast=\"auto\">Kabina ma dwa wygodne fotele i niewielkie wymiary:<\/span><span data-ccp-props=\"{&quot;201341983&quot;:0,&quot;335559738&quot;:100,&quot;335559739&quot;:200,&quot;335559740&quot;:276}\">\u00a0<\/span><\/p>\n<p><span data-contrast=\"auto\">Wbudowany naro\u017cnik: 1270 x 1270 mm<\/span><span data-ccp-props=\"{&quot;201341983&quot;:0,&quot;335559738&quot;:100,&quot;335559739&quot;:200,&quot;335559740&quot;:276}\">\u00a0<\/span><\/p>\n<p><span data-contrast=\"auto\">Ci\u0119cie proste: 1510 x 1070 mm<\/span><span data-ccp-props=\"{&quot;201341983&quot;:0,&quot;335559738&quot;:100,&quot;335559739&quot;:200,&quot;335559740&quot;:276}\">\u00a0<\/span><\/p>\n<p><span data-contrast=\"auto\">Wysoko\u015b\u0107 netto: 2230 mm<\/span><span data-ccp-props=\"{&quot;201341983&quot;:0,&quot;335559738&quot;:100,&quot;335559739&quot;:200,&quot;335559740&quot;:276}\">\u00a0<\/span><\/p>\n<p><span data-contrast=\"auto\">Rysunki i informacje techniczne dotycz\u0105ce kabiny znajduj\u0105 si\u0119 na dole opisu produktu.<\/span><span data-ccp-props=\"{&quot;201341983&quot;:0,&quot;335559738&quot;:100,&quot;335559739&quot;:200,&quot;335559740&quot;:276}\">\u00a0<\/span><\/p>\n<h4>OPCJE KABINY<\/h4>\n<p><span data-contrast=\"auto\">Mo\u017cesz dopasowa\u0107 kabin\u0119 do swojego gustu i pomieszczenia:<\/span><span data-ccp-props=\"{&quot;201341983&quot;:0,&quot;335559738&quot;:100,&quot;335559739&quot;:200,&quot;335559740&quot;:276}\">\u00a0<\/span><\/p>\n<p><span data-contrast=\"auto\">Szk\u0142o jest dost\u0119pne w wersji przezroczystej, br\u0105zowej i szarej.<\/span><span data-ccp-props=\"{&quot;201341983&quot;:0,&quot;335559738&quot;:100,&quot;335559739&quot;:200,&quot;335559740&quot;:276}\">\u00a0<\/span><\/p>\n<p><span data-contrast=\"auto\">O\u015bcie\u017cnica i uchwyt s\u0105 standardowo w kolorze bia\u0142ym (RAL 9003), ale s\u0105 r\u00f3wnie\u017c dost\u0119pne w wybranym kolorze z palety RAL.<\/span><span data-ccp-props=\"{&quot;201341983&quot;:0,&quot;335559738&quot;:100,&quot;335559739&quot;:200,&quot;335559740&quot;:276}\">\u00a0<\/span><\/p>\n<p><span data-contrast=\"auto\">Chcesz zobaczy\u0107 kabin\u0119? Zapraszamy do naszego<\/span><a href=\"https:\/\/cleopatra.nl\/pl\/contact\/\" target=\"_blank\" rel=\"noopener\"><span data-contrast=\"none\">showroom<\/span><\/a><span data-contrast=\"auto\">w Zaandam.<\/span><\/p>\n<h4>GENERATOR PARY I ODNOWY BIOLOGICZNEJ<\/h4>\n<p><span data-contrast=\"auto\">Generator pary i wellness 3,0 kW 230 V pasuje do urz\u0105dzenia Hawaii Twin 550.<\/span><span data-ccp-props=\"{&quot;201341983&quot;:0,&quot;335559738&quot;:100,&quot;335559739&quot;:200,&quot;335559740&quot;:276}\">\u00a0<\/span><\/p>\n<p><span data-contrast=\"auto\">Cleopatra produkuje w\u0142asne generatory w swojej fabryce w Holandii. Dla u\u017cytkownik\u00f3w prywatnych oferujemy trzy modele generator\u00f3w:<\/span><span data-ccp-props=\"{&quot;201341983&quot;:0,&quot;335559738&quot;:100,&quot;335559739&quot;:200,&quot;335559740&quot;:276}\">\u00a0<\/span><\/p>\n<p><span data-contrast=\"auto\">The<em>\u202f<\/em><\/span><em><strong>Cleo Steam One<\/strong><\/em><span data-contrast=\"auto\"><em>\u202f<\/em>to wysokiej jako\u015bci generator pary ze standardowymi funkcjami.<\/span><span data-ccp-props=\"{&quot;201341983&quot;:0,&quot;335559738&quot;:100,&quot;335559739&quot;:200,&quot;335559740&quot;:276}\">\u00a0<\/span><\/p>\n<p><span data-contrast=\"auto\">The<\/span><span data-contrast=\"none\">\u202f<em><strong>Cleo Steam Smart<\/strong><\/em><\/span><span data-contrast=\"auto\"><em>\u202f<\/em>to nowoczesny generator pary, kt\u00f3ry zmniejsza wahania temperatury i umo\u017cliwia terapi\u0119 \u015bwiat\u0142em (wiele kolorowych \u015bwiate\u0142).<\/span><span data-ccp-props=\"{&quot;201341983&quot;:0,&quot;335559738&quot;:100,&quot;335559739&quot;:200,&quot;335559740&quot;:276}\">\u00a0<\/span><\/p>\n<p><span data-contrast=\"auto\">The<\/span><span data-contrast=\"none\"><em><strong>Cleo Steam Deluxe<\/strong><\/em><\/span><span data-contrast=\"auto\">to kompletny generator wellness, kt\u00f3ry oferuje nast\u0119puj\u0105ce funkcje: para, haloterapia (s\u00f3l zmieszana z par\u0105), terapia zimnem (zimna mgie\u0142ka), terapia \u015bwiat\u0142em, aromaterapia i bezpo\u015brednie po\u0142\u0105czenie z muzyk\u0105 przez Bluetooth.<\/span><span data-ccp-props=\"{&quot;201341983&quot;:0,&quot;335559738&quot;:100,&quot;335559739&quot;:200,&quot;335559740&quot;:276}\">\u00a0<\/span><\/p>\n<p><span data-contrast=\"auto\">Szczeg\u00f3\u0142owe informacje na temat generator\u00f3w Cleopatra mo\u017cna znale\u017a\u0107 na stronie<\/span><a href=\"https:\/\/cleopatra.nl\/pl\/shop\/?_product_categorieen=stoomtechniek-stoomtechniel-prive-shop\" target=\"_blank\" rel=\"noopener\"><span data-contrast=\"none\">tutaj<\/span><\/a><span data-contrast=\"auto\">.<\/span><span data-ccp-props=\"{&quot;201341983&quot;:0,&quot;335559738&quot;:100,&quot;335559739&quot;:200,&quot;335559740&quot;:276}\">\u00a0<\/span><\/p>\n<p><span data-contrast=\"auto\">W tej kabinie generator powinien by\u0107 umieszczony na zewn\u0105trz. W pobli\u017cu kabiny powinno znajdowa\u0107 si\u0119 ma\u0142e pomieszczenie techniczne.<\/span><span data-ccp-props=\"{&quot;201341983&quot;:0,&quot;335559738&quot;:100,&quot;335559739&quot;:200,&quot;335559740&quot;:276}\"> Upewnij si\u0119, \u017ce elementy steruj\u0105ce znajduj\u0105 si\u0119 poza kabin\u0105.\u00a0<\/span><\/p>\n<h4>INSTALACJA TECHNOLOGII KABINOWEJ I PAROWEJ<\/h4>\n<p><span data-contrast=\"auto\">Aby zapewni\u0107 bezproblemow\u0105 instalacj\u0119, Cleopatra mo\u017ce zmierzy\u0107 kabin\u0119 i dokona\u0107 inwentaryzacji przestrzeni. Mo\u017cemy r\u00f3wnie\u017c zainstalowa\u0107 kabin\u0119 za dodatkow\u0105 op\u0142at\u0105.<\/span><span data-ccp-props=\"{&quot;201341983&quot;:0,&quot;335559738&quot;:100,&quot;335559739&quot;:200,&quot;335559740&quot;:276}\">\u00a0<\/span><\/p>\n<p><span data-contrast=\"auto\">Us\u0142ugi te s\u0105 dost\u0119pne tylko w krajach Beneluksu.<\/span><span data-ccp-props=\"{&quot;201341983&quot;:0,&quot;335559738&quot;:100,&quot;335559739&quot;:200,&quot;335559740&quot;:276}\">\u00a0<\/span><\/p>\n<p><span data-contrast=\"auto\">Chcesz dowiedzie\u0107 si\u0119 wi\u0119cej?W takim razie we\u017a<\/span><em><strong><a href=\"https:\/\/cleopatra.nl\/pl\/contact\/\" target=\"_blank\" rel=\"noopener\">kontakt<\/a><\/strong><\/em><span data-contrast=\"auto\"><em><strong>\u202f<\/strong><\/em>z nami.<\/span><span data-ccp-props=\"{&quot;201341983&quot;:0,&quot;335559738&quot;:100,&quot;335559739&quot;:200,&quot;335559740&quot;:276}\">\u00a0<\/span><\/p>","protected":false},"excerpt":{"rendered":"<p><span data-contrast=\"auto\">Kleopatra<\/span><b><span data-contrast=\"auto\">Kabina parowa i odnowy biologicznej<\/span><\/b><span data-contrast=\"auto\">Hawaii Twin 550 to wysokiej jako\u015bci kabina, kt\u00f3ra zachwyca konsument\u00f3w od ponad 3 dekad. Kabina, kt\u00f3ra b\u0119dzie pi\u0119kna, ciep\u0142a i sprawna przez lata.<\/span><span data-ccp-props=\"{&quot;201341983&quot;:0,&quot;335559738&quot;:100,&quot;335559739&quot;:200,&quot;335559740&quot;:276}\">\u00a0<\/span><\/p>\n<p><span data-contrast=\"auto\">Kabina parowa i wellness Hawaii Twin 550 jest wykonana z bia\u0142ego akrylu, kt\u00f3ry zapewnia szybkie i ca\u0142kowite odczuwanie ciep\u0142a i pary. Akryl jest \u0142atwy w utrzymaniu; po 20 latach kabina nadal b\u0119dzie wygl\u0105da\u0107 jak nowa!<\/span><span data-ccp-props=\"{&quot;201341983&quot;:0,&quot;335559738&quot;:100,&quot;335559739&quot;:200,&quot;335559740&quot;:276}\">\u00a0<\/span><\/p>\n<p><span data-contrast=\"auto\">Kabina ma dwa wygodne fotele i niewielkie wymiary:<\/span><span data-ccp-props=\"{&quot;201341983&quot;:0,&quot;335559738&quot;:100,&quot;335559739&quot;:200,&quot;335559740&quot;:276}\">\u00a0<\/span><\/p>\n<p><span data-contrast=\"auto\">Wbudowany naro\u017cnik: 1270 x 1270 mm<\/span><span data-ccp-props=\"{&quot;201341983&quot;:0,&quot;335559738&quot;:100,&quot;335559739&quot;:200,&quot;335559740&quot;:276}\">\u00a0<\/span><\/p>\n<p><span data-contrast=\"auto\">Ci\u0119cie proste: 1510 x 1070 mm<\/span><span data-ccp-props=\"{&quot;201341983&quot;:0,&quot;335559738&quot;:100,&quot;335559739&quot;:200,&quot;335559740&quot;:276}\">\u00a0<\/span><\/p>\n<p><span data-contrast=\"auto\">Wysoko\u015b\u0107 netto: 2230 mm<\/span><span data-ccp-props=\"{&quot;201341983&quot;:0,&quot;335559738&quot;:100,&quot;335559739&quot;:200,&quot;335559740&quot;:276}\">\u00a0<\/span><\/p>\n<p><span data-contrast=\"auto\">Rysunki i informacje techniczne dotycz\u0105ce kabiny znajduj\u0105 si\u0119 na dole opisu produktu.<\/span><span data-ccp-props=\"{&quot;201341983&quot;:0,&quot;335559738&quot;:100,&quot;335559739&quot;:200,&quot;335559740&quot;:276}\">\u00a0<\/span><\/p>\n<p>&nbsp;<\/p>","protected":false},"featured_media":3577,"template":"","format":"standard","meta":{"_acf_changed":false},"product_brand":[347],"product_cat":[71,82,74],"product_tag":[],"class_list":{"0":"post-3352","1":"product","2":"type-product","3":"status-publish","4":"format-standard","5":"has-post-thumbnail","7":"product_brand-cleopatra","8":"product_cat-shop","9":"product_cat-delta-line","10":"product_cat-douche-stoomcabines","12":"first","13":"onbackorder","14":"taxable","15":"shipping-taxable","16":"purchasable","17":"product-type-simple"},"acf":[],"_links":{"self":[{"href":"https:\/\/cleopatra.nl\/pl\/wp-json\/wp\/v2\/product\/3352","targetHints":{"allow":["GET"]}}],"collection":[{"href":"https:\/\/cleopatra.nl\/pl\/wp-json\/wp\/v2\/product"}],"about":[{"href":"https:\/\/cleopatra.nl\/pl\/wp-json\/wp\/v2\/types\/product"}],"wp:featuredmedia":[{"embeddable":true,"href":"https:\/\/cleopatra.nl\/pl\/wp-json\/wp\/v2\/media\/3577"}],"wp:attachment":[{"href":"https:\/\/cleopatra.nl\/pl\/wp-json\/wp\/v2\/media?parent=3352"}],"wp:term":[{"taxonomy":"product_brand","embeddable":true,"href":"https:\/\/cleopatra.nl\/pl\/wp-json\/wp\/v2\/product_brand?post=3352"},{"taxonomy":"product_cat","embeddable":true,"href":"https:\/\/cleopatra.nl\/pl\/wp-json\/wp\/v2\/product_cat?post=3352"},{"taxonomy":"product_tag","embeddable":true,"href":"https:\/\/cleopatra.nl\/pl\/wp-json\/wp\/v2\/product_tag?post=3352"}],"curies":[{"name":"wp","href":"https:\/\/api.w.org\/{rel}","templated":true}]}}