{"id":3362,"date":"2022-04-27T21:12:18","date_gmt":"2022-04-27T19:12:18","guid":{"rendered":"https:\/\/cleopatra.medialoods.com\/?post_type=product&#038;p=3362"},"modified":"2026-04-26T23:19:41","modified_gmt":"2026-04-26T21:19:41","slug":"verlichtingsset-spots-basic-incl-drukknop","status":"publish","type":"product","link":"https:\/\/cleopatra.nl\/pl\/shop\/verlichtingsset-spots\/","title":{"rendered":"Zestaw o\u015bwietlenia punktowego Basic | z przyciskiem"},"content":{"rendered":"<p>Ten zestaw o\u015bwietleniowy mo\u017ce by\u0107 obs\u0142ugiwany za pomoc\u0105 oddzielnego przycisku; nadaje si\u0119 do monta\u017cu w \u0142a\u017ani parowej. Funkcje w\u0142\u0105czania\/wy\u0142\u0105czania oraz obracania kolor\u00f3w.<\/p>\n<ul>\n<li>2 x reflektory LED RGB\/bia\u0142e z przyciskiem<\/li>\n<li>4 x LED RGB\/bia\u0142e punkty z przyciskiem<\/li>\n<li>6 x LED RGB\/bia\u0142e punkty z przyciskiem<\/li>\n<\/ul>\n<p>&nbsp;<\/p>\n<p><strong>ZAKRES DOSTAWY<\/strong><\/p>\n<ul>\n<li>Reflektory LED<\/li>\n<li>Electronicabox<\/li>\n<li>Przycisk<\/li>\n<\/ul>\n<p>&nbsp;<\/p>\n<p><strong>R\u0118CZNY<\/strong><\/p>","protected":false},"excerpt":{"rendered":"<p>Ten zestaw o\u015bwietleniowy mo\u017ce by\u0107 obs\u0142ugiwany za pomoc\u0105 oddzielnego przycisku; nadaje si\u0119 do monta\u017cu w \u0142a\u017ani parowej. Funkcje w\u0142\u0105czania\/wy\u0142\u0105czania oraz obracania kolor\u00f3w.<\/p>","protected":false},"featured_media":3363,"template":"","format":"standard","meta":{"_acf_changed":false},"product_brand":[347],"product_cat":[71,78,90],"product_tag":[],"class_list":{"0":"post-3362","1":"product","2":"type-product","3":"status-publish","4":"format-standard","5":"has-post-thumbnail","7":"product_brand-cleopatra","8":"product_cat-shop","9":"product_cat-modulair-stoom","10":"product_cat-opties-specificaties","12":"first","13":"instock","14":"taxable","15":"shipping-taxable","16":"purchasable","17":"product-type-simple"},"acf":[],"_links":{"self":[{"href":"https:\/\/cleopatra.nl\/pl\/wp-json\/wp\/v2\/product\/3362","targetHints":{"allow":["GET"]}}],"collection":[{"href":"https:\/\/cleopatra.nl\/pl\/wp-json\/wp\/v2\/product"}],"about":[{"href":"https:\/\/cleopatra.nl\/pl\/wp-json\/wp\/v2\/types\/product"}],"wp:featuredmedia":[{"embeddable":true,"href":"https:\/\/cleopatra.nl\/pl\/wp-json\/wp\/v2\/media\/3363"}],"wp:attachment":[{"href":"https:\/\/cleopatra.nl\/pl\/wp-json\/wp\/v2\/media?parent=3362"}],"wp:term":[{"taxonomy":"product_brand","embeddable":true,"href":"https:\/\/cleopatra.nl\/pl\/wp-json\/wp\/v2\/product_brand?post=3362"},{"taxonomy":"product_cat","embeddable":true,"href":"https:\/\/cleopatra.nl\/pl\/wp-json\/wp\/v2\/product_cat?post=3362"},{"taxonomy":"product_tag","embeddable":true,"href":"https:\/\/cleopatra.nl\/pl\/wp-json\/wp\/v2\/product_tag?post=3362"}],"curies":[{"name":"wp","href":"https:\/\/api.w.org\/{rel}","templated":true}]}}