{"id":3376,"date":"2022-04-27T21:28:30","date_gmt":"2022-04-27T19:28:30","guid":{"rendered":"https:\/\/cleopatra.medialoods.com\/?post_type=product&#038;p=3376"},"modified":"2026-04-27T14:33:09","modified_gmt":"2026-04-27T12:33:09","slug":"stoombad-deur-m1","status":"publish","type":"product","link":"https:\/\/cleopatra.nl\/pl\/shop\/modulair-stoom\/stoom-deuren-vensters\/stoomdeur-m1\/","title":{"rendered":"Drzwi \u0142a\u017ani parowej M1"},"content":{"rendered":"<p><span data-contrast=\"auto\">Kleopatra<\/span><b><span data-contrast=\"auto\">drzwi do \u0142a\u017ani parowej<\/span><\/b><span data-contrast=\"auto\">M1 to wysokiej jako\u015bci drzwi opracowane specjalnie do u\u017cytku w prywatnej lub profesjonalnej \u0142a\u017ani parowej.<\/span><span data-ccp-props=\"{&quot;201341983&quot;:0,&quot;335559738&quot;:100,&quot;335559739&quot;:200,&quot;335559740&quot;:276}\">\u00a0<\/span><\/p>\n<p><span data-contrast=\"auto\">Drzwi \u0142a\u017ani parowej M1 s\u0105 wyposa\u017cone w bezpieczne szk\u0142o o grubo\u015bci 8 mm.<\/span><span data-ccp-props=\"{&quot;201341983&quot;:0,&quot;335559738&quot;:100,&quot;335559739&quot;:200,&quot;335559740&quot;:276}\">\u00a0<\/span><\/p>\n<p><span data-contrast=\"auto\">Drzwi \u0142a\u017ani parowej s\u0105 dost\u0119pne w nast\u0119puj\u0105cych wymiarach i z zawiasami po prawej lub lewej stronie drzwi:<\/span><span data-ccp-props=\"{&quot;201341983&quot;:0,&quot;335559738&quot;:100,&quot;335559739&quot;:200,&quot;335559740&quot;:276}\">\u00a0<\/span><\/p>\n<p><span data-contrast=\"auto\">1900 x 750 mm prawy<\/span><span data-ccp-props=\"{&quot;201341983&quot;:0,&quot;335559738&quot;:100,&quot;335559739&quot;:200,&quot;335559740&quot;:276}\">\u00a0<\/span><\/p>\n<p><span data-contrast=\"auto\">1900 x 750 mm lewy<\/span><span data-ccp-props=\"{&quot;201341983&quot;:0,&quot;335559738&quot;:100,&quot;335559739&quot;:200,&quot;335559740&quot;:276}\">\u00a0<\/span><\/p>\n<p><span data-contrast=\"auto\">2050 x 750 mm prawy<\/span><span data-ccp-props=\"{&quot;201341983&quot;:0,&quot;335559738&quot;:100,&quot;335559739&quot;:200,&quot;335559740&quot;:276}\">\u00a0<\/span><\/p>\n<p><span data-contrast=\"auto\">2050 x 750 mm lewy<\/span><span data-ccp-props=\"{&quot;201341983&quot;:0,&quot;335559738&quot;:100,&quot;335559739&quot;:200,&quot;335559740&quot;:276}\">\u00a0<\/span><\/p>\n<p><span data-contrast=\"auto\">1900 x 1000 mm prawy<\/span><span data-ccp-props=\"{&quot;201341983&quot;:0,&quot;335559738&quot;:100,&quot;335559739&quot;:200,&quot;335559740&quot;:276}\">\u00a0<\/span><\/p>\n<p><span data-contrast=\"auto\">1900 x 1000 mm. lewa<\/span><span data-ccp-props=\"{&quot;201341983&quot;:0,&quot;335559738&quot;:100,&quot;335559739&quot;:200,&quot;335559740&quot;:276}\">\u00a0<\/span><\/p>\n<p><span data-contrast=\"auto\">2050 x 1000 mm prawy<\/span><span data-ccp-props=\"{&quot;201341983&quot;:0,&quot;335559738&quot;:100,&quot;335559739&quot;:200,&quot;335559740&quot;:276}\">\u00a0<\/span><\/p>\n<p><span data-contrast=\"auto\">2050 x 1000 mm. lewa<\/span><span data-ccp-props=\"{&quot;201341983&quot;:0,&quot;335559738&quot;:100,&quot;335559739&quot;:200,&quot;335559740&quot;:276}\">\u00a0<\/span><\/p>\n<p><span data-contrast=\"auto\">Dost\u0119pnych jest r\u00f3wnie\u017c wiele opcji koloru szk\u0142a:<\/span><span data-ccp-props=\"{&quot;201341983&quot;:0,&quot;335559738&quot;:100,&quot;335559739&quot;:200,&quot;335559740&quot;:276}\">\u00a0<\/span><\/p>\n<ul>\n<li><span data-contrast=\"auto\">Przezroczysty<\/span><span data-ccp-props=\"{&quot;201341983&quot;:0,&quot;335559738&quot;:100,&quot;335559739&quot;:200,&quot;335559740&quot;:276}\">\u00a0<\/span><\/li>\n<li><span data-contrast=\"auto\">Br\u0105z<\/span><span data-ccp-props=\"{&quot;201341983&quot;:0,&quot;335559738&quot;:100,&quot;335559739&quot;:200,&quot;335559740&quot;:276}\">\u00a0<\/span><\/li>\n<li><span data-contrast=\"auto\">Szary<\/span><span data-ccp-props=\"{&quot;201341983&quot;:0,&quot;335559738&quot;:100,&quot;335559739&quot;:200,&quot;335559740&quot;:276}\">\u00a0<\/span><\/li>\n<\/ul>\n<p><strong>(Kolory inne ni\u017c standardowe mo\u017cna zam\u00f3wi\u0107 na \u017cyczenie).<\/strong><\/p>\n<p>(cena\u00a0<strong>z wy\u0142.<\/strong>\u00a0po\u015brednictwo i doradztwo na miejscu).<\/p>\n<p><span data-contrast=\"auto\">Instrukcje monta\u017cu tych drzwi mo\u017cna znale\u017a\u0107 poni\u017cej.<\/span><span data-ccp-props=\"{&quot;201341983&quot;:0,&quot;335559738&quot;:100,&quot;335559739&quot;:200,&quot;335559740&quot;:276}\">\u00a0<\/span><\/p>\n<p><span data-contrast=\"auto\">Jakie\u015b pytania? Je\u015bli tak, prosimy o kontakt<\/span><a href=\"https:\/\/cleopatra.nl\/pl\/contact\/\" target=\"_blank\" rel=\"noopener\"><span data-contrast=\"none\">kontakt<\/span><\/a><span data-contrast=\"auto\">z nami!<\/span><span data-ccp-props=\"{&quot;201341983&quot;:0,&quot;335559738&quot;:100,&quot;335559739&quot;:200,&quot;335559740&quot;:276}\">\u00a0<\/span><\/p>\n<p><span data-contrast=\"auto\">Chcesz zobaczy\u0107 ten produkt? Zapraszamy do naszego<\/span><a href=\"https:\/\/cleopatra.nl\/pl\/contact\/\" target=\"_blank\" rel=\"noopener\"><span data-contrast=\"none\">showroom<\/span><\/a><span data-contrast=\"auto\">w Zaandam!<\/span><\/p>\n<p>&nbsp;<\/p>\n<p><strong>R\u0118CZNY<\/strong><\/p>\n<p>Pobierz tutaj <a href=\"https:\/\/cleopatra.nl\/wp-content\/uploads\/90121901_M1_DEUREN_NL_EN_DE.pdf\">instrukcja<\/a><\/p>","protected":false},"excerpt":{"rendered":"<p><span data-contrast=\"auto\">Kleopatra<\/span><b><span data-contrast=\"auto\">drzwi do \u0142a\u017ani parowej<\/span><\/b><span data-contrast=\"auto\">M1 to wysokiej jako\u015bci drzwi opracowane specjalnie do u\u017cytku w prywatnej lub profesjonalnej \u0142a\u017ani parowej.<\/span><span data-ccp-props=\"{&quot;201341983&quot;:0,&quot;335559738&quot;:100,&quot;335559739&quot;:200,&quot;335559740&quot;:276}\">\u00a0<\/span><\/p>","protected":false},"featured_media":3379,"template":"","format":"standard","meta":{"_acf_changed":false},"product_brand":[347],"product_cat":[92,78,71],"product_tag":[],"class_list":{"0":"post-3376","1":"product","2":"type-product","3":"status-publish","4":"format-standard","5":"has-post-thumbnail","7":"product_brand-cleopatra","8":"product_cat-stoom-deuren-vensters","9":"product_cat-modulair-stoom","10":"product_cat-shop","12":"first","13":"instock","14":"taxable","15":"shipping-taxable","16":"purchasable","17":"product-type-simple"},"acf":[],"_links":{"self":[{"href":"https:\/\/cleopatra.nl\/pl\/wp-json\/wp\/v2\/product\/3376","targetHints":{"allow":["GET"]}}],"collection":[{"href":"https:\/\/cleopatra.nl\/pl\/wp-json\/wp\/v2\/product"}],"about":[{"href":"https:\/\/cleopatra.nl\/pl\/wp-json\/wp\/v2\/types\/product"}],"wp:featuredmedia":[{"embeddable":true,"href":"https:\/\/cleopatra.nl\/pl\/wp-json\/wp\/v2\/media\/3379"}],"wp:attachment":[{"href":"https:\/\/cleopatra.nl\/pl\/wp-json\/wp\/v2\/media?parent=3376"}],"wp:term":[{"taxonomy":"product_brand","embeddable":true,"href":"https:\/\/cleopatra.nl\/pl\/wp-json\/wp\/v2\/product_brand?post=3376"},{"taxonomy":"product_cat","embeddable":true,"href":"https:\/\/cleopatra.nl\/pl\/wp-json\/wp\/v2\/product_cat?post=3376"},{"taxonomy":"product_tag","embeddable":true,"href":"https:\/\/cleopatra.nl\/pl\/wp-json\/wp\/v2\/product_tag?post=3376"}],"curies":[{"name":"wp","href":"https:\/\/api.w.org\/{rel}","templated":true}]}}