{"id":3611,"date":"2022-05-01T14:39:21","date_gmt":"2022-05-01T12:39:21","guid":{"rendered":"https:\/\/cleopatra.medialoods.com\/?post_type=product&#038;p=3611"},"modified":"2025-01-02T11:29:48","modified_gmt":"2025-01-02T10:29:48","slug":"sauna-lepel-grijs","status":"publish","type":"product","link":"https:\/\/cleopatra.nl\/pl\/shop\/sauna-accessoires\/emmers-lepels\/sauna-lepel-grijs\/","title":{"rendered":"\u0141y\u017cka do sauny szara"},"content":{"rendered":"<p>\u0141y\u017cka do sauny szara<\/p>\n<ul>\n<li>Aluminiowa \u0142y\u017cka z drewnian\u0105 r\u0105czk\u0105<\/li>\n<li>D\u0142ugo\u015b\u0107 46 cm<\/li>\n<\/ul>","protected":false},"excerpt":{"rendered":"<p>\u0141y\u017cka do sauny szara Aluminiowa \u0142y\u017cka z drewnian\u0105 r\u0105czk\u0105 D\u0142ugo\u015b\u0107 46 cm<\/p>","protected":false},"featured_media":3715,"template":"","format":"standard","meta":{"_acf_changed":false},"product_brand":[],"product_cat":[94,71,79],"product_tag":[213],"class_list":{"0":"post-3611","1":"product","2":"type-product","3":"status-publish","4":"format-standard","5":"has-post-thumbnail","7":"product_cat-emmers-lepels","8":"product_cat-shop","9":"product_cat-sauna-accessoires","10":"product_tag-sauna-lepel","12":"first","13":"instock","14":"taxable","15":"shipping-taxable","16":"purchasable","17":"product-type-simple"},"acf":[],"_links":{"self":[{"href":"https:\/\/cleopatra.nl\/pl\/wp-json\/wp\/v2\/product\/3611","targetHints":{"allow":["GET"]}}],"collection":[{"href":"https:\/\/cleopatra.nl\/pl\/wp-json\/wp\/v2\/product"}],"about":[{"href":"https:\/\/cleopatra.nl\/pl\/wp-json\/wp\/v2\/types\/product"}],"wp:featuredmedia":[{"embeddable":true,"href":"https:\/\/cleopatra.nl\/pl\/wp-json\/wp\/v2\/media\/3715"}],"wp:attachment":[{"href":"https:\/\/cleopatra.nl\/pl\/wp-json\/wp\/v2\/media?parent=3611"}],"wp:term":[{"taxonomy":"product_brand","embeddable":true,"href":"https:\/\/cleopatra.nl\/pl\/wp-json\/wp\/v2\/product_brand?post=3611"},{"taxonomy":"product_cat","embeddable":true,"href":"https:\/\/cleopatra.nl\/pl\/wp-json\/wp\/v2\/product_cat?post=3611"},{"taxonomy":"product_tag","embeddable":true,"href":"https:\/\/cleopatra.nl\/pl\/wp-json\/wp\/v2\/product_tag?post=3611"}],"curies":[{"name":"wp","href":"https:\/\/api.w.org\/{rel}","templated":true}]}}