{"id":3963,"date":"2022-05-18T14:18:39","date_gmt":"2022-05-18T12:18:39","guid":{"rendered":"https:\/\/cleopatra.nl\/?post_type=product&#038;p=3963"},"modified":"2026-04-26T21:18:54","modified_gmt":"2026-04-26T19:18:54","slug":"infrarood-cabine-100-103x103cm","status":"publish","type":"product","link":"https:\/\/cleopatra.nl\/pl\/shop\/modulair-stoom\/stoom-deuren-vensters\/stoomdeur-m1-kopie\/","title":{"rendered":"Kabina na podczerwie\u0144 100 | 103x103cm"},"content":{"rendered":"<p>Pi\u0119kna, przyjazna dla u\u017cytkownika 1-osobowa kabina na podczerwie\u0144. Dzi\u0119ki niewielkim rozmiarom, kabin\u0119 na podczerwie\u0144 mo\u017cna umie\u015bci\u0107 w niemal ka\u017cdym pomieszczeniu: sypialni, pokoju sportowym itp. Odwied\u017a <a href=\"https:\/\/cleopatra.nl\/pl\/contact\/\" target=\"_blank\" rel=\"noopener\">kontakt<\/a> aby uzyska\u0107 wi\u0119cej informacji.<\/p>\n<h4><strong><br \/>\nKOLOR DREWNA<\/strong><\/h4>\n<p style=\"text-align: left;\">Wersja Aspen - 84001100<br \/>\nWersja Aspen HT - 84001150<br \/>\nWersja Aspen HT dark - 84001160<\/p>\n<h4><strong><br \/>\nWERSJA STANDARDOWA<\/strong><\/h4>\n<p>- Promienniki podczerwieni (z mo\u017cliwo\u015bci\u0105 \u015bciemniania): 2 sztuki (plecy i \u0142ydki) - 2 x 500W<br \/>\n- Panel dotykowy<br \/>\n- Kolorowe pod\u015bwietlenie RGB (w tym automatyczna zmiana kolor\u00f3w)<br \/>\n- Aluminiowa rama i o\u015bcie\u017cnica w kolorze antracytowym<\/p>\n<h4><strong><br \/>\nOPCJONALNIE<\/strong><\/h4>\n<p>- Poduszka siedziska<br \/>\n- Modu\u0142 muzyczny Bluetooth z g\u0142o\u015bnikiem<br \/>\n- Dodatkowe grzejniki (2 sztuki) - 2 x 500W<\/p>\n<h4><strong><br \/>\nWYMIARY<\/strong><\/h4>\n<p>1030 x 1030 mm<\/p>\n<h4><strong><br \/>\nWI\u0118CEJ INFORMACJI\u00a0<\/strong><\/h4>\n<p><a href=\"https:\/\/cleopatra.nl\/pl\/infrarood-cabines\/over-infraroodsaunas\/?_gl=1*npjp3w*_up*MQ..*_ga*NTQ5OTIxNjc0LjE3MTI1MDUzMDU.*_ga_GNYGLDV3HQ*MTcxMjUwOTY0NS4yLjAuMTcxMjUwOTY0NS4wLjAuMA..\">Zalety podczerwieni<\/a><\/p>\n<h4><strong><br \/>\nKATALOG<\/strong><\/h4>\n<p>Dla katalogu <a href=\"https:\/\/cleopatra.nl\/wp-content\/uploads\/CLEOPATRA-SAUNA-INFRAROOD-2023-NL.pdf\" target=\"_blank\" rel=\"noopener\">kliknij tutaj<\/a>.<\/p>","protected":false},"excerpt":{"rendered":"<p>Pi\u0119kna, przyjazna dla u\u017cytkownika 1-osobowa kabina na podczerwie\u0144. Dzi\u0119ki niewielkim rozmiarom, kabin\u0119 na podczerwie\u0144 mo\u017cna umie\u015bci\u0107 w niemal ka\u017cdym pomieszczeniu: sypialni, pokoju sportowym itp. Odwied\u017a <a href=\"https:\/\/cleopatra.nl\/pl\/contact\/\" target=\"_blank\" rel=\"noopener\">kontakt<\/a> aby uzyska\u0107 wi\u0119cej informacji.<\/p>","protected":false},"featured_media":3994,"template":"","format":"standard","meta":{"_acf_changed":false},"product_brand":[347],"product_cat":[71,236,274],"product_tag":[],"class_list":{"0":"post-3963","1":"product","2":"type-product","3":"status-publish","4":"format-standard","5":"has-post-thumbnail","7":"product_brand-cleopatra","8":"product_cat-shop","9":"product_cat-infrarood-cabine","10":"product_cat-infrarood-cabines","12":"first","13":"onbackorder","14":"taxable","15":"shipping-taxable","16":"purchasable","17":"product-type-simple"},"acf":[],"_links":{"self":[{"href":"https:\/\/cleopatra.nl\/pl\/wp-json\/wp\/v2\/product\/3963","targetHints":{"allow":["GET"]}}],"collection":[{"href":"https:\/\/cleopatra.nl\/pl\/wp-json\/wp\/v2\/product"}],"about":[{"href":"https:\/\/cleopatra.nl\/pl\/wp-json\/wp\/v2\/types\/product"}],"wp:featuredmedia":[{"embeddable":true,"href":"https:\/\/cleopatra.nl\/pl\/wp-json\/wp\/v2\/media\/3994"}],"wp:attachment":[{"href":"https:\/\/cleopatra.nl\/pl\/wp-json\/wp\/v2\/media?parent=3963"}],"wp:term":[{"taxonomy":"product_brand","embeddable":true,"href":"https:\/\/cleopatra.nl\/pl\/wp-json\/wp\/v2\/product_brand?post=3963"},{"taxonomy":"product_cat","embeddable":true,"href":"https:\/\/cleopatra.nl\/pl\/wp-json\/wp\/v2\/product_cat?post=3963"},{"taxonomy":"product_tag","embeddable":true,"href":"https:\/\/cleopatra.nl\/pl\/wp-json\/wp\/v2\/product_tag?post=3963"}],"curies":[{"name":"wp","href":"https:\/\/api.w.org\/{rel}","templated":true}]}}