{"id":6457,"date":"2024-01-05T12:45:27","date_gmt":"2024-01-05T11:45:27","guid":{"rendered":"https:\/\/cleopatra.nl\/?post_type=product&#038;p=6457"},"modified":"2026-04-26T21:18:58","modified_gmt":"2026-04-26T19:18:58","slug":"stoombad-melk-5-liter-eucamint-original","status":"publish","type":"product","link":"https:\/\/cleopatra.nl\/pl\/shop\/bad-sauna-stoombad-geuren\/stoombad-melk-5-liter-eucamint-original\/","title":{"rendered":"Mleko do k\u0105pieli parowej | 5 litr\u00f3w | Eucamint (Original)"},"content":{"rendered":"<h2><strong>Mleko do k\u0105pieli parowej Kleopatra<\/strong><\/h2>\n<p>Kleopatra\u00a0<strong>mleko do \u0142a\u017ani parowej<\/strong> to wysokiej jako\u015bci zapachy u\u017cywane zar\u00f3wno przez osoby prywatne, jak i profesjonalist\u00f3w. Zapachy do \u0142a\u017ani parowej s\u0105 wykonane z czystego olejku eterycznego 100% i bezzapachowych adiuwant\u00f3w. Idealne do aromaterapii w \u0142a\u017ani parowej lub Hammam. Jest to<strong> orygina\u0142<\/strong> wersja nierozcie\u0144czona, a tak\u017ce chroniona receptura, kt\u00f3r\u0105 Cleopatra sprzedaje od 40 lat. I od razu to zauwa\u017casz - potrzebujesz mniej zapachu, aby uzyska\u0107 doskona\u0142y efekt. Dodatek mleka wskazuje na bia\u0142\u0105 substancj\u0119.<\/p>\n<p>Mleczko Eucamint ma bardziej intensywny zapach ni\u017c eukaliptus, dzi\u0119ki dodaniu odrobiny mi\u0119ty. Wspania\u0142y dla odmiany lub dla prawdziwego mi\u0142o\u015bnika.<\/p>\n<p>Mleko jest dostarczane w 5-litrowych beczkach.<\/p>\n<p>Dawkowanie: Rozcie\u0144czy\u0107 wod\u0105 (1 cz\u0119\u015b\u0107 zapachu na 5 cz\u0119\u015bci wody).<\/p>\n<p>Okres trwa\u0142o\u015bci: 12 miesi\u0119cy.<\/p>","protected":false},"excerpt":{"rendered":"<p>Kleopatra\u00a0<strong>mleko do \u0142a\u017ani parowej<\/strong> to wysokiej jako\u015bci zapachy u\u017cywane zar\u00f3wno przez osoby prywatne, jak i profesjonalist\u00f3w. Zapachy do \u0142a\u017ani parowej s\u0105 wykonane z czystego olejku eterycznego 100% i bezzapachowych adiuwant\u00f3w. Idealne do aromaterapii w \u0142a\u017ani parowej lub Hammam. Jest to<strong> orygina\u0142<\/strong> wersja nierozcie\u0144czona, a tak\u017ce chroniona receptura, kt\u00f3r\u0105 Cleopatra sprzedaje od 40 lat. I od razu to zauwa\u017casz - potrzebujesz mniej zapachu, aby uzyska\u0107 doskona\u0142y efekt. Dodatek mleka wskazuje na bia\u0142\u0105 substancj\u0119.<\/p>","protected":false},"featured_media":3175,"template":"","format":"standard","meta":{"_acf_changed":false},"product_brand":[347],"product_cat":[77,71],"product_tag":[],"class_list":{"0":"post-6457","1":"product","2":"type-product","3":"status-publish","4":"format-standard","5":"has-post-thumbnail","7":"product_brand-cleopatra","8":"product_cat-bad-sauna-stoombad-geuren","9":"product_cat-shop","11":"first","12":"instock","13":"sale","14":"taxable","15":"shipping-taxable","16":"purchasable","17":"product-type-simple"},"acf":[],"_links":{"self":[{"href":"https:\/\/cleopatra.nl\/pl\/wp-json\/wp\/v2\/product\/6457","targetHints":{"allow":["GET"]}}],"collection":[{"href":"https:\/\/cleopatra.nl\/pl\/wp-json\/wp\/v2\/product"}],"about":[{"href":"https:\/\/cleopatra.nl\/pl\/wp-json\/wp\/v2\/types\/product"}],"wp:featuredmedia":[{"embeddable":true,"href":"https:\/\/cleopatra.nl\/pl\/wp-json\/wp\/v2\/media\/3175"}],"wp:attachment":[{"href":"https:\/\/cleopatra.nl\/pl\/wp-json\/wp\/v2\/media?parent=6457"}],"wp:term":[{"taxonomy":"product_brand","embeddable":true,"href":"https:\/\/cleopatra.nl\/pl\/wp-json\/wp\/v2\/product_brand?post=6457"},{"taxonomy":"product_cat","embeddable":true,"href":"https:\/\/cleopatra.nl\/pl\/wp-json\/wp\/v2\/product_cat?post=6457"},{"taxonomy":"product_tag","embeddable":true,"href":"https:\/\/cleopatra.nl\/pl\/wp-json\/wp\/v2\/product_tag?post=6457"}],"curies":[{"name":"wp","href":"https:\/\/api.w.org\/{rel}","templated":true}]}}