{"id":6731,"date":"2024-04-06T11:51:51","date_gmt":"2024-04-06T09:51:51","guid":{"rendered":"https:\/\/cleopatra.nl\/?post_type=product&#038;p=6731"},"modified":"2026-04-26T21:18:56","modified_gmt":"2026-04-26T19:18:56","slug":"sauna-opgietmiddel-5-liter-dennen","status":"publish","type":"product","link":"https:\/\/cleopatra.nl\/pl\/shop\/bad-sauna-stoombad-geuren\/sauna-opgietmiddel-5-liter-dennen\/","title":{"rendered":"Detergent do sauny | 5 litr\u00f3w | Sosna"},"content":{"rendered":"<h4>CLEOPATRA SAUNA LIQUID | PINE ORIGINAL<\/h4>\n<p>Kleopatra<strong>\u00a0k\u0105piel w saunie<\/strong> sk\u0142ada si\u0119 ze starannie wyselekcjonowanych zi\u00f3\u0142 i olejk\u00f3w eterycznych. Mop do sauny jest idealny do aromaterapii w saunach prywatnych lub profesjonalnych. Zapachy s\u0105 \u015bwie\u017ce i dzia\u0142aj\u0105 pobudzaj\u0105co na drogi oddechowe. Jest to oryginalny zapach Cleopatra, kt\u00f3ry jest sprzedawany w kraju i za granic\u0105 od 40 lat.<\/p>\n<p>Zapachy s\u0105 dostarczane w postaci koncentratu do rozlewania. Oznacza to, \u017ce mo\u017cna je rozcie\u0144cza\u0107 wod\u0105 a\u017c do uzyskania po\u017c\u0105danej si\u0142y zapachu.<\/p>\n<p>Opr\u00f3cz zapachu eukaliptusowego, w asortymencie dost\u0119pne s\u0105 r\u00f3wnie\u017c zapachy eukaliptusowy, lawendowy i rozmarynowy.<\/p>\n<p>Nap\u00f3j musuj\u0105cy jest dostarczany w beczce o pojemno\u015bci 5 litr\u00f3w.<\/p>\n<p>Dawkowanie: Nale\u017cy wymiesza\u0107 jedn\u0105 dawk\u0119 \"zapachu sauny\" z 15 dawkami wody. Mieszank\u0119 mo\u017cna ostro\u017cnie wylewa\u0107 w niewielkich ilo\u015bciach na kamienie pieca.<\/p>","protected":false},"excerpt":{"rendered":"<p>Kleopatra<strong>\u00a0k\u0105piel w saunie<\/strong> sk\u0142ada si\u0119 ze starannie wyselekcjonowanych zi\u00f3\u0142 i olejk\u00f3w eterycznych. Mop do sauny jest idealny do aromaterapii w saunach prywatnych lub profesjonalnych. Zapachy s\u0105 \u015bwie\u017ce i dzia\u0142aj\u0105 pobudzaj\u0105co na drogi oddechowe. Jest to oryginalny zapach Cleopatra, kt\u00f3ry jest sprzedawany w kraju i za granic\u0105 od 40 lat.<\/p>","protected":false},"featured_media":3171,"template":"","format":"standard","meta":{"_acf_changed":false},"product_brand":[347],"product_cat":[77,71],"product_tag":[],"class_list":{"0":"post-6731","1":"product","2":"type-product","3":"status-publish","4":"format-standard","5":"has-post-thumbnail","7":"product_brand-cleopatra","8":"product_cat-bad-sauna-stoombad-geuren","9":"product_cat-shop","11":"first","12":"instock","13":"sale","14":"taxable","15":"shipping-taxable","16":"purchasable","17":"product-type-simple"},"acf":[],"_links":{"self":[{"href":"https:\/\/cleopatra.nl\/pl\/wp-json\/wp\/v2\/product\/6731","targetHints":{"allow":["GET"]}}],"collection":[{"href":"https:\/\/cleopatra.nl\/pl\/wp-json\/wp\/v2\/product"}],"about":[{"href":"https:\/\/cleopatra.nl\/pl\/wp-json\/wp\/v2\/types\/product"}],"wp:featuredmedia":[{"embeddable":true,"href":"https:\/\/cleopatra.nl\/pl\/wp-json\/wp\/v2\/media\/3171"}],"wp:attachment":[{"href":"https:\/\/cleopatra.nl\/pl\/wp-json\/wp\/v2\/media?parent=6731"}],"wp:term":[{"taxonomy":"product_brand","embeddable":true,"href":"https:\/\/cleopatra.nl\/pl\/wp-json\/wp\/v2\/product_brand?post=6731"},{"taxonomy":"product_cat","embeddable":true,"href":"https:\/\/cleopatra.nl\/pl\/wp-json\/wp\/v2\/product_cat?post=6731"},{"taxonomy":"product_tag","embeddable":true,"href":"https:\/\/cleopatra.nl\/pl\/wp-json\/wp\/v2\/product_tag?post=6731"}],"curies":[{"name":"wp","href":"https:\/\/api.w.org\/{rel}","templated":true}]}}