{"id":6745,"date":"2024-04-06T14:40:19","date_gmt":"2024-04-06T12:40:19","guid":{"rendered":"https:\/\/cleopatra.nl\/?post_type=product&#038;p=6745"},"modified":"2026-04-27T13:40:56","modified_gmt":"2026-04-27T11:40:56","slug":"backwall-steam-one-2","status":"publish","type":"product","link":"https:\/\/cleopatra.nl\/pl\/shop\/backwall-steam-one\/","title":{"rendered":"Backwall Steam One"},"content":{"rendered":"<h3><strong>TECHNOLOGIA PARY WEWN\u0118TRZNEJ<\/strong><\/h3>\n<p>Cleopatra BackWall Steam One to przyjazny w monta\u017cu system, kt\u00f3ry umo\u017cliwia \u0142atw\u0105 instalacj\u0119 w pomieszczeniu. <strong>generator pary lub odnowy biologicznej w \u0142a\u017ani parowej<\/strong>\u00a0mo\u017cna zamontowa\u0107.<\/p>\n<p>BackWall sk\u0142ada si\u0119 z regulowanej aluminiowej ramy, w kt\u00f3rej wszystkie elementy parowe s\u0105 wst\u0119pnie zmontowane. Po pod\u0142\u0105czeniu do wody i elektryczno\u015bci \u015bciana BackWall jest gotowa do wy\u0142o\u017cenia p\u0142ytkami. BackWall mo\u017cna umie\u015bci\u0107 przy \u015bcianie lub r\u00f3wno z ni\u0105. W ten spos\u00f3b generator pary jest w pe\u0142ni zintegrowany z \u0142a\u017ani\u0105 parow\u0105. BackWall jest wyposa\u017cony w atrakcyjny panel serwisowy zapewniaj\u0105cy optymalne uszczelnienie; jest on r\u00f3wnie\u017c wyko\u0144czony szklan\u0105 pokryw\u0105. Ten szklany panel jest dost\u0119pny w kolorze bia\u0142ym, szarym lub antracytowym.<\/p>\n<p>Rysunki i wi\u0119cej informacji na temat Cleopatra BackWall Steam mo\u017cna znale\u017a\u0107 w broszurze BackWall na dole tego opisu produktu.<\/p>\n<p>Czy chcia\u0142by\u015b mie\u0107 r\u00f3wnie\u017c prysznic w swojej kabinie? W takim razie BackWall Steam &amp; Shower jest idealny dla Ciebie. Kliknij\u00a0<a href=\"https:\/\/cleopatra.nl\/pl\/stoomtechniek\/backwall-steam\/\">tutaj<\/a>\u00a0wi\u0119cej informacji.<\/p>\n<h4><strong><br \/>\nGENERATOR PARY<\/strong><\/h4>\n<p>The\u00a0<a href=\"https:\/\/cleopatra.nl\/pl\/cleopatra-stoomgenerator-cleo-steam-one.html\/\">Cleo Steam One<\/a>: Oferuje wszystkie funkcje, kt\u00f3rych oczekuje si\u0119 od nowoczesnego generatora pary. Niezawodny, prosty i \u0142atwy w utrzymaniu. Czego mo\u017cna oczekiwa\u0107 od Steam One?<\/p>\n<ul>\n<li>Dobrze kontrolowany proces wytwarzania pary za pomoc\u0105 czujnika temperatury i czujnika bezpiecze\u0144stwa.  Gdy temperatura osi\u0105gnie 48 stopni Celsjusza, produkcja pary zostaje zatrzymana. Gdy temperatura ponownie spadnie, produkcja pary jest wznawiana.<\/li>\n<li>\u0141atwy w obs\u0142udze przycisk dotykowy steruj\u0105cy nast\u0119puj\u0105cymi funkcjami: w\u0142\u0105czanie\/wy\u0142\u0105czanie pary, w\u0142\u0105czanie\/wy\u0142\u0105czanie bia\u0142ego \u015bwiat\u0142a, w\u0142\u0105czanie\/wy\u0142\u0105czanie zapachu (w przypadku zam\u00f3wienia dozownika zapachu). Sterowanie mo\u017cna umie\u015bci\u0107 wewn\u0105trz lub na zewn\u0105trz \u0142a\u017ani parowej.<\/li>\n<\/ul>\n<h4><strong><br \/>\nUWAGI<\/strong><\/h4>\n<ul>\n<li>Wymagana moc jest obliczana w nast\u0119puj\u0105cy spos\u00f3b: D\u0142ugo\u015b\u0107 kabiny X szeroko\u015b\u0107 x wysoko\u015b\u0107 x 1,25 = wymagana kW(moc).<\/li>\n<li>Zak\u0142adamy tutaj, \u017ce kabina jest izolowana zgodnie z przepisami i ma wewn\u0119trzn\u0105 wysoko\u015b\u0107 maksymalnie 220 cm.<\/li>\n<li>Od 4,5 kW wzwy\u017c wymagany jest pr\u0105d zasilaj\u0105cy (400 V).<\/li>\n<\/ul>\n<h4><strong><br \/>\nR\u0118CZNY<\/strong><\/h4>\n<p>Kliknij tutaj: <a href=\"https:\/\/cleopatra.nl\/wp-content\/uploads\/Backwall-installatie-handleiding-2022-r03-90548850-web.pdf\">Backwall Steam\u00a0<\/a><\/p>","protected":false},"excerpt":{"rendered":"<p>Cleopatra BackWall Steam One to przyjazny w monta\u017cu system, kt\u00f3ry umo\u017cliwia \u0142atw\u0105 instalacj\u0119 w pomieszczeniu. <strong>generator pary lub odnowy biologicznej w \u0142a\u017ani parowej<\/strong>\u00a0mo\u017cna zamontowa\u0107.<\/p>","protected":false},"featured_media":6806,"template":"","format":"standard","meta":{"_acf_changed":false},"product_brand":[347],"product_cat":[71,99,80],"product_tag":[],"class_list":{"0":"post-6745","1":"product","2":"type-product","3":"status-publish","4":"format-standard","5":"has-post-thumbnail","7":"product_brand-cleopatra","8":"product_cat-shop","9":"product_cat-stoomtechniek-stoomtechniek-prive","10":"product_cat-stoomtechniek-prive","12":"first","13":"instock","14":"taxable","15":"shipping-taxable","16":"purchasable","17":"product-type-simple"},"acf":[],"_links":{"self":[{"href":"https:\/\/cleopatra.nl\/pl\/wp-json\/wp\/v2\/product\/6745","targetHints":{"allow":["GET"]}}],"collection":[{"href":"https:\/\/cleopatra.nl\/pl\/wp-json\/wp\/v2\/product"}],"about":[{"href":"https:\/\/cleopatra.nl\/pl\/wp-json\/wp\/v2\/types\/product"}],"wp:featuredmedia":[{"embeddable":true,"href":"https:\/\/cleopatra.nl\/pl\/wp-json\/wp\/v2\/media\/6806"}],"wp:attachment":[{"href":"https:\/\/cleopatra.nl\/pl\/wp-json\/wp\/v2\/media?parent=6745"}],"wp:term":[{"taxonomy":"product_brand","embeddable":true,"href":"https:\/\/cleopatra.nl\/pl\/wp-json\/wp\/v2\/product_brand?post=6745"},{"taxonomy":"product_cat","embeddable":true,"href":"https:\/\/cleopatra.nl\/pl\/wp-json\/wp\/v2\/product_cat?post=6745"},{"taxonomy":"product_tag","embeddable":true,"href":"https:\/\/cleopatra.nl\/pl\/wp-json\/wp\/v2\/product_tag?post=6745"}],"curies":[{"name":"wp","href":"https:\/\/api.w.org\/{rel}","templated":true}]}}