{"id":6757,"date":"2024-04-07T14:43:46","date_gmt":"2024-04-07T12:43:46","guid":{"rendered":"https:\/\/cleopatra.nl\/?post_type=product&#038;p=6757"},"modified":"2025-01-02T11:29:19","modified_gmt":"2025-01-02T10:29:19","slug":"wellpool-square-415-190x80cm-191","status":"publish","type":"product","link":"https:\/\/cleopatra.nl\/pl\/shop\/ligbaden-whirlpools\/wellpool-ligbaden\/wellpool-square-415-190x80cm\/","title":{"rendered":"WellPool Square 415 | 190x80cm"},"content":{"rendered":"<h4><strong>WELLPOOLS SQUARE 190\u00d780 cm<\/strong><\/h4>\n<p><strong>Kleopatra<\/strong>\u00a0<b>k\u0105piel<\/b>\u00a0WellPool<sup>TM<\/sup>\u00a0Square to osza\u0142amiaj\u0105ca i nowoczesna wanna wykonana z bia\u0142ego akrylu z eleganckimi prostok\u0105tnymi naro\u017cnikami. Opracowana przez najlepszego projektanta Roberta Bronwassera, wanna WellPool jest nie tylko pi\u0119kna, ale tak\u017ce bardzo wygodna i trwa\u0142a.<\/p>\n<p>Chcesz zobaczy\u0107 lub do\u015bwiadczy\u0107 tej k\u0105pieli? Zapraszamy do odwiedzenia Cleopatra\u00a0<a title=\"salon cleopatra\" href=\"https:\/\/cleopatra.nl\/pl\/contact\/\" target=\"_blank\" rel=\"noopener\">showroom<\/a> w Zaandam!<\/p>\n<p>&nbsp;<\/p>\n<p><strong>WYMIARY WANNY<\/strong><\/p>\n<p>The\u00a0<b>k\u0105piel<\/b>\u00a0WellPool<sup>TM<\/sup>\u00a0Square jest dost\u0119pny w czterech rozmiarach:<\/p>\n<ul>\n<li>415: 1900 x 800 mm (podstawa 1350 mm; g\u0142\u0119boko\u015b\u0107 510 mm)<\/li>\n<li>417: 1900 x 900 mm (podstawa 1350 mm; g\u0142\u0119boko\u015b\u0107 510 mm)<\/li>\n<\/ul>\n<p>Na dole tego opisu produktu znajduj\u0105 si\u0119 rysunki i instrukcje monta\u017cu wanny.<\/p>\n<p>Wanna jest dostarczana wraz z zestawem wanien.<\/p>\n<p>Odp\u0142yw przelewowy nale\u017cy zam\u00f3wi\u0107 osobno (patrz Odpowiednie produkty).<\/p>\n<p>Na tej wysokiej jako\u015bci wannie mo\u017cna zainstalowa\u0107 bateri\u0119 wannow\u0105 i prysznic. Estetyczny wygl\u0105d zapobiega monta\u017cowi w \u015bcianach.<\/p>\n<p>&nbsp;<\/p>\n<p><strong>JAKO\u015a\u0106 K\u0104PIELI<\/strong><\/p>\n<p>Jako\u015b\u0107 k\u0105pieli jest najwa\u017cniejsza w Cleopatra. Twoja wanna pozostanie pi\u0119kna i bia\u0142a przez lata dzi\u0119ki:<\/p>\n<ul>\n<li>5 mm warstwa czystego akrylu, r\u00f3wnie\u017c na kraw\u0119dziach wanny i<\/li>\n<li>Solidne wzmocnienie dna wanny.<\/li>\n<li><\/li>\n<\/ul>\n<p><strong>AKCESORIA DO K\u0104PIELI<\/strong><\/p>\n<ul>\n<li><em>Po\u0142\u0105czenie przelewu i odp\u0142ywu Cleoplus.<\/em> Wysokiej jako\u015bci produkt w chromowanym wyko\u0144czeniu.<\/li>\n<\/ul>\n<ul>\n<li><em>Po\u0142\u0105czenie Cleofill.<\/em> Wysokiej jako\u015bci produkt w chromowanym wyko\u0144czeniu. Zamiast wylewki wanna jest nape\u0142niana za pomoc\u0105 przelewu.<\/li>\n<\/ul>\n<ul>\n<li><em>Baterie wannowe.<\/em>\u00a0Najwy\u017cszej jako\u015bci baterie wannowe Hansgrohe do wyboru w kilku modelach. Standardowym wyko\u0144czeniem jest chrom, ale mo\u017cliwe s\u0105 r\u00f3wnie\u017c inne wyko\u0144czenia. Baterie wannowe s\u0105 montowane na wannie w naszej fabryce, dzi\u0119ki czemu wanna jest gotowa do instalacji!<\/li>\n<\/ul>\n<ul>\n<li><em>Uchwyt.<\/em>\u00a0Chromowany uchwyt o pi\u0119knym kszta\u0142cie. Sprawia, \u017ce wchodzenie i wychodzenie z wanny jest \u0142atwiejsze i bezpieczniejsze!<\/li>\n<\/ul>\n<ul>\n<li><em>Kolorowe \u015bwiat\u0142o.<\/em>\u00a0Wysokiej jako\u015bci o\u015bwietlenie wanny, w tym dwa \u015bwiat\u0142a LED i sterowanie montowane na kraw\u0119dzi wanny.<\/li>\n<\/ul>\n<ul>\n<li><em>Poduszka pod szyj\u0119.<\/em>\u00a0Wygodna poduszka, kt\u00f3ra dopasowuje si\u0119 do kszta\u0142tu g\u0142owy. Niezast\u0105piona dla przyjemno\u015bci k\u0105pieli.<\/li>\n<\/ul>\n<ul>\n<li><em>Olejki do k\u0105pieli.<\/em>\u00a0Piel\u0119gnuj\u0105cy sk\u00f3r\u0119, bezpieczny dla akrylu k\u0105pielowego i dost\u0119pny w 7 pysznych zapachach.<\/li>\n<\/ul>\n<p>&nbsp;<\/p>\n<p><strong>SYSTEM HYDROMASA\u017bU<\/strong><\/p>\n<p>Dzi\u0119ki wysokiej jako\u015bci systemowi hydromasa\u017cu k\u0105piel w wannie staje si\u0119 jeszcze przyjemniejsza.<\/p>","protected":false},"excerpt":{"rendered":"<p><strong>Kleopatra<\/strong>\u00a0<b>k\u0105piel<\/b> WellPool Square to osza\u0142amiaj\u0105ca i nowoczesna wanna wykonana z bia\u0142ego akrylu z eleganckimi prostok\u0105tnymi naro\u017cnikami. Opracowana przez najlepszego projektanta Roberta Bronwassera, wanna WellPool jest nie tylko pi\u0119kna, ale tak\u017ce bardzo wygodna i trwa\u0142a.<\/p>","protected":false},"featured_media":3572,"template":"","format":"standard","meta":{"_acf_changed":false},"product_brand":[],"product_cat":[86,76,71],"product_tag":[],"class_list":{"0":"post-6757","1":"product","2":"type-product","3":"status-publish","4":"format-standard","5":"has-post-thumbnail","7":"product_cat-wellpool-ligbaden","8":"product_cat-ligbaden-whirlpools","9":"product_cat-shop","11":"first","12":"instock","13":"taxable","14":"shipping-taxable","15":"purchasable","16":"product-type-simple"},"acf":[],"_links":{"self":[{"href":"https:\/\/cleopatra.nl\/pl\/wp-json\/wp\/v2\/product\/6757","targetHints":{"allow":["GET"]}}],"collection":[{"href":"https:\/\/cleopatra.nl\/pl\/wp-json\/wp\/v2\/product"}],"about":[{"href":"https:\/\/cleopatra.nl\/pl\/wp-json\/wp\/v2\/types\/product"}],"wp:featuredmedia":[{"embeddable":true,"href":"https:\/\/cleopatra.nl\/pl\/wp-json\/wp\/v2\/media\/3572"}],"wp:attachment":[{"href":"https:\/\/cleopatra.nl\/pl\/wp-json\/wp\/v2\/media?parent=6757"}],"wp:term":[{"taxonomy":"product_brand","embeddable":true,"href":"https:\/\/cleopatra.nl\/pl\/wp-json\/wp\/v2\/product_brand?post=6757"},{"taxonomy":"product_cat","embeddable":true,"href":"https:\/\/cleopatra.nl\/pl\/wp-json\/wp\/v2\/product_cat?post=6757"},{"taxonomy":"product_tag","embeddable":true,"href":"https:\/\/cleopatra.nl\/pl\/wp-json\/wp\/v2\/product_tag?post=6757"}],"curies":[{"name":"wp","href":"https:\/\/api.w.org\/{rel}","templated":true}]}}