{"id":6800,"date":"2024-04-08T16:14:54","date_gmt":"2024-04-08T14:14:54","guid":{"rendered":"https:\/\/cleopatra.nl\/?post_type=product&#038;p=6800"},"modified":"2026-04-26T21:18:54","modified_gmt":"2026-04-26T19:18:54","slug":"infrarood-lounger-one","status":"publish","type":"product","link":"https:\/\/cleopatra.nl\/pl\/shop\/infrarood-lounger\/","title":{"rendered":"Le\u017cak na podczerwie\u0144 | One"},"content":{"rendered":"<p>\u0141awka na podczerwie\u0144 ma zastosowanie w kabinie na podczerwie\u0144. Elementy steruj\u0105ce i emitery podczerwieni s\u0105 zintegrowane z \u0142awk\u0105. Take <a href=\"https:\/\/cleopatra.nl\/pl\/contact\/\" target=\"_blank\" rel=\"noopener\">kontakt<\/a> aby uzyska\u0107 wi\u0119cej informacji.<\/p>\n<p><strong><br \/>\nWERSJA PODSTAWOWA<\/strong><\/p>\n<p>Do wyboru trzy kolory:<br \/>\n27621100 Le\u017cak na podczerwie\u0144 | ONE | Espen LIGHT<br \/>\n27621110 Le\u017cak na podczerwie\u0144 | ONE | Espen HT MEDIUM<br \/>\n27621120 Le\u017cak na podczerwie\u0144 | ONE | Espen HT DARK<\/p>\n<p>- W tym panel sterowania One<br \/>\n- W tym 500-watowy radiator<\/p>\n<p><strong><br \/>\nCECHY<\/strong><br \/>\nWymiary 800 x 1700 x 1020 mm<br \/>\nLiczba os\u00f3b 1<br \/>\nPob\u00f3r mocy 3 x 500 W<br \/>\nNapi\u0119cie przy\u0142\u0105czeniowe 240 V<br \/>\nWaga 80 kg<\/p>\n<p><strong><br \/>\nWI\u0118CEJ INFORMACJI\u00a0<\/strong><\/p>\n<p><a href=\"https:\/\/cleopatra.nl\/pl\/infrarood-cabines\/over-infraroodsaunas\/?_gl=1*npjp3w*_up*MQ..*_ga*NTQ5OTIxNjc0LjE3MTI1MDUzMDU.*_ga_GNYGLDV3HQ*MTcxMjUwOTY0NS4yLjAuMTcxMjUwOTY0NS4wLjAuMA..\">Zalety podczerwieni<\/a><\/p>\n<p><strong><br \/>\nKATALOG<\/strong><\/p>\n<p>Dla katalogu <a href=\"https:\/\/cleopatra.nl\/wp-content\/uploads\/CLEOPATRA-SAUNA-INFRAROOD-2023-NL.pdf\" target=\"_blank\" rel=\"noopener\">kliknij tutaj<\/a>.<\/p>\n<p>&nbsp;<\/p>\n<p>&nbsp;<\/p>","protected":false},"excerpt":{"rendered":"<p>\u0141awka na podczerwie\u0144 ma zastosowanie w kabinie na podczerwie\u0144. Elementy steruj\u0105ce i emitery podczerwieni s\u0105 zintegrowane z \u0142awk\u0105. Take <a href=\"https:\/\/cleopatra.nl\/pl\/contact\/\" target=\"_blank\" rel=\"noopener\">kontakt<\/a> aby uzyska\u0107 wi\u0119cej informacji.<\/p>","protected":false},"featured_media":6225,"template":"","format":"standard","meta":{"_acf_changed":false},"product_brand":[347],"product_cat":[71,236,241],"product_tag":[],"class_list":{"0":"post-6800","1":"product","2":"type-product","3":"status-publish","4":"format-standard","5":"has-post-thumbnail","7":"product_brand-cleopatra","8":"product_cat-shop","9":"product_cat-infrarood-cabine","10":"product_cat-infrarood-modules","12":"first","13":"onbackorder","14":"taxable","15":"shipping-taxable","16":"purchasable","17":"product-type-simple"},"acf":[],"_links":{"self":[{"href":"https:\/\/cleopatra.nl\/pl\/wp-json\/wp\/v2\/product\/6800","targetHints":{"allow":["GET"]}}],"collection":[{"href":"https:\/\/cleopatra.nl\/pl\/wp-json\/wp\/v2\/product"}],"about":[{"href":"https:\/\/cleopatra.nl\/pl\/wp-json\/wp\/v2\/types\/product"}],"wp:featuredmedia":[{"embeddable":true,"href":"https:\/\/cleopatra.nl\/pl\/wp-json\/wp\/v2\/media\/6225"}],"wp:attachment":[{"href":"https:\/\/cleopatra.nl\/pl\/wp-json\/wp\/v2\/media?parent=6800"}],"wp:term":[{"taxonomy":"product_brand","embeddable":true,"href":"https:\/\/cleopatra.nl\/pl\/wp-json\/wp\/v2\/product_brand?post=6800"},{"taxonomy":"product_cat","embeddable":true,"href":"https:\/\/cleopatra.nl\/pl\/wp-json\/wp\/v2\/product_cat?post=6800"},{"taxonomy":"product_tag","embeddable":true,"href":"https:\/\/cleopatra.nl\/pl\/wp-json\/wp\/v2\/product_tag?post=6800"}],"curies":[{"name":"wp","href":"https:\/\/api.w.org\/{rel}","templated":true}]}}