{"id":6812,"date":"2024-04-09T15:44:47","date_gmt":"2024-04-09T13:44:47","guid":{"rendered":"https:\/\/cleopatra.nl\/?post_type=product&#038;p=6812"},"modified":"2026-04-26T21:18:59","modified_gmt":"2026-04-26T19:18:59","slug":"wellness-shower-4-verbruiker-2","status":"publish","type":"product","link":"https:\/\/cleopatra.nl\/pl\/shop\/wellness-shower-4-verbruiker\/","title":{"rendered":"Prysznic Wellness | Basic 4"},"content":{"rendered":"<h3>PRYSZNIC WELLNESS | PODSTAWOWY<\/h3>\n<p>&nbsp;<\/p>\n<div id=\"text_block-17-2375\" class=\"ct-text-block archive_text_section_text\">\n<p>Prysznic Wellness mo\u017cna pod\u0142\u0105czy\u0107 do kran\u00f3w i prysznic\u00f3w r\u00f3\u017cnych marek. Sterowanie Shower Deluxe umo\u017cliwia aktywacj\u0119 r\u00f3\u017cnych natrysk\u00f3w. Liczba prysznic\u00f3w okre\u015bla, ilu u\u017cytkownik\u00f3w potrzebuje Wellness Shower. Je\u015bli preferowany jest prysznic dachowy i prysznice boczne, wystarczy 4 u\u017cytkownik\u00f3w. Je\u015bli chcesz sterowa\u0107 kilkoma natryskami (r\u0119cznym, bocznym i dachowym), prawdopodobnie lepszym rozwi\u0105zaniem b\u0119dzie 6 lub 8 u\u017cytkownik\u00f3w. Upewnij si\u0119, \u017ce ci\u015bnienie i ilo\u015b\u0107 wody (nat\u0119\u017cenie przep\u0142ywu) s\u0105 znane z wyprzedzeniem i \u017ce zarz\u0105dzanie wod\u0105 jest odpowiednio skonfigurowane. Prysznic Wellness zawsze wymaga oddzielnego zaworu termostatycznego.<\/p>\n<p>Wy\u015bwietl <strong>wideo<\/strong> Z prysznica wellness: <a href=\"https:\/\/cleopatra.nl\/pl\/wellness-shower\/wellness-shower\/\" target=\"_blank\" rel=\"noopener\">kliknij tutaj<\/a><\/p>\n<p><b><br \/>\nFUNKCJA ROZGRZEWKI<\/b><\/p>\n<p>Ta funkcja s\u0142u\u017cy do przep\u0142ukiwania systemu rur przez 60 sekund, wyp\u0142ukuj\u0105c zimn\u0105 wod\u0119 z rur.<\/p>\n<p><b>FAN<\/b><br \/>\nWentylator jest wbudowany w rur\u0119 i pod\u0142\u0105czony za pomoc\u0105 sterownika Wellness Shower; umo\u017cliwia to automatyczne sterowanie odci\u0105giem kondensatu za pomoc\u0105 wy\u015bwietlacza.<\/p>\n<p><b>ZIMNA WODA<\/b><\/p>\n<p>Funkcja ta zapewnia natychmiastowe dostarczanie zimnej wody przez jeden z pod\u0142\u0105czonych prysznic\u00f3w. Pozwala to natychmiast cieszy\u0107 si\u0119 wspania\u0142ym zimnym prysznicem.<\/p>\n<\/div>\n<div id=\"text_block-20-2375\" class=\"ct-text-block archive_text_section_text\"><b>INNE FUNKCJE<\/b><br \/>\nZa pomoc\u0105 wy\u015bwietlacza mo\u017cna sterowa\u0107 nast\u0119puj\u0105cymi prysznicami.<br \/>\n- Prysznic na dachu (do 3 rodzaj\u00f3w strumieni)<br \/>\n- Prysznic boczny (lewy oddzielony od prawego)<br \/>\n- Prysznic r\u0119czny<\/div>\n<div><\/div>\n<div class=\"ct-text-block archive_text_section_text\"><b>TERAPIA KOLORAMI<\/b><br \/>\nO\u015bwietlenie punktowe w dachu lub ta\u015bma LED w \u015bcianie, wn\u0119ce lub pod \u0142awk\u0105. O\u015bwietleniem tym mo\u017cna \u0142atwo sterowa\u0107 za pomoc\u0105 kontrolera Shower Deluxe. Automatyczna rotacja kolor\u00f3w, \u015bciemnianie i tryb \u015bwiat\u0142a bia\u0142ego.<\/div>\n<div><\/div>\n<div class=\"ct-text-block archive_text_section_text\"><b>MODU\u0141 D\u0179WI\u0118KOWY<\/b><br \/>\nOdtwarzaj ulubion\u0105 muzyk\u0119 pod prysznicem. Wystarczy po\u0142\u0105czy\u0107 si\u0119 przez Bluetooth, a nast\u0119pnie sterowa\u0107 g\u0142o\u015bno\u015bci\u0105, odtwarzaniem i wyborem utwor\u00f3w za pomoc\u0105 wy\u015bwietlacza. G\u0142o\u015bniki s\u0105 wodoodporne i mo\u017cna je umie\u015bci\u0107 na dachu.<\/div>\n<div><\/div>\n<div class=\"ct-text-block archive_text_section_text\"><b>DOUCHEDAK<\/b><br \/>\nR\u00f3\u017cne opcje dachu prysznicowego mog\u0105 by\u0107 montowane fabrycznie. Dach mo\u017ce by\u0107 r\u00f3wnie\u017c dostarczony w r\u00f3\u017cnych kolorach RAL. Dach jest dostarczany z listwami wyko\u0144czeniowymi i materia\u0142em monta\u017cowym.<\/div>\n<div><\/div>\n<div><strong>DOSTAWA<\/strong><\/div>\n<div>- Wy\u015bwietlacz wraz z obudow\u0105 monta\u017cow\u0105<\/div>\n<div>- Przy\u0142\u0105cze prysznica wellness dla 4 u\u017cytkownik\u00f3w<\/div>\n<div>- Electronicabox<\/div>\n<div><\/div>\n<div>Uwaga! W przypadku podstawowego prysznica wellness nale\u017cy zapewni\u0107 w\u0142asne krany i prysznice.<\/div>\n<p><strong><br \/>\nBROSZURA<\/strong><\/p>\n<div>Wi\u0119cej informacji <a href=\"https:\/\/cleopatra.nl\/wp-content\/uploads\/CLEOPATRA-WELLNESS-SHOWER-NL.pdf\">pobierz broszur\u0119.<\/a><\/div>\n<p><strong>R\u0118CZNY<\/strong><\/p>","protected":false},"excerpt":{"rendered":"<p>Prysznic Wellness mo\u017cna pod\u0142\u0105czy\u0107 do kran\u00f3w i prysznic\u00f3w r\u00f3\u017cnych marek. Poszczeg\u00f3lne prysznice mo\u017cna aktywowa\u0107 za pomoc\u0105 sterownika Shower Deluxe. Liczba prysznic\u00f3w okre\u015bla, ilu u\u017cytkownik\u00f3w musi korzysta\u0107 z prysznica Wellness Shower. Zobacz <strong>wideo<\/strong> Z prysznica wellness: <a href=\"https:\/\/cleopatra.nl\/pl\/wellness-shower\/wellness-shower\/\" target=\"_blank\" rel=\"noopener\">kliknij tutaj<\/a><\/p>","protected":false},"featured_media":6373,"template":"","format":"standard","meta":{"_acf_changed":false},"product_brand":[347],"product_cat":[71,275],"product_tag":[],"class_list":{"0":"post-6812","1":"product","2":"type-product","3":"status-publish","4":"format-standard","5":"has-post-thumbnail","7":"product_brand-cleopatra","8":"product_cat-shop","9":"product_cat-wellness-shower","11":"first","12":"instock","13":"taxable","14":"shipping-taxable","15":"purchasable","16":"product-type-simple"},"acf":[],"_links":{"self":[{"href":"https:\/\/cleopatra.nl\/pl\/wp-json\/wp\/v2\/product\/6812","targetHints":{"allow":["GET"]}}],"collection":[{"href":"https:\/\/cleopatra.nl\/pl\/wp-json\/wp\/v2\/product"}],"about":[{"href":"https:\/\/cleopatra.nl\/pl\/wp-json\/wp\/v2\/types\/product"}],"wp:featuredmedia":[{"embeddable":true,"href":"https:\/\/cleopatra.nl\/pl\/wp-json\/wp\/v2\/media\/6373"}],"wp:attachment":[{"href":"https:\/\/cleopatra.nl\/pl\/wp-json\/wp\/v2\/media?parent=6812"}],"wp:term":[{"taxonomy":"product_brand","embeddable":true,"href":"https:\/\/cleopatra.nl\/pl\/wp-json\/wp\/v2\/product_brand?post=6812"},{"taxonomy":"product_cat","embeddable":true,"href":"https:\/\/cleopatra.nl\/pl\/wp-json\/wp\/v2\/product_cat?post=6812"},{"taxonomy":"product_tag","embeddable":true,"href":"https:\/\/cleopatra.nl\/pl\/wp-json\/wp\/v2\/product_tag?post=6812"}],"curies":[{"name":"wp","href":"https:\/\/api.w.org\/{rel}","templated":true}]}}