{"id":6832,"date":"2024-04-10T17:07:20","date_gmt":"2024-04-10T15:07:20","guid":{"rendered":"https:\/\/cleopatra.nl\/?post_type=product&#038;p=6832"},"modified":"2026-04-26T22:31:11","modified_gmt":"2026-04-26T20:31:11","slug":"stoominlaat-kunststof-compleet","status":"publish","type":"product","link":"https:\/\/cleopatra.nl\/pl\/shop\/stoominlaat-kunststof-compleet\/","title":{"rendered":"Plastikowy wlot pary | kompletny"},"content":{"rendered":"<p>Ten wlot pary sk\u0142ada si\u0119 z wbudowanej cz\u0119\u015bci z tworzywa sztucznego z miedzianym przy\u0142\u0105czem 28 mm.<\/p>\n<p>&nbsp;<\/p>\n<p><strong>ZAKRES DOSTAWY<\/strong><\/p>\n<ul>\n<li>Plastikowa pokrywa parowa (bia\u0142a, szara lub antracytowa)<\/li>\n<li>Mied\u017a wpuszczana 28 mm<\/li>\n<\/ul>\n<p>&nbsp;<\/p>\n<p><strong>R\u0118CZNY<\/strong><\/p>\n<p>W przypadku odpowiedniego generatora pary nale\u017cy sprawdzi\u0107, jak nale\u017cy przetwarza\u0107 wbudowane cz\u0119\u015bci.<\/p>","protected":false},"excerpt":{"rendered":"<p>Ten wlot pary sk\u0142ada si\u0119 z wbudowanej cz\u0119\u015bci z tworzywa sztucznego z miedzianym przy\u0142\u0105czem 28 mm.<\/p>","protected":false},"featured_media":6833,"template":"","format":"standard","meta":{"_acf_changed":false},"product_brand":[347],"product_cat":[71,78,90],"product_tag":[],"class_list":{"0":"post-6832","1":"product","2":"type-product","3":"status-publish","4":"format-standard","5":"has-post-thumbnail","7":"product_brand-cleopatra","8":"product_cat-shop","9":"product_cat-modulair-stoom","10":"product_cat-opties-specificaties","12":"first","13":"instock","14":"taxable","15":"shipping-taxable","16":"purchasable","17":"product-type-simple"},"acf":[],"_links":{"self":[{"href":"https:\/\/cleopatra.nl\/pl\/wp-json\/wp\/v2\/product\/6832","targetHints":{"allow":["GET"]}}],"collection":[{"href":"https:\/\/cleopatra.nl\/pl\/wp-json\/wp\/v2\/product"}],"about":[{"href":"https:\/\/cleopatra.nl\/pl\/wp-json\/wp\/v2\/types\/product"}],"wp:featuredmedia":[{"embeddable":true,"href":"https:\/\/cleopatra.nl\/pl\/wp-json\/wp\/v2\/media\/6833"}],"wp:attachment":[{"href":"https:\/\/cleopatra.nl\/pl\/wp-json\/wp\/v2\/media?parent=6832"}],"wp:term":[{"taxonomy":"product_brand","embeddable":true,"href":"https:\/\/cleopatra.nl\/pl\/wp-json\/wp\/v2\/product_brand?post=6832"},{"taxonomy":"product_cat","embeddable":true,"href":"https:\/\/cleopatra.nl\/pl\/wp-json\/wp\/v2\/product_cat?post=6832"},{"taxonomy":"product_tag","embeddable":true,"href":"https:\/\/cleopatra.nl\/pl\/wp-json\/wp\/v2\/product_tag?post=6832"}],"curies":[{"name":"wp","href":"https:\/\/api.w.org\/{rel}","templated":true}]}}