{"id":6837,"date":"2024-04-10T18:06:36","date_gmt":"2024-04-10T16:06:36","guid":{"rendered":"https:\/\/cleopatra.nl\/?post_type=product&#038;p=6837"},"modified":"2026-04-26T21:19:00","modified_gmt":"2026-04-26T19:19:00","slug":"wit-licht-led-spots","status":"publish","type":"product","link":"https:\/\/cleopatra.nl\/pl\/shop\/wit-licht-led-spots\/","title":{"rendered":"\u015awiat\u0142o bia\u0142e | Reflektory LED"},"content":{"rendered":"<p>Te reflektory bia\u0142ego \u015bwiat\u0142a mog\u0105 by\u0107 wbudowane w dach, w tym celu trzeba by\u0107 w stanie wyj\u015b\u0107 ponad dach.<\/p>\n<p>&nbsp;<\/p>","protected":false},"excerpt":{"rendered":"<p>Te reflektory bia\u0142ego \u015bwiat\u0142a mog\u0105 by\u0107 wbudowane w dach, w tym celu trzeba by\u0107 w stanie wyj\u015b\u0107 ponad dach. &nbsp;<\/p>","protected":false},"featured_media":6413,"template":"","format":"standard","meta":{"_acf_changed":false},"product_brand":[347],"product_cat":[71,78,90],"product_tag":[],"class_list":{"0":"post-6837","1":"product","2":"type-product","3":"status-publish","4":"format-standard","5":"has-post-thumbnail","7":"product_brand-cleopatra","8":"product_cat-shop","9":"product_cat-modulair-stoom","10":"product_cat-opties-specificaties","12":"first","13":"instock","14":"taxable","15":"shipping-taxable","16":"purchasable","17":"product-type-simple"},"acf":[],"_links":{"self":[{"href":"https:\/\/cleopatra.nl\/pl\/wp-json\/wp\/v2\/product\/6837","targetHints":{"allow":["GET"]}}],"collection":[{"href":"https:\/\/cleopatra.nl\/pl\/wp-json\/wp\/v2\/product"}],"about":[{"href":"https:\/\/cleopatra.nl\/pl\/wp-json\/wp\/v2\/types\/product"}],"wp:featuredmedia":[{"embeddable":true,"href":"https:\/\/cleopatra.nl\/pl\/wp-json\/wp\/v2\/media\/6413"}],"wp:attachment":[{"href":"https:\/\/cleopatra.nl\/pl\/wp-json\/wp\/v2\/media?parent=6837"}],"wp:term":[{"taxonomy":"product_brand","embeddable":true,"href":"https:\/\/cleopatra.nl\/pl\/wp-json\/wp\/v2\/product_brand?post=6837"},{"taxonomy":"product_cat","embeddable":true,"href":"https:\/\/cleopatra.nl\/pl\/wp-json\/wp\/v2\/product_cat?post=6837"},{"taxonomy":"product_tag","embeddable":true,"href":"https:\/\/cleopatra.nl\/pl\/wp-json\/wp\/v2\/product_tag?post=6837"}],"curies":[{"name":"wp","href":"https:\/\/api.w.org\/{rel}","templated":true}]}}