{"id":6860,"date":"2024-04-13T11:05:35","date_gmt":"2024-04-13T09:05:35","guid":{"rendered":"https:\/\/cleopatra.nl\/?post_type=product&#038;p=6860"},"modified":"2025-01-02T11:29:08","modified_gmt":"2025-01-02T10:29:08","slug":"tanami-line-200x200cm-201","status":"publish","type":"product","link":"https:\/\/cleopatra.nl\/pl\/shop\/saunas\/tanami-line\/tanami-line-200x200cm\/","title":{"rendered":"Linia Tanami | 200x200cm"},"content":{"rendered":"<h3><strong>TANAMI LINE SAUNA | 200x200cm<\/strong><\/h3>\n<p>The\u00a0<strong>Sauna Kleopatra<\/strong> Tanami, w wyko\u0144czeniu osiki, jest po prostu przyjemna dla oka. Zastosowanie du\u017cej ilo\u015bci szk\u0142a z przodu sprawia, \u017ce sauna wtapia si\u0119 we wn\u0119trze. Kilka detali sprawia, \u017ce sauna Tanami jest szczeg\u00f3lnie elegancka: wyrafinowane osikowe kratki \u0142awek, opar\u0107 i stela\u017ca pieca do sauny oraz pozosta\u0142e \u015bciany wewn\u0119trzne wykonane z desek osikowych i delikatne o\u015bwietlenie naro\u017cne. W przypadku tej linii saun rodzaje drewna zosta\u0142y wybrane bardzo starannie; sauna jest ogrzewana przez piec Harvia Wall. \u0141atwy w obs\u0142udze i bardzo niezawodny, dzi\u0119ki czemu mo\u017cna cieszy\u0107 si\u0119 saun\u0105 przez lata.<\/p>\n<p>&nbsp;<\/p>\n<h4><strong>UWAGA<\/strong><\/h4>\n<p>Jest to \u0142atwa w monta\u017cu sauna panelowa. Nale\u017cy pami\u0119ta\u0107, \u017ce boki i ty\u0142 musz\u0105 by\u0107 wyko\u0144czone: jest to kabina do zabudowy. W przypadku saun wolnostoj\u0105cych mo\u017cna wybra\u0107 solidne sauny Cleopatra.<\/p>\n<p>&nbsp;<\/p>\n<h4><strong>PRACA NA ZAM\u00d3WIENIE<\/strong><\/h4>\n<p>Z pewno\u015bci\u0105 mo\u017cliwe s\u0105 r\u00f3wnie\u017c wymiary niestandardowe. <a title=\"kontakt z cleopatra\" href=\"https:\/\/cleopatra.nl\/pl\/contact-cleopatra\/\" target=\"_blank\" rel=\"noopener noreferrer\">kontakt<\/a> skontaktuj si\u0119 z nami, aby uzyska\u0107 wi\u0119cej informacji. Mo\u017cna te\u017c przes\u0142a\u0107 nam e-mailem rysunek z po\u017c\u0105danymi wymiarami i projektem sauny.<\/p>\n<p>&nbsp;<\/p>\n<h4><strong>FABRYKA SAUN CLEOPATRA<\/strong><\/h4>\n<p>Sauny Cleopatra s\u0105 produkowane we w\u0142asnej fabryce. Drewno, szk\u0142o i inne materia\u0142y, z kt\u00f3rych wykonane s\u0105 sauny, dobierane s\u0105 z wielk\u0105 staranno\u015bci\u0105. Pi\u0119cioletnia gwarancja dotyczy materia\u0142\u00f3w, z kt\u00f3rych wykonana jest kabina sauny, a dwuletnia gwarancja dotyczy pieca do sauny. Gwarancja\u00a0<strong>sauna<\/strong>\u00a0jest dostarczany wraz ze wszystkimi materia\u0142ami monta\u017cowymi wymaganymi do instalacji. Ch\u0119tnie zajmiemy si\u0119 monta\u017cem (cena monta\u017cu na \u017cyczenie). Chcesz zobaczy\u0107 i przetestowa\u0107 sauny Cleopatra? Zapraszamy do odwiedzenia naszej\u00a0<a title=\"Showroom Cleopatra\" href=\"https:\/\/cleopatra.nl\/pl\/cleopatra-showroom\/\" target=\"_blank\" rel=\"noopener noreferrer\">showroom<\/a>\u00a0w Zaandam, aby obejrze\u0107 nasze pi\u0119kne sauny (na podczerwie\u0144) i om\u00f3wi\u0107 swoje plany. W naszym pokoju testowym mo\u017cesz przetestowa\u0107 saun\u0119 (na podczerwie\u0144) w wolnym czasie.<\/p>\n<p>&nbsp;<\/p>\n<h4><strong>WI\u0118CEJ INFORMACJI<\/strong><\/h4>\n<p>Kliknij tutaj, aby zobaczy\u0107 <a href=\"https:\/\/cleopatra.nl\/pl\/configurator\/tanami-basic\/?_gl=1*1qwtanj*_up*MQ..*_ga*NDE0ODc0MzM2LjE3MTI0OTgwNjY.*_ga_GNYGLDV3HQ*MTcxMjQ5ODA2My4xLjAuMTcxMjQ5ODA2My4wLjAuMA..\">Konfigurator Tanami<\/a><\/p>\n<p>Kliknij tutaj, aby uzyska\u0107 wi\u0119cej informacji <a href=\"https:\/\/cleopatra.nl\/pl\/saunas\/tanami-line\/?_gl=1*azz1v2*_up*MQ..*_ga*MTIyMDI3MjU5MS4xNzEyNDk5MDcx*_ga_GNYGLDV3HQ*MTcxMjQ5OTA2OC4xLjAuMTcxMjQ5OTA2OC4wLjAuMA..\">Sauny z linii Tanami<\/a><\/p>\n<p>&nbsp;<\/p>\n<h4><strong>LISTA KONTROLNA INSTALACJI SAUNY<\/strong><\/h4>\n<p>&nbsp;<\/p>\n<p>POK\u00d3J TECHNOLOGICZNY<\/p>\n<p>Nale\u017cy pami\u0119ta\u0107, \u017ce skrzynka przeka\u017anikowa i elementy steruj\u0105ce sauny i kabiny na podczerwie\u0144 musz\u0105 by\u0107 zawsze dost\u0119pne. Umie\u015b\u0107 je w pomieszczeniu technicznym lub, na przyk\u0142ad, za klap\u0105 serwisow\u0105 na g\u00f3rze kabiny.<\/p>\n<p>POD\u0141OGA I ODPROWADZANIE WODY<\/p>\n<p>Pod drzwiami sauny znajduje si\u0119 niewielka wn\u0119ka, kt\u00f3ra zasysa powietrze. Nie umieszczaj odp\u0142ywu w pomieszczeniu sauny; ciep\u0142o wysuszy odp\u0142yw. Upewnij si\u0119, \u017ce pod\u0142oga jest r\u00f3wna; nier\u00f3wna pod\u0142oga spowoduje odchylenia wymiarowe.<\/p>\n<p>Wymagane postanowienia techniczne<\/p>\n<p>Wyposa\u017cenie techniczne r\u00f3\u017cni si\u0119 w zale\u017cno\u015bci od sauny i kabiny na podczerwie\u0144. W momencie wyceny\/zam\u00f3wienia okre\u015blane s\u0105 wszystkie wymagane udogodnienia.<\/p>\n<p>DOSTAWA ENERGII ELEKTRYCZNEJ<\/p>\n<p>Obliczenie mocy pieca do sauny: d\u0142ugo\u015b\u0107 kabiny x szeroko\u015b\u0107 x wysoko\u015b\u0107 x 1,25.<\/p>\n<p>W przypadku pieca do sauny o mocy do 3,6 kW wystarczaj\u0105ce jest pod\u0142\u0105czenie 230 V. Od 4,5 kW wzwy\u017c wymagane jest 400 V lub 2 x 230 V. W zale\u017cno\u015bci od wybranego pieca i o\u015bwietlenia nale\u017cy okre\u015bli\u0107, czy o\u015bwietlenie jest sterowane przez piec do sauny, czy te\u017c wymagane jest drugie \u017ar\u00f3d\u0142o zasilania dla o\u015bwietlenia. Prze\u0142\u0105cznik izolacyjny musi by\u0107 zawsze obecny. Ch\u0119tnie doradzimy w tej kwestii.<\/p>\n<p>HIGIENA I KONSERWACJA<\/p>\n<p>U\u017cycie r\u0119cznika zapobiegnie spadaniu kropel potu na \u0142awki. Konserwacja pieca: przy regularnym u\u017cytkowaniu prywatnym, wymieniaj kamienie do sauny co kilka lat, nie wk\u0142adaj ich do pieca i nie uk\u0142adaj stosu wysoko na piecu.<\/p>\n<p>GWARANCJA<\/p>\n<p>W przypadku normalnego u\u017cytkowania prywatnego 2 lata na kabin\u0119 z wy\u0142\u0105czeniem szklanych drzwi\/okien i lamp. Piec do sauny i elektronika 2 lata, z wyj\u0105tkiem element\u00f3w grzejnych, poniewa\u017c ich \u017cywotno\u015b\u0107 w du\u017cym stopniu zale\u017cy od sposobu obchodzenia si\u0119 z piecem.<\/p>\n<p>&nbsp;<\/p>\n<h4>R\u0118CZNY<\/h4>\n<p>Kliknij tutaj <a href=\"https:\/\/cleopatra.nl\/wp-content\/uploads\/Montage-instructies-Sauna-90548862.pdf?_gl=1*1ybeje3*_up*MQ..*_ga*MTcyNjU2ODEyMC4xNzEyNTA0OTEw*_ga_GNYGLDV3HQ*MTcxMjUwNDkwNy4xLjAuMTcxMjUwNDkwNy4wLjAuMA..\">Instrukcja instalacji sauny<\/a><\/p>\n<p>&nbsp;<\/p>","protected":false},"excerpt":{"rendered":"<p>TANAMI LINE SAUNA | 200x200cm De\u00a0Cleopatra sauna Tanami, in uitvoering Espen, is simpelweg een lust voor het oog. Door het gebruik van veel glas aan de voorzijde wordt de sauna een geheel met uw interieur. Meerdere details maken de Tanami sauna bijzonder elegant: de verfijnde roosters uit Espen van de banken, rugleuningen en saunakachelrek en [&hellip;]<\/p>\n","protected":false},"featured_media":6076,"template":"","format":"standard","meta":{"_acf_changed":false},"product_brand":[],"product_cat":[272],"product_tag":[],"class_list":{"0":"post-6860","1":"product","2":"type-product","3":"status-publish","4":"format-standard","5":"has-post-thumbnail","7":"product_cat-tanami-line","9":"first","10":"onbackorder","11":"taxable","12":"shipping-taxable","13":"purchasable","14":"product-type-simple"},"acf":[],"_links":{"self":[{"href":"https:\/\/cleopatra.nl\/pl\/wp-json\/wp\/v2\/product\/6860","targetHints":{"allow":["GET"]}}],"collection":[{"href":"https:\/\/cleopatra.nl\/pl\/wp-json\/wp\/v2\/product"}],"about":[{"href":"https:\/\/cleopatra.nl\/pl\/wp-json\/wp\/v2\/types\/product"}],"wp:featuredmedia":[{"embeddable":true,"href":"https:\/\/cleopatra.nl\/pl\/wp-json\/wp\/v2\/media\/6076"}],"wp:attachment":[{"href":"https:\/\/cleopatra.nl\/pl\/wp-json\/wp\/v2\/media?parent=6860"}],"wp:term":[{"taxonomy":"product_brand","embeddable":true,"href":"https:\/\/cleopatra.nl\/pl\/wp-json\/wp\/v2\/product_brand?post=6860"},{"taxonomy":"product_cat","embeddable":true,"href":"https:\/\/cleopatra.nl\/pl\/wp-json\/wp\/v2\/product_cat?post=6860"},{"taxonomy":"product_tag","embeddable":true,"href":"https:\/\/cleopatra.nl\/pl\/wp-json\/wp\/v2\/product_tag?post=6860"}],"curies":[{"name":"wp","href":"https:\/\/api.w.org\/{rel}","templated":true}]}}