{"id":6896,"date":"2024-04-13T15:30:03","date_gmt":"2024-04-13T13:30:03","guid":{"rendered":"https:\/\/cleopatra.nl\/?post_type=product&#038;p=6896"},"modified":"2026-04-26T21:18:52","modified_gmt":"2026-04-26T19:18:52","slug":"cleo-elite-pro-2","status":"publish","type":"product","link":"https:\/\/cleopatra.nl\/pl\/shop\/stoomtechniek-professioneel\/cleo-elite-pro\/","title":{"rendered":"Cleo Elite Pro"},"content":{"rendered":"<p>Cleo Elite pro, nast\u0119pca Cleo Total pro, to profesjonalny generator z tymi samymi komponentami co Cleo Total, ale z nowym systemem sterowania. Dzi\u0119ki nowemu systemowi sterowania, konserwacja i regulacja<br \/>\nustawie\u0144 sta\u0142o si\u0119 \u0142atwiejsze. Dzi\u0119ki temu generatorowi pary mo\u017cesz liczy\u0107 na doskona\u0142y proces parowania, d\u0142ug\u0105 \u017cywotno\u015b\u0107 i \u0142atw\u0105 konserwacj\u0119.<\/p>\n<p><strong><br \/>\nZALETY ZASADY DZIA\u0141ANIA ELEKTRODY<\/strong><\/p>\n<ul>\n<li>Szybkie nagrzewanie<\/li>\n<li>Drobne cz\u0119\u015bci parowe<\/li>\n<li>Oszcz\u0119dno\u015b\u0107 energii<\/li>\n<li>Nadaje si\u0119 do intensywnego u\u017cytkowania<\/li>\n<\/ul>\n<p>&nbsp;<\/p>\n<p><strong>CECHY<\/strong><\/p>\n<ul>\n<li>obudowa ze stali nierdzewnej<\/li>\n<li>\u0141atwy w u\u017cyciu<\/li>\n<li>Niskie koszty utrzymania<\/li>\n<li>Dioda LED komunikatu o b\u0142\u0119dzie<\/li>\n<li>Od 4 kg\/h do 45 kg\/h<\/li>\n<\/ul>\n<p>&nbsp;<\/p>\n<p><strong>PODSTAWOWE FUNKCJE<\/strong><\/p>\n<ul>\n<li>W\u0142\u0105czanie\/wy\u0142\u0105czanie pary<\/li>\n<li>W\u0142\u0105czanie\/wy\u0142\u0105czanie dozowania zapachu<\/li>\n<li>W\u0142\u0105czanie\/wy\u0142\u0105czanie o\u015bwietlenia<\/li>\n<li>Regulacja temperatury za pomoc\u0105 potencjometru<\/li>\n<li>Ustawienia za pomoc\u0105 wy\u015bwietlacza<\/li>\n<\/ul>\n<h4><strong><br \/>\nOPCJE<\/strong><\/h4>\n<p><strong>KONTROLA KLIMATU<\/strong><br \/>\nKlimat w \u0142a\u017ani parowej jest inny w niemal ka\u017cdej sytuacji; zale\u017cy on nie tylko od wielko\u015bci kabiny.<br \/>\nale tak\u017ce wilgotno\u015bci i temperatury w pomieszczeniu. Aby stworzy\u0107 optymaln\u0105 \u0142a\u017ani\u0119 parow\u0105, mo\u017cna<br \/>\nPoni\u017csze opcje s\u0105 dobrym dodatkiem.<\/p>\n<p><strong>Turbo para<\/strong><br \/>\nZimne powietrze jest dodawane do pary, aby wspom\u00f3c proces gotowania na parze. Zapewnia to wy\u017csz\u0105<br \/>\nkondensacji w \u0142a\u017ani parowej, tworz\u0105c przyjemny klimat. Ponadto, para wodna dodatkowo ogrzewa kabin\u0119<br \/>\nwdmuchiwane.<\/p>\n<p><strong>Kontrola klimatu<\/strong><br \/>\nJe\u015bli temperatura w \u0142a\u017ani parowej szybko wzro\u015bnie do ustawionej temperatury maksymalnej, generator wy\u0142\u0105czy si\u0119<br \/>\nwy\u0142\u0105czona, co mo\u017ce powodowa\u0107 nieregularne parowanie. Klimatyzacja wy\u0142\u0105cza si\u0119 powy\u017cej ustawionej warto\u015bci<br \/>\ni wykorzystuje wentylator, aby upewni\u0107 si\u0119, \u017ce temperatura spadnie poni\u017cej \u017c\u0105danej temperatury. To<br \/>\ngenerator pary w\u0142\u0105czy si\u0119 wcze\u015bniej i ponownie doprowadzi par\u0119 do kabiny.<\/p>\n<p><strong>UltraSteam<\/strong><br \/>\nJe\u015bli \u0142a\u017anie parowe s\u0105 u\u017cywane w spos\u00f3b ci\u0105g\u0142y, a punkt kondensacji jest podwy\u017cszony, mo\u017cna uzyska\u0107 mniej widocznej pary wodnej<br \/>\nw kabinie. Generator Ultrasteam wdmuchuje zimn\u0105 mgie\u0142k\u0119 do kabiny, obni\u017caj\u0105c punkt kondensacji, z<br \/>\nw wyniku czego powstaj\u0105 g\u0119ste chmury pary. Opr\u00f3cz tego efektu, korzystanie z Ultrasteam r\u00f3wnie\u017c tymczasowo obni\u017ca temperatur\u0119<br \/>\nw kabinie, umo\u017cliwiaj\u0105c szybkie przedostawanie si\u0119 nowej pary.<br \/>\nIdealny r\u00f3wnie\u017c w po\u0142\u0105czeniu z funkcj\u0105 Press for Steam, aby stworzy\u0107 \u0142a\u017ani\u0119 parow\u0105 pe\u0142n\u0105 przyjemnych dozna\u0144.<br \/>\ntworz\u0105 chmury pary w odpowiedniej temperaturze.<\/p>\n<p><strong><br \/>\nHIGIENA<\/strong><\/p>\n<p><strong>System Clean Aqua (CAS)<\/strong><br \/>\nSystem Clean Aqua zapewnia, \u017ce siedzenia w \u0142a\u017ani parowej s\u0105 sp\u0142ukiwane za pomoc\u0105 dyszy.<br \/>\nz wod\u0105. Kabina jest wtedy gotowa dla kolejnego u\u017cytkownika. Po up\u0142ywie okre\u015blonego czasu<br \/>\nsystem aktywuje si\u0119 automatycznie.<\/p>\n<p><strong><br \/>\nDOZOWANIE ZAPACHU<\/strong><\/p>\n<p><strong>Modu\u0142 zapachowy<\/strong><br \/>\nOpr\u00f3cz pojedynczego modu\u0142u zapachowego mo\u017cliwe jest r\u00f3wnie\u017c zastosowanie modu\u0142u wielozapachowego. Je\u015bli dost\u0119pne s\u0105<br \/>\nJe\u015bli chcesz regularnie zmienia\u0107 zapachy, jest to \u0142atwa w u\u017cyciu opcja (do 3 zapach\u00f3w).<br \/>\n\u0141atwa regulacja za pomoc\u0105 zewn\u0119trznego panelu sterowania, intensywno\u015bci i wyboru zapachu.<\/p>\n<p><strong><br \/>\nOSZCZ\u0118DZANIE ENERGII<\/strong><\/p>\n<p>Oszcz\u0119dzanie energii to jedno z najwa\u017cniejszych wyzwa\u0144 naszych czas\u00f3w. Jak najlepsze wykorzystanie klienta<br \/>\nkoj\u0105cej k\u0105pieli parowej, ale pozwalaj\u0105c na dzia\u0142anie \u0142a\u017ani parowej tylko wtedy, gdy jest to potrzebne. Aby to zrobi\u0107<br \/>\nAby to osi\u0105gn\u0105\u0107, Cleopatra opracowa\u0142a szereg opcji oszcz\u0119dno\u015bciowych.<br \/>\nDzi\u0119ki funkcji Cleopatra Standby i podgrzewania wst\u0119pnego oszcz\u0119dzasz na kosztach energii, bez<br \/>\nkonieczno\u015b\u0107 p\u00f3j\u015bcia na kompromis w kwestii komfortu i jako\u015bci procesu gotowania na parze.<\/p>\n<p><strong>Naci\u015bnij przycisk Steam<\/strong><br \/>\nJe\u015bli \u0142a\u017ania parowa musi by\u0107 w\u0142\u0105czana i wy\u0142\u0105czana o nieregularnych porach, Press for Steam jest idealnym rozwi\u0105zaniem. Urz\u0105dzenie<br \/>\nGenerator pary pozostaje w trybie gotowo\u015bci w temperaturze bazowej, a naci\u015bni\u0119cie przycisku na zewn\u0105trz kabiny przywo\u0142uje<br \/>\ngenerator z trybu gotowo\u015bci i natychmiast rozpoczyna produkcj\u0119 pary. Idealny do hoteli i miejsc, w kt\u00f3rych<br \/>\nliczba odwiedzaj\u0105cych ulega wahaniom. Opr\u00f3cz zu\u017cycia energii pozwala to r\u00f3wnie\u017c zaoszcz\u0119dzi\u0107 na konserwacji generatora.<\/p>\n<p><strong>Kontrola klimatu<\/strong><\/p>\n<p>Klimatyzacja jest idealnym rozwi\u0105zaniem do regeneracji ciep\u0142a. Zamiast traci\u0107 ciep\u0142o przez otw\u00f3r wentylacyjny, zapewnia ona, \u017ce ciep\u0142e powietrze jest nadal wdmuchiwane do kabiny. Zapewnia to r\u00f3wnomierny rozk\u0142ad temperatury w kabinie.<\/p>\n<p><strong><br \/>\nMUZYKA<\/strong><\/p>\n<p>Modu\u0142 Bluetooth<br \/>\nOpr\u00f3cz mo\u017cliwo\u015bci w\u0142\u0105czenia g\u0142o\u015bnik\u00f3w w \u0142a\u017ani parowej, jest to r\u00f3wnie\u017c mo\u017cliwe za po\u015brednictwem modu\u0142u bluetooth<br \/>\nodtwarzanie muzyki. Wystarczy po\u0142\u0105czy\u0107 si\u0119 z telefonem lub tabletem, aby cieszy\u0107 si\u0119 po\u017c\u0105danym d\u017awi\u0119kiem.<br \/>\nulubiona muzyka<\/p>\n<p><strong><br \/>\nMOC<\/strong><\/p>\n<ul>\n<li>11 modeli od 4 kg\/h do 45 kg\/h<\/li>\n<\/ul>\n<p><strong><br \/>\nR\u0118CZNY<\/strong><\/p>\n<p>Pobierz <a href=\"https:\/\/cleopatra.nl\/wp-content\/uploads\/CLEOPATRA-VITAL-ELITE-PR-2024-DE-ENG-NL-90549014.pdf\">Instrukcja obs\u0142ugi Elite pro<\/a><\/p>\n<h4>\nKATALOG<\/h4>\n<p>Dla katalogu <a href=\"https:\/\/cleopatra.nl\/wp-content\/uploads\/BROCHURE-PROF-STOOM-2023-NL.pdf\" target=\"_blank\" rel=\"noopener\">kliknij tutaj<\/a>.<\/p>","protected":false},"excerpt":{"rendered":"<p>Cleo Elite pro, nast\u0119pca Cleo Total pro, to profesjonalny generator z tymi samymi komponentami co Cleo Total, ale z nowym systemem sterowania. Dzi\u0119ki nowemu systemowi sterowania, konserwacja i regulacja<br \/>\nustawie\u0144 sta\u0142o si\u0119 \u0142atwiejsze. Dzi\u0119ki temu generatorowi pary mo\u017cesz liczy\u0107 na doskona\u0142y proces parowania, d\u0142ug\u0105 \u017cywotno\u015b\u0107 i \u0142atw\u0105 konserwacj\u0119.<\/p>","protected":false},"featured_media":6087,"template":"","format":"standard","meta":{"_acf_changed":false},"product_brand":[347],"product_cat":[81,71],"product_tag":[],"class_list":{"0":"post-6896","1":"product","2":"type-product","3":"status-publish","4":"format-standard","5":"has-post-thumbnail","7":"product_brand-cleopatra","8":"product_cat-stoomtechniek-professioneel","9":"product_cat-shop","11":"first","12":"instock","13":"taxable","14":"shipping-taxable","15":"purchasable","16":"product-type-simple"},"acf":[],"_links":{"self":[{"href":"https:\/\/cleopatra.nl\/pl\/wp-json\/wp\/v2\/product\/6896","targetHints":{"allow":["GET"]}}],"collection":[{"href":"https:\/\/cleopatra.nl\/pl\/wp-json\/wp\/v2\/product"}],"about":[{"href":"https:\/\/cleopatra.nl\/pl\/wp-json\/wp\/v2\/types\/product"}],"wp:featuredmedia":[{"embeddable":true,"href":"https:\/\/cleopatra.nl\/pl\/wp-json\/wp\/v2\/media\/6087"}],"wp:attachment":[{"href":"https:\/\/cleopatra.nl\/pl\/wp-json\/wp\/v2\/media?parent=6896"}],"wp:term":[{"taxonomy":"product_brand","embeddable":true,"href":"https:\/\/cleopatra.nl\/pl\/wp-json\/wp\/v2\/product_brand?post=6896"},{"taxonomy":"product_cat","embeddable":true,"href":"https:\/\/cleopatra.nl\/pl\/wp-json\/wp\/v2\/product_cat?post=6896"},{"taxonomy":"product_tag","embeddable":true,"href":"https:\/\/cleopatra.nl\/pl\/wp-json\/wp\/v2\/product_tag?post=6896"}],"curies":[{"name":"wp","href":"https:\/\/api.w.org\/{rel}","templated":true}]}}