{"id":6905,"date":"2024-04-14T11:41:03","date_gmt":"2024-04-14T09:41:03","guid":{"rendered":"https:\/\/cleopatra.nl\/?post_type=product&#038;p=6905"},"modified":"2026-04-26T21:18:53","modified_gmt":"2026-04-26T19:18:53","slug":"colorado-twin-pro-awc","status":"publish","type":"product","link":"https:\/\/cleopatra.nl\/pl\/shop\/colorado-twin-pro-awc-kopie\/","title":{"rendered":"Colorado Twin Pro | AWC"},"content":{"rendered":"<p>Kompaktowa, w pe\u0142ni zautomatyzowana kabina wellness do profesjonalnego u\u017cytku na basenach publicznych, w parkach wakacyjnych i prywatnych spa. We\u017a <a href=\"https:\/\/cleopatra.nl\/pl\/contact\/\" target=\"_blank\" rel=\"noopener\">kontakt<\/a> aby uzyska\u0107 wi\u0119cej informacji.<\/p>\n<p><strong><br \/>\nCECHY<\/strong><\/p>\n<p>- Akrylowa kabina do zabudowy<br \/>\n- Kabina 2-osobowa<br \/>\n- 2 Miejsca<br \/>\n- Wyposa\u017cony w generator pary<br \/>\n- Zewn\u0119trzny generator pary 4,5 kW. Generator pary musi by\u0107 umieszczony na zewn\u0105trz<br \/>\n- W tym okap parowy<br \/>\n- Opcjonalnie: przycisk pary (tryb gotowo\u015bci), terminal p\u0142atniczy lub degustator<\/p>\n<p>KOLOR SZK\u0141A<br \/>\n- Kolor szk\u0142a: przezroczysty, br\u0105zowy lub szary przydymiony<\/p>\n<p>KIERUNEK DRZWI<br \/>\n- Zawiasy do przodu po prawej lub lewej stronie.<\/p>\n<p>Kabiny Delta line pro (zautomatyzowane kabiny wellness) od wielu lat wiernie s\u0142u\u017c\u0105 r\u00f3\u017cnym basenom publicznym, parkom wakacyjnym i klubom fitness. Kabiny s\u0105 optymalnie higieniczne dzi\u0119ki zastosowaniu akrylu sanitarnego i s\u0105 dodatkowo wzmocnione poliestrem, dzi\u0119ki czemu produkt jest niezwykle trwa\u0142y.<\/p>\n<p>Te kabiny s\u0105 zautomatyzowane i mog\u0105 by\u0107 aktywowane po w\u0142o\u017ceniu monety, przycisku lub terminala p\u0142atniczego. To idealne rozwi\u0105zanie, je\u015bli chcesz zaoferowa\u0107 klientom dodatkowe us\u0142ugi bez konieczno\u015bci ca\u0142odziennego korzystania z obiektu. Dzi\u0119ki terminalowi p\u0142atniczemu, kt\u00f3ry akceptuje szerok\u0105 gam\u0119 metod p\u0142atno\u015bci, u\u017cytkownik mo\u017ce po prostu rozpocz\u0105\u0107 sesj\u0119. Dzi\u0119ki systemowi zarz\u0105dzania pulpitem, przychody i wykorzystanie mog\u0105 by\u0107 \u0142atwo monitorowane zdalnie.<\/p>\n<h4>ZAUTOMATYZOWANE KABINY WELLNESS<\/h4>\n<p>Zautomatyzowane kabiny wellness (AWC) przechodz\u0105 przez kilka etap\u00f3w procesu, dzi\u0119ki czemu u\u017cytkownik mo\u017ce cieszy\u0107 si\u0119 optymalnym do\u015bwiadczeniem. Etapy, elementy i czas sesji s\u0105 \u0142atwe do ustawienia. Aktywacja sesji parowej za pomoc\u0105 przycisku, mechanizmu monet lub terminala p\u0142atniczego (p\u0142atno\u015b\u0107 za pomoc\u0105 kodu PIN lub telefonu). Kabiny te s\u0105 idealne dla publicznych basen\u00f3w, park\u00f3w wakacyjnych itp., kt\u00f3re chc\u0105 zaoferowa\u0107 klientowi ko\u0144cowemu dodatkowy komfort i dobre samopoczucie bez konieczno\u015bci zatrudniania sta\u0142ego personelu. P\u0142atno\u015bci za po\u015brednictwem terminala p\u0142atniczego s\u0105 natychmiast widoczne, co zapewnia aktualno\u015b\u0107 pod wzgl\u0119dem administracyjnym.<\/p>\n<p><strong><br \/>\nPRZYK\u0141AD PROCESU<\/strong><\/p>\n<p>Sesja aktywuj\u0105ca: -&gt; parowanie -&gt; koloroterapia -&gt; aromaterapia -&gt; prysznic -&gt; dezynfekcja -&gt; zako\u0144czenie sesji.<\/p>\n<p><strong><br \/>\nAKTYWACJA SESJI STEAM<\/strong><\/p>\n<p>Ka\u017cd\u0105 wersj\u0119 mo\u017cna aktywowa\u0107 za pomoc\u0105 3 poni\u017cszych metod. Metody te s\u0105 wy\u015bwietlane jako opcje z kabinami i nale\u017cy je zamawia\u0107 osobno.<br \/>\n- Naci\u015bnij przycisk pary<br \/>\n- Sonda monetowa z przeka\u017anikiem<br \/>\n- Terminal p\u0142atniczy Nayax z telemetri\u0105<\/p>\n<p><strong><br \/>\nCECHY<\/strong><\/p>\n<p>- Kabiny wykonane z akrylu: dodatkowo wzmocnione poliestrem<br \/>\n- 4 wymiary<br \/>\n- Szk\u0142o 8 mm przezroczyste, br\u0105zowe lub szare<br \/>\n- Rama drzwi aluminiowa bia\u0142a<br \/>\n- Regulowana sesja Steam<\/p>\n<p>-Zawiasy drzwi z przodu po lewej lub prawej stronie<br \/>\n- W tym odp\u0142yw<br \/>\n- W tym okap parowy<br \/>\n- Technologia pary zewn\u0119trznej<br \/>\n- Przycisk, akceptor monet lub terminal p\u0142atniczy<\/p>\n<h3><strong><br \/>\nWERSJE DELTA LINE PRO<\/strong><\/h3>\n<h4><strong><br \/>\nNIEZB\u0118DNE WDRO\u017bENIE<\/strong><\/h4>\n<p><strong>CAB<\/strong><br \/>\n- Kabina wykonana z wysokiej jako\u015bci akrylu wzmocnionego poliestrem.<br \/>\n- Drzwi w ramie (bia\u0142e) - szk\u0142o w kolorze przezroczystym.<br \/>\n- Drena\u017c.<br \/>\n- Wentylacja.<br \/>\n- Pojemnik na par\u0119 z naklejk\u0105 ostrzegawcz\u0105<\/p>\n<p><strong>O\u015aWIETLENIE<\/strong><br \/>\n- O\u015bwietlenie LED bia\u0142e (2 sztuki).<\/p>\n<p><strong>STOOM<\/strong><br \/>\n- Elektrodowy generator pary Vital pro (3 kW - tylko Colorado Twin = 4,5 kW)<br \/>\n- Aromaterapia (automatyczne dozowanie 1 zapachu)<\/p>\n<h4><strong><br \/>\nWERSJA KOMFORTOWA<\/strong><\/h4>\n<p><strong>CAB<\/strong><br \/>\n- Kabina wykonana z wysokiej jako\u015bci akrylu wzmocnionego poliestrem.<br \/>\n- Drzwi w ramie (bia\u0142e) - szk\u0142o w kolorze przezroczystym.<br \/>\n- Drena\u017c.<br \/>\n- Wentylacja.<br \/>\n- Pojemnik na par\u0119 z naklejk\u0105 ostrzegawcz\u0105<\/p>\n<p><strong>O\u015aWIETLENIE<\/strong><br \/>\n- Kolor o\u015bwietlenia LED (2 szt.).<\/p>\n<p><strong>STOOM<\/strong><br \/>\n- Elektrodowy generator pary Vital pro (3 kW - tylko Colorado Twin 4,5 kW)<br \/>\n- Aromaterapia (automatyczne dozowanie 1 zapachu)<\/p>\n<p><strong>DOUCHE<\/strong><br \/>\n- Prysznic dachowy 240 mm.<\/p>\n<p><strong>DEZYNFEKCJA<\/strong><br \/>\n- System Clean Aqua z 2 dyszami<\/p>\n<h4>\nPE\u0141NE WYKONANIE<\/h4>\n<p><strong>CAB<\/strong><br \/>\n- Kabina wykonana z wysokiej jako\u015bci akrylu wzmocnionego poliestrem.<br \/>\n- Drzwi w ramie (bia\u0142e) - szk\u0142o w kolorze przezroczystym.<br \/>\n- Drena\u017c.<br \/>\n- Wentylacja.<br \/>\n- Tacka zabezpieczaj\u0105ca przed par\u0105 z naklejk\u0105 ostrzegawcz\u0105<\/p>\n<p><strong>O\u015aWIETLENIE<\/strong><br \/>\n- Kolor o\u015bwietlenia LED (2 szt.).<\/p>\n<p><strong>STOOM<\/strong><br \/>\n- Elektrodowy generator pary Vital pro 4,5 kW)<br \/>\n- Aromaterapia (automatyczne dozowanie 2 zapach\u00f3w)<\/p>\n<p><strong>DOUCHE<\/strong><br \/>\n- Prysznic dachowy 240 mm.<\/p>\n<p><strong>DEZYNFEKCJA<\/strong><br \/>\n- System Clean Aqua z 2 dyszami<\/p>\n<p><strong>MUZYKA<\/strong><br \/>\n- 2 g\u0142o\u015bniki do pod\u0142\u0105czenia do \u017ar\u00f3d\u0142a d\u017awi\u0119ku<\/p>\n<p><strong>KONTROLA KLIMATU<\/strong><br \/>\n- Kontrola temperatury wspomagana wentylatorem<\/p>\n<h4>KATALOG<\/h4>\n<p>Wi\u0119cej informacji i <a href=\"https:\/\/cleopatra.nl\/pl\/stoombaden\/delta-line-pro\/\">Pobierz katalog<\/a><\/p>","protected":false},"excerpt":{"rendered":"<p>Kompaktowa, w pe\u0142ni zautomatyzowana kabina wellness do profesjonalnego u\u017cytku na basenach publicznych, w parkach wakacyjnych i prywatnych spa.<\/p>","protected":false},"featured_media":6188,"template":"","format":"standard","meta":{"_acf_changed":false},"product_brand":[347],"product_cat":[71,281,280],"product_tag":[],"class_list":{"0":"post-6905","1":"product","2":"type-product","3":"status-publish","4":"format-standard","5":"has-post-thumbnail","7":"product_brand-cleopatra","8":"product_cat-shop","9":"product_cat-automated-wellness-cabines","10":"product_cat-delta-line-pro","12":"first","13":"onbackorder","14":"taxable","15":"shipping-taxable","16":"purchasable","17":"product-type-simple"},"acf":[],"_links":{"self":[{"href":"https:\/\/cleopatra.nl\/pl\/wp-json\/wp\/v2\/product\/6905","targetHints":{"allow":["GET"]}}],"collection":[{"href":"https:\/\/cleopatra.nl\/pl\/wp-json\/wp\/v2\/product"}],"about":[{"href":"https:\/\/cleopatra.nl\/pl\/wp-json\/wp\/v2\/types\/product"}],"wp:featuredmedia":[{"embeddable":true,"href":"https:\/\/cleopatra.nl\/pl\/wp-json\/wp\/v2\/media\/6188"}],"wp:attachment":[{"href":"https:\/\/cleopatra.nl\/pl\/wp-json\/wp\/v2\/media?parent=6905"}],"wp:term":[{"taxonomy":"product_brand","embeddable":true,"href":"https:\/\/cleopatra.nl\/pl\/wp-json\/wp\/v2\/product_brand?post=6905"},{"taxonomy":"product_cat","embeddable":true,"href":"https:\/\/cleopatra.nl\/pl\/wp-json\/wp\/v2\/product_cat?post=6905"},{"taxonomy":"product_tag","embeddable":true,"href":"https:\/\/cleopatra.nl\/pl\/wp-json\/wp\/v2\/product_tag?post=6905"}],"curies":[{"name":"wp","href":"https:\/\/api.w.org\/{rel}","templated":true}]}}