{"id":6917,"date":"2024-04-14T16:25:51","date_gmt":"2024-04-14T14:25:51","guid":{"rendered":"https:\/\/cleopatra.nl\/?post_type=product&#038;p=6917"},"modified":"2026-04-26T21:19:00","modified_gmt":"2026-04-26T19:19:00","slug":"zeta-line-model-5","status":"publish","type":"product","link":"https:\/\/cleopatra.nl\/pl\/shop\/zeta-line-model-4\/","title":{"rendered":"Linia Zeta | model 4"},"content":{"rendered":"<h3>ZETA LINE MODEL 4<\/h3>\n<p>&nbsp;<\/p>\n<p>Wygodne kabiny do zabudowy wykonane z wysokiej jako\u015bci paneli izolacyjnych w r\u00f3\u017cnych kolorach i wyko\u0144czeniach. Elementy siedziska wykonane s\u0105 z akrylu, kt\u00f3ry poch\u0142ania minimaln\u0105 ilo\u015b\u0107 ciep\u0142a i jest \u0142atwy w czyszczeniu. Kabiny te wymagaj\u0105 niewielkiej konserwacji i zachowuj\u0105 sw\u00f3j luksusowy wygl\u0105d przez lata. Poniewa\u017c kabiny maj\u0105 konstrukcj\u0119 modu\u0142ow\u0105, w razie potrzeby mo\u017cna je dostosowa\u0107 do indywidualnych potrzeb. Take <a href=\"https:\/\/cleopatra.nl\/pl\/contact\/\" target=\"_blank\" rel=\"noopener\">kontakt<\/a> aby uzyska\u0107 wi\u0119cej informacji.<\/p>\n<p>- Kabina wykonana z paneli izolacyjnych i akrylowego siedziska (siedzisk).<br \/>\n- \u015aciany, dach i siedzisko w pe\u0142ni wyko\u0144czone.<br \/>\n- 4 modele; dost\u0119pne w 3 wersjach.<br \/>\n- Szk\u0142o 8 mm przezroczyste, br\u0105zowe lub szare.<br \/>\n- O\u015bcie\u017cnica aluminiowa bia\u0142a lub w kolorze RAL (za dop\u0142at\u0105).<br \/>\n- Drzwi obracaj\u0105 si\u0119 na przednich zawiasach w lewo lub w prawo.<br \/>\n- Zawiera bateri\u0119 termostatyczn\u0105, s\u0142uchawk\u0119 prysznicow\u0105 i suwak.<br \/>\n- Kabina do umieszczenia na wyko\u0144czonej pod\u0142odze.<br \/>\n- Technologia pary zewn\u0119trznej.<\/p>\n<p>&nbsp;<\/p>\n<p><strong>WYKONANIE<\/strong><\/p>\n<p>&nbsp;<\/p>\n<p><strong>ZETA ESSENTIAL<\/strong><\/p>\n<p>CAB<br \/>\n- Kabina wykonana z wysokiej jako\u015bci paneli izolacyjnych.<br \/>\n- Drzwi w ramie (bia\u0142e) - szk\u0142o w kolorze przezroczystym.<br \/>\n- Wentylacja.<\/p>\n<p>DOUCHE<br \/>\n- Bateria termostatyczna (1 funkcja).<br \/>\n- Prysznic r\u0119czny i suwak.<\/p>\n<p>O\u015aWIETLENIE<br \/>\n- O\u015bwietlenie LED bia\u0142e (2 sztuki).<\/p>\n<p>STOOM<br \/>\n- Generator pary Steam One wraz z elementami steruj\u0105cymi<br \/>\n- Aromaterapia (automatyczne dozowanie 1 zapachu).<br \/>\n- Plastikowy wlot pary bia\u0142y, szary lub czarny.<\/p>\n<p>&nbsp;<\/p>\n<p><strong>ZETA DELUXE<\/strong><\/p>\n<p>CAB<br \/>\n- Kabina wykonana z wysokiej jako\u015bci paneli izolacyjnych.<br \/>\n- Drzwi w ramie (bia\u0142e) - szk\u0142o w kolorze przezroczystym.<br \/>\n- Wentylacja.<\/p>\n<p>DOUCHE<br \/>\n- Bateria termostatyczna (2 funkcje).<br \/>\n- Prysznic r\u0119czny i suwak.<br \/>\n- Prysznic dachowy 240 mm.<\/p>\n<p>O\u015aWIETLENIE<br \/>\n- Kolor o\u015bwietlenia LED (2 szt.).<\/p>\n<p>STOOM<br \/>\n- Generator pary Steam Smart wraz z elementami steruj\u0105cymi<br \/>\n- Aromaterapia (automatyczne dozowanie 1 zapachu).<br \/>\n- Plastikowy wlot pary bia\u0142y, szary lub czarny.<\/p>\n<p>&nbsp;<\/p>\n<p><strong>ZETA EXCLUSIVE<\/strong><\/p>\n<p>CAB<br \/>\n- Kabina wykonana z wysokiej jako\u015bci paneli izolacyjnych.<br \/>\n- Drzwi w ramie (bia\u0142e) - szk\u0142o w kolorze przezroczystym.<br \/>\n- Wentylacja.<\/p>\n<p>DOUCHE<br \/>\n- Bateria termostatyczna (3 funkcje).<br \/>\n- Prysznic r\u0119czny i suwak.<br \/>\n- Prysznic dachowy 300 mm.<br \/>\n- Boczne prysznice tkanki t\u0142uszczowej (6 sztuk).<\/p>\n<p>O\u015aWIETLENIE<br \/>\n- Kolor o\u015bwietlenia LED (2 szt.).<\/p>\n<p>STOOM<br \/>\n- Generator pary Steam Deluxe wraz z elementami steruj\u0105cymi<br \/>\n- Aromaterapia (automatyczne dozowanie 2 zapach\u00f3w).<br \/>\n- Plastikowy wlot pary bia\u0142y, szary lub czarny.<\/p>\n<p>MUZYKA<br \/>\n- Modu\u0142 Bluetooth z 2 g\u0142o\u015bnikami.<\/p>\n<p>&nbsp;<\/p>\n<p><strong>OPCJONALNE OKNO<\/strong><\/p>\n<p>- 2050 x 500 mm | 2109 40 03<br \/>\n- 2050 x 1000 mm | 2109 40 10<\/p>\n<p>- 2050 x 1250 mm | 2109 40 15<\/p>\n<p>- 2050 x 1500 mm | 2109 40 20<\/p>\n<p>&nbsp;<\/p>\n<p><strong>OPCJONALNY DACH I SIEDZENIE W KOLORZE RAL<\/strong><\/p>\n<p>Dop\u0142ata za kolor 2109 50 05<\/p>\n<p>&nbsp;<\/p>\n<p><strong>KATALOG<\/strong><\/p>\n<p>Pobierz <a href=\"https:\/\/cleopatra.nl\/wp-content\/uploads\/CLEOPATRA-STOOM-2023-NL.pdf\">katalog<\/a><\/p>","protected":false},"excerpt":{"rendered":"<p>Wygodne kabiny do zabudowy wykonane z wysokiej jako\u015bci paneli izolacyjnych w r\u00f3\u017cnych kolorach i wyko\u0144czeniach. Elementy siedziska wykonane s\u0105 z akrylu, kt\u00f3ry poch\u0142ania minimaln\u0105 ilo\u015b\u0107 ciep\u0142a i jest \u0142atwy w czyszczeniu. Kabiny te wymagaj\u0105 niewielkiej konserwacji i zachowuj\u0105 sw\u00f3j luksusowy wygl\u0105d przez lata. Poniewa\u017c kabiny maj\u0105 konstrukcj\u0119 modu\u0142ow\u0105, w razie potrzeby mo\u017cna je dostosowa\u0107 do indywidualnych potrzeb. Take <a href=\"https:\/\/cleopatra.nl\/pl\/contact\/\" target=\"_blank\" rel=\"noopener\">kontakt<\/a> aby uzyska\u0107 wi\u0119cej informacji.<\/p>","protected":false},"featured_media":6151,"template":"","format":"standard","meta":{"_acf_changed":false},"product_brand":[347],"product_cat":[71,74,282],"product_tag":[],"class_list":{"0":"post-6917","1":"product","2":"type-product","3":"status-publish","4":"format-standard","5":"has-post-thumbnail","7":"product_brand-cleopatra","8":"product_cat-shop","9":"product_cat-douche-stoomcabines","10":"product_cat-zeta-line","12":"first","13":"onbackorder","14":"taxable","15":"shipping-taxable","16":"purchasable","17":"product-type-simple"},"acf":[],"_links":{"self":[{"href":"https:\/\/cleopatra.nl\/pl\/wp-json\/wp\/v2\/product\/6917","targetHints":{"allow":["GET"]}}],"collection":[{"href":"https:\/\/cleopatra.nl\/pl\/wp-json\/wp\/v2\/product"}],"about":[{"href":"https:\/\/cleopatra.nl\/pl\/wp-json\/wp\/v2\/types\/product"}],"wp:featuredmedia":[{"embeddable":true,"href":"https:\/\/cleopatra.nl\/pl\/wp-json\/wp\/v2\/media\/6151"}],"wp:attachment":[{"href":"https:\/\/cleopatra.nl\/pl\/wp-json\/wp\/v2\/media?parent=6917"}],"wp:term":[{"taxonomy":"product_brand","embeddable":true,"href":"https:\/\/cleopatra.nl\/pl\/wp-json\/wp\/v2\/product_brand?post=6917"},{"taxonomy":"product_cat","embeddable":true,"href":"https:\/\/cleopatra.nl\/pl\/wp-json\/wp\/v2\/product_cat?post=6917"},{"taxonomy":"product_tag","embeddable":true,"href":"https:\/\/cleopatra.nl\/pl\/wp-json\/wp\/v2\/product_tag?post=6917"}],"curies":[{"name":"wp","href":"https:\/\/api.w.org\/{rel}","templated":true}]}}