{"id":7000,"date":"2024-06-05T09:22:00","date_gmt":"2024-06-05T07:22:00","guid":{"rendered":"https:\/\/cleopatra.nl\/?post_type=product&#038;p=7000"},"modified":"2025-09-18T15:04:50","modified_gmt":"2025-09-18T13:04:50","slug":"hg-isiflexb-doucheslang-160-cm-chr","status":"publish","type":"product","link":"https:\/\/cleopatra.nl\/pl\/spare-parts\/hg-isiflexb-doucheslang-160-cm-chr\/","title":{"rendered":"W\u0105\u017c prysznicowy Isiflex B | Hansgrohe | 160 cm chrom"},"content":{"rendered":"<p>W\u0104\u017b PRYSZNICOWY ISIFLEX 160 CM<\/p>\n<p>w\u0105\u017c prysznicowy wykonany z wysokiej jako\u015bci tworzywa sztucznego<br \/>\n\u0141atwy do czyszczenia plastikowy r\u0119kaw<br \/>\nd\u0142ugo\u015b\u0107: 1,60 m<br \/>\nobrotowy po stronie prysznica, aby zapobiec skr\u0119caniu si\u0119 w\u0119\u017ca prysznicowego<br \/>\nz zabezpieczeniem przed zginaniem<\/p>","protected":false},"excerpt":{"rendered":"<p>Chcesz wiedzie\u0107, jak wymieni\u0107 ten produkt? <a href=\"https:\/\/cleopatra.nl\/wp-content\/uploads\/28276000.pdf\" target=\"_blank\" rel=\"noopener\">Nast\u0119pnie kliknij instrukcj\u0119 serwisow\u0105<\/a><\/p>","protected":false},"featured_media":7001,"template":"","format":"standard","meta":{"_acf_changed":false},"product_brand":[],"product_cat":[60,112,103],"product_tag":[],"class_list":{"0":"post-7000","1":"product","2":"type-product","3":"status-publish","4":"format-standard","5":"has-post-thumbnail","7":"product_cat-spare-parts","8":"product_cat-kraan-onderdelen","9":"product_cat-stoomcabine-onderdelen","11":"first","12":"instock","13":"taxable","14":"shipping-taxable","15":"purchasable","16":"product-type-simple"},"acf":[],"_links":{"self":[{"href":"https:\/\/cleopatra.nl\/pl\/wp-json\/wp\/v2\/product\/7000","targetHints":{"allow":["GET"]}}],"collection":[{"href":"https:\/\/cleopatra.nl\/pl\/wp-json\/wp\/v2\/product"}],"about":[{"href":"https:\/\/cleopatra.nl\/pl\/wp-json\/wp\/v2\/types\/product"}],"wp:featuredmedia":[{"embeddable":true,"href":"https:\/\/cleopatra.nl\/pl\/wp-json\/wp\/v2\/media\/7001"}],"wp:attachment":[{"href":"https:\/\/cleopatra.nl\/pl\/wp-json\/wp\/v2\/media?parent=7000"}],"wp:term":[{"taxonomy":"product_brand","embeddable":true,"href":"https:\/\/cleopatra.nl\/pl\/wp-json\/wp\/v2\/product_brand?post=7000"},{"taxonomy":"product_cat","embeddable":true,"href":"https:\/\/cleopatra.nl\/pl\/wp-json\/wp\/v2\/product_cat?post=7000"},{"taxonomy":"product_tag","embeddable":true,"href":"https:\/\/cleopatra.nl\/pl\/wp-json\/wp\/v2\/product_tag?post=7000"}],"curies":[{"name":"wp","href":"https:\/\/api.w.org\/{rel}","templated":true}]}}