{"id":7005,"date":"2024-06-05T10:21:14","date_gmt":"2024-06-05T08:21:14","guid":{"rendered":"https:\/\/cleopatra.nl\/?post_type=product&#038;p=7005"},"modified":"2026-04-26T10:08:45","modified_gmt":"2026-04-26T08:08:45","slug":"hg-secuflex-bad-tegelranddoorvoerset-chr","status":"publish","type":"product","link":"https:\/\/cleopatra.nl\/pl\/spare-parts\/hg-secuflex-bad-tegelranddoorvoerset-chr\/","title":{"rendered":"Secuflex | Hansgrohe | zestaw do penetracji kraw\u0119dzi wanny i p\u0142ytek | chrom"},"content":{"rendered":"<p>Hansgrohe zestaw kraw\u0119dzi wanny Secuflex 28380000 chrom<\/p>","protected":false},"excerpt":{"rendered":"<p>Chcesz wiedzie\u0107, jak wymieni\u0107 ten produkt? <a href=\"https:\/\/cleopatra.nl\/wp-content\/uploads\/28380000.pdf\" target=\"_blank\" rel=\"noopener\">Nast\u0119pnie kliknij instrukcj\u0119 serwisow\u0105<\/a><\/p>","protected":false},"featured_media":7006,"template":"","format":"standard","meta":{"_acf_changed":false},"product_brand":[347],"product_cat":[60,102,109],"product_tag":[],"class_list":{"0":"post-7005","1":"product","2":"type-product","3":"status-publish","4":"format-standard","5":"has-post-thumbnail","7":"product_brand-cleopatra","8":"product_cat-spare-parts","9":"product_cat-baden-onderdelen","10":"product_cat-overige","11":"product_shipping_class-gratis-verzending","13":"first","14":"instock","15":"taxable","16":"shipping-taxable","17":"purchasable","18":"product-type-simple"},"acf":[],"_links":{"self":[{"href":"https:\/\/cleopatra.nl\/pl\/wp-json\/wp\/v2\/product\/7005","targetHints":{"allow":["GET"]}}],"collection":[{"href":"https:\/\/cleopatra.nl\/pl\/wp-json\/wp\/v2\/product"}],"about":[{"href":"https:\/\/cleopatra.nl\/pl\/wp-json\/wp\/v2\/types\/product"}],"wp:featuredmedia":[{"embeddable":true,"href":"https:\/\/cleopatra.nl\/pl\/wp-json\/wp\/v2\/media\/7006"}],"wp:attachment":[{"href":"https:\/\/cleopatra.nl\/pl\/wp-json\/wp\/v2\/media?parent=7005"}],"wp:term":[{"taxonomy":"product_brand","embeddable":true,"href":"https:\/\/cleopatra.nl\/pl\/wp-json\/wp\/v2\/product_brand?post=7005"},{"taxonomy":"product_cat","embeddable":true,"href":"https:\/\/cleopatra.nl\/pl\/wp-json\/wp\/v2\/product_cat?post=7005"},{"taxonomy":"product_tag","embeddable":true,"href":"https:\/\/cleopatra.nl\/pl\/wp-json\/wp\/v2\/product_tag?post=7005"}],"curies":[{"name":"wp","href":"https:\/\/api.w.org\/{rel}","templated":true}]}}