{"id":7134,"date":"2024-06-20T10:59:20","date_gmt":"2024-06-20T08:59:20","guid":{"rendered":"https:\/\/cleopatra.nl\/?post_type=product&#038;p=7134"},"modified":"2026-04-26T08:55:43","modified_gmt":"2026-04-26T06:55:43","slug":"ph-serviceset-kruisstuk-whirlpool","status":"publish","type":"product","link":"https:\/\/cleopatra.nl\/pl\/spare-parts\/ph-serviceset-kruisstuk-whirlpool\/","title":{"rendered":"Zestaw serwisowy | Krzy\u017cak Whirlpool"},"content":{"rendered":"<p><strong>Ten zestaw nie jest ju\u017c dost\u0119pny ani nie mo\u017cna go zam\u00f3wi\u0107,<\/strong><\/p>","protected":false},"excerpt":{"rendered":"<p>Ten zestaw nie jest ju\u017c dost\u0119pny ani nie mo\u017cna go zam\u00f3wi\u0107,<\/p>","protected":false},"featured_media":7135,"template":"","format":"standard","meta":{"_acf_changed":false},"product_brand":[347],"product_cat":[60,106,102],"product_tag":[],"class_list":{"0":"post-7134","1":"product","2":"type-product","3":"status-publish","4":"format-standard","5":"has-post-thumbnail","7":"product_brand-cleopatra","8":"product_cat-spare-parts","9":"product_cat-afvoer","10":"product_cat-baden-onderdelen","11":"product_shipping_class-gratis-verzending","13":"first","14":"outofstock","15":"taxable","16":"shipping-taxable","17":"purchasable","18":"product-type-simple"},"acf":[],"_links":{"self":[{"href":"https:\/\/cleopatra.nl\/pl\/wp-json\/wp\/v2\/product\/7134","targetHints":{"allow":["GET"]}}],"collection":[{"href":"https:\/\/cleopatra.nl\/pl\/wp-json\/wp\/v2\/product"}],"about":[{"href":"https:\/\/cleopatra.nl\/pl\/wp-json\/wp\/v2\/types\/product"}],"wp:featuredmedia":[{"embeddable":true,"href":"https:\/\/cleopatra.nl\/pl\/wp-json\/wp\/v2\/media\/7135"}],"wp:attachment":[{"href":"https:\/\/cleopatra.nl\/pl\/wp-json\/wp\/v2\/media?parent=7134"}],"wp:term":[{"taxonomy":"product_brand","embeddable":true,"href":"https:\/\/cleopatra.nl\/pl\/wp-json\/wp\/v2\/product_brand?post=7134"},{"taxonomy":"product_cat","embeddable":true,"href":"https:\/\/cleopatra.nl\/pl\/wp-json\/wp\/v2\/product_cat?post=7134"},{"taxonomy":"product_tag","embeddable":true,"href":"https:\/\/cleopatra.nl\/pl\/wp-json\/wp\/v2\/product_tag?post=7134"}],"curies":[{"name":"wp","href":"https:\/\/api.w.org\/{rel}","templated":true}]}}