{"id":7163,"date":"2024-07-03T13:27:02","date_gmt":"2024-07-03T11:27:02","guid":{"rendered":"https:\/\/cleopatra.nl\/?post_type=product&#038;p=7163"},"modified":"2026-04-26T08:55:43","modified_gmt":"2026-04-26T06:55:43","slug":"geurstofpomp-12v-klem","status":"publish","type":"product","link":"https:\/\/cleopatra.nl\/pl\/spare-parts\/geurstofpomp-12v-klem\/","title":{"rendered":"Pompka zapachowa | 12V + zacisk"},"content":{"rendered":"<p>Ta pompka zapachowa jest odpowiednia dla nast\u0119puj\u0105cych urz\u0105dze\u0144.<\/p>\n<ul>\n<li>Cleo Basic<\/li>\n<li>Cleo Total<\/li>\n<li>Cleo Vital<\/li>\n<li>Cleo Elite<\/li>\n<\/ul>","protected":false},"excerpt":{"rendered":"<p>Chcesz wiedzie\u0107, jak wymieni\u0107 ten produkt? <a href=\"https:\/\/cleopatra.nl\/wp-content\/uploads\/30942510.pdf\" target=\"_blank\" rel=\"noopener\">Nast\u0119pnie kliknij instrukcj\u0119 serwisow\u0105<\/a><\/p>","protected":false},"featured_media":7164,"template":"","format":"standard","meta":{"_acf_changed":false},"product_brand":[347],"product_cat":[60,134,105],"product_tag":[],"class_list":{"0":"post-7163","1":"product","2":"type-product","3":"status-publish","4":"format-standard","5":"has-post-thumbnail","7":"product_brand-cleopatra","8":"product_cat-spare-parts","9":"product_cat-overige-professioneel","10":"product_cat-professioneel","11":"product_shipping_class-gratis-verzending","13":"first","14":"instock","15":"taxable","16":"shipping-taxable","17":"purchasable","18":"product-type-simple"},"acf":[],"_links":{"self":[{"href":"https:\/\/cleopatra.nl\/pl\/wp-json\/wp\/v2\/product\/7163","targetHints":{"allow":["GET"]}}],"collection":[{"href":"https:\/\/cleopatra.nl\/pl\/wp-json\/wp\/v2\/product"}],"about":[{"href":"https:\/\/cleopatra.nl\/pl\/wp-json\/wp\/v2\/types\/product"}],"wp:featuredmedia":[{"embeddable":true,"href":"https:\/\/cleopatra.nl\/pl\/wp-json\/wp\/v2\/media\/7164"}],"wp:attachment":[{"href":"https:\/\/cleopatra.nl\/pl\/wp-json\/wp\/v2\/media?parent=7163"}],"wp:term":[{"taxonomy":"product_brand","embeddable":true,"href":"https:\/\/cleopatra.nl\/pl\/wp-json\/wp\/v2\/product_brand?post=7163"},{"taxonomy":"product_cat","embeddable":true,"href":"https:\/\/cleopatra.nl\/pl\/wp-json\/wp\/v2\/product_cat?post=7163"},{"taxonomy":"product_tag","embeddable":true,"href":"https:\/\/cleopatra.nl\/pl\/wp-json\/wp\/v2\/product_tag?post=7163"}],"curies":[{"name":"wp","href":"https:\/\/api.w.org\/{rel}","templated":true}]}}