{"id":7177,"date":"2024-07-12T15:50:03","date_gmt":"2024-07-12T13:50:03","guid":{"rendered":"https:\/\/cleopatra.nl\/?post_type=product&#038;p=7177"},"modified":"2025-09-18T15:54:31","modified_gmt":"2025-09-18T13:54:31","slug":"hg-flexaplus-metaalstop-chroom","status":"publish","type":"product","link":"https:\/\/cleopatra.nl\/pl\/spare-parts\/hg-flexaplus-metaalstop-chroom\/","title":{"rendered":"Zatyczka metalowa Flexaplus | Hansgrohe | chrom"},"content":{"rendered":"<p class=\"ws-heading-3 mb-2 md:mb-0\">Hansgrohe Divers korek do wanny du\u017cy do Flexaplus, Excentra i Excentra-Fill chrom<\/p>","protected":false},"excerpt":{"rendered":"<p>Chcesz wiedzie\u0107, jak wymieni\u0107 ten produkt? <a href=\"https:\/\/cleopatra.nl\/wp-content\/uploads\/96153000.pdf\" target=\"_blank\" rel=\"noopener\">Nast\u0119pnie kliknij instrukcj\u0119 serwisow\u0105<\/a><\/p>","protected":false},"featured_media":7178,"template":"","format":"standard","meta":{"_acf_changed":false},"product_brand":[],"product_cat":[60,106,102],"product_tag":[],"class_list":{"0":"post-7177","1":"product","2":"type-product","3":"status-publish","4":"format-standard","5":"has-post-thumbnail","7":"product_cat-spare-parts","8":"product_cat-afvoer","9":"product_cat-onderdelen-baden","11":"first","12":"instock","13":"taxable","14":"shipping-taxable","15":"purchasable","16":"product-type-simple"},"acf":[],"_links":{"self":[{"href":"https:\/\/cleopatra.nl\/pl\/wp-json\/wp\/v2\/product\/7177","targetHints":{"allow":["GET"]}}],"collection":[{"href":"https:\/\/cleopatra.nl\/pl\/wp-json\/wp\/v2\/product"}],"about":[{"href":"https:\/\/cleopatra.nl\/pl\/wp-json\/wp\/v2\/types\/product"}],"wp:featuredmedia":[{"embeddable":true,"href":"https:\/\/cleopatra.nl\/pl\/wp-json\/wp\/v2\/media\/7178"}],"wp:attachment":[{"href":"https:\/\/cleopatra.nl\/pl\/wp-json\/wp\/v2\/media?parent=7177"}],"wp:term":[{"taxonomy":"product_brand","embeddable":true,"href":"https:\/\/cleopatra.nl\/pl\/wp-json\/wp\/v2\/product_brand?post=7177"},{"taxonomy":"product_cat","embeddable":true,"href":"https:\/\/cleopatra.nl\/pl\/wp-json\/wp\/v2\/product_cat?post=7177"},{"taxonomy":"product_tag","embeddable":true,"href":"https:\/\/cleopatra.nl\/pl\/wp-json\/wp\/v2\/product_tag?post=7177"}],"curies":[{"name":"wp","href":"https:\/\/api.w.org\/{rel}","templated":true}]}}