{"id":7663,"date":"2024-09-18T11:40:49","date_gmt":"2024-09-18T09:40:49","guid":{"rendered":"https:\/\/cleopatra.nl\/?post_type=product&#038;p=7663"},"modified":"2026-04-26T08:55:42","modified_gmt":"2026-04-26T06:55:42","slug":"verlichting-opbouw-12v-25w-wit","status":"publish","type":"product","link":"https:\/\/cleopatra.nl\/pl\/spare-parts\/verlichting-opbouw-12v-25w-wit\/","title":{"rendered":"O\u015bwietlenie natynkowe | 12V - 25W | bia\u0142y"},"content":{"rendered":"<p>Verlichtings armatuur compleet 12v &#8211; 25 Watt [E27 FITTING] inclusief gloeilamp.<\/p>\n","protected":false},"excerpt":{"rendered":"<p>Chcesz wiedzie\u0107, jak wymieni\u0107 ten produkt? <a href=\"https:\/\/cleopatra.nl\/wp-content\/uploads\/30956110.pdf\" target=\"_blank\" rel=\"noopener\">Nast\u0119pnie kliknij instrukcj\u0119 serwisow\u0105<\/a><\/p>","protected":false},"featured_media":7664,"template":"","format":"standard","meta":{"_acf_changed":false},"product_brand":[347],"product_cat":[60,113,134,103,105],"product_tag":[],"class_list":{"0":"post-7663","1":"product","2":"type-product","3":"status-publish","4":"format-standard","5":"has-post-thumbnail","7":"product_brand-cleopatra","8":"product_cat-spare-parts","9":"product_cat-overige-stoomcabine-onderdelen","10":"product_cat-overige-professioneel","11":"product_cat-stoomcabine-onderdelen","12":"product_cat-professioneel","13":"product_shipping_class-gratis-verzending","15":"first","16":"instock","17":"taxable","18":"shipping-taxable","19":"purchasable","20":"product-type-simple"},"acf":[],"_links":{"self":[{"href":"https:\/\/cleopatra.nl\/pl\/wp-json\/wp\/v2\/product\/7663","targetHints":{"allow":["GET"]}}],"collection":[{"href":"https:\/\/cleopatra.nl\/pl\/wp-json\/wp\/v2\/product"}],"about":[{"href":"https:\/\/cleopatra.nl\/pl\/wp-json\/wp\/v2\/types\/product"}],"wp:featuredmedia":[{"embeddable":true,"href":"https:\/\/cleopatra.nl\/pl\/wp-json\/wp\/v2\/media\/7664"}],"wp:attachment":[{"href":"https:\/\/cleopatra.nl\/pl\/wp-json\/wp\/v2\/media?parent=7663"}],"wp:term":[{"taxonomy":"product_brand","embeddable":true,"href":"https:\/\/cleopatra.nl\/pl\/wp-json\/wp\/v2\/product_brand?post=7663"},{"taxonomy":"product_cat","embeddable":true,"href":"https:\/\/cleopatra.nl\/pl\/wp-json\/wp\/v2\/product_cat?post=7663"},{"taxonomy":"product_tag","embeddable":true,"href":"https:\/\/cleopatra.nl\/pl\/wp-json\/wp\/v2\/product_tag?post=7663"}],"curies":[{"name":"wp","href":"https:\/\/api.w.org\/{rel}","templated":true}]}}