{"id":7731,"date":"2024-10-09T12:10:46","date_gmt":"2024-10-09T10:10:46","guid":{"rendered":"https:\/\/cleopatra.nl\/?post_type=product&#038;p=7731"},"modified":"2026-04-26T21:18:56","modified_gmt":"2026-04-26T19:18:56","slug":"sauna-barrel-300-300-x-210-x-210-cm-2","status":"publish","type":"product","link":"https:\/\/cleopatra.nl\/pl\/shop\/saunas\/sauna-barrel-300-300-x-210-x-210-cm\/","title":{"rendered":"Beczka do sauny 300 | 300 x 210 x 210 cm"},"content":{"rendered":"<h3>Beczka do sauny | 300 x 210 x 210 cm<\/h3>\n<p>Za tradycyjnym wygl\u0105dem tych saun beczkowych kryje si\u0119 wspania\u0142e do\u015bwiadczenie sauny. The<br \/>\nPo\u0142\u0105czenie wykwalifikowanej pracy mistrz\u00f3w sauny, wysokiej jako\u015bci materia\u0142\u00f3w i<br \/>\nTradycyjny piec do sauny opalany drewnem zapewnia wyj\u0105tkowo zdrowy klimat w saunie. G\u0142\u0119boki<br \/>\nRelaksuj\u0105ca sauna dla ca\u0142ego cia\u0142a.<\/p>\n<p><strong>Trwa\u0142o\u015b\u0107 i wysoka jako\u015b\u0107<\/strong><br \/>\nOk\u0142adzina z termodrewna i wysokiej jako\u015bci materia\u0142y wewn\u0119trzne, tradycyjny piec opalany drewnem,<br \/>\nprodukowane przez do\u015bwiadczonych stolarzy. Dzi\u0119ki wieloletniemu do\u015bwiadczeniu w produkcji saun jeste\u015b<br \/>\nzapewnione wyj\u0105tkowe do\u015bwiadczenie.<\/p>\n<p><strong>Przyjazny dla \u015brodowiska<\/strong><br \/>\nZr\u00f3wnowa\u017cone materia\u0142y i wydajna produkcja przy minimalnej ilo\u015bci odpad\u00f3w.<\/p>\n<p><strong>Wymiary standardowe<\/strong><br \/>\nCztery r\u00f3\u017cne modele s\u0105 dost\u0119pne w trzech wersjach.<\/p>\n<p><strong>\u0141atwe do (ponownego) umieszczenia<\/strong><br \/>\nSpecjalne wzmocnienia do podnoszenia d\u017awigiem, ale r\u00f3wnie\u017c do przemieszczania w\u00f3zkiem wid\u0142owym.<br \/>\nBeczki mo\u017cna umie\u015bci\u0107 na utwardzonej powierzchni.<\/p>\n<p><strong>Zalety<\/strong><br \/>\n- Wykonana w ca\u0142o\u015bci z drewna termicznego.<br \/>\n- Dodatkowa ochrona przed brudem i wilgoci\u0105, zar\u00f3wno wewn\u0105trz, jak i na zewn\u0105trz.<br \/>\n- Z dba\u0142o\u015bci\u0105 o szczeg\u00f3\u0142y.<br \/>\n- W pe\u0142ni pokryty dach bitumiczny (3 warstwy).<br \/>\n- \u0141atwa instalacja i konserwacja.<br \/>\n- Solidny piec opalany drewnem.<br \/>\n- Dodatkowe opcje zapewniaj\u0105ce wyj\u0105tkowe wra\u017cenia.<\/p>\n<p><strong>Uwaga<\/strong><br \/>\nW przypadku wyboru kuchenki elektrycznej zamiast kuchenki opalanej drewnem nale\u017cy pami\u0119ta\u0107, \u017ce<br \/>\ndost\u0119pne s\u0105 wymagane zasilacze elektryczne (400V - 3N). Dla opcji o\u015bwietlenia LED dost\u0119pny jest zasilacz 230V<br \/>\nodpowiednie po\u0142\u0105czenie.<\/p>\n<p><strong>Katalog mo\u017cna pobra\u0107 tutaj: <a href=\"https:\/\/cleopatra.nl\/wp-content\/uploads\/CLEOPATRA-SAUNA-BARRELS-2024-web.pdf\">kliknij tutaj<\/a><\/strong><\/p>\n<h4><\/h4>\n<h4><strong>CECHY<\/strong><\/h4>\n<p><strong>\u015aciany<\/strong><br \/>\nKabina jest zbudowana ze \u015bcian o grubo\u015bci 40 mm, w tym z przodu i z ty\u0142u, wy\u0142\u0105cznie termoizolacyjnych.<br \/>\nZastosowano \u015bwierk. Drewno to jest poddawane pr\u00f3\u017cniowej obr\u00f3bce par\u0105 wodn\u0105 w temperaturze 215\u00b0 Celsjusza, zapewniaj\u0105c tak\u0105 sam\u0105 trwa\u0142o\u015b\u0107<br \/>\nJako drewno li\u015bciaste klasy I, w przeciwie\u0144stwie do drewna impregnowanego, nie s\u0105 stosowane \u017cadne \u015brodki chemiczne.<br \/>\nW zwi\u0105zku z tym podj\u0119to decyzj\u0119 o pozostawieniu jak najmniejszego \u015bladu ekologicznego, r\u00f3wnie\u017c z certyfikatem FSC<br \/>\nInnymi s\u0142owy, ca\u0142e u\u017cyte drewno pochodzi z dobrze zarz\u0105dzanych las\u00f3w w Estonii.<\/p>\n<p><strong>Rodzaj drewna<\/strong><br \/>\nKabina jest w ca\u0142o\u015bci zbudowana z termo-drewna, r\u00f3wnie\u017c konstrukcja ramy drzwi z drewna \/ kratki pod\u0142ogowe to daje<br \/>\ngwarantuj\u0105, \u017ce sauna jest trwa\u0142a i d\u0142ugowieczna.<\/p>\n<p><strong>Higiena<\/strong><br \/>\nWewn\u0119trzne \u015bciany i \u0142awki s\u0105 dodatkowo pokryte woskiem do sauny, co zapewnia kabinie dodatkow\u0105 ochron\u0119 przed wilgoci\u0105 i brudem<br \/>\nchroni. Zewn\u0119trzna strona sauny jest pokryta olejem ochronnym Sikkens Cetol, chroni\u0105cym<br \/>\nchroni przed zabrudzeniami i sprawia, \u017ce kabina jest jeszcze bardziej wytrzyma\u0142a. Do ka\u017cdej beczki do\u0142\u0105czona jest dodatkowa butelka o pojemno\u015bci 1 litra.<br \/>\nroczna konserwacja (mo\u017ce by\u0107 r\u00f3wnie\u017c zamawiana oddzielnie)<\/p>\n<p><strong>Pokrycia dachowe<\/strong><br \/>\nPokrycie dachowe sk\u0142ada si\u0119 z czarnego bitumu pojedynczego, systemu 3-warstwowego (pierwsza warstwa to bitum rolowany, a nast\u0119pnie<br \/>\n2 warstwy ta\u015bmy) dostarczane s\u0105 r\u00f3wnie\u017c listwy przeciwdeszczowe lub okapniki, dzi\u0119ki czemu drewno d\u0142u\u017cej pozostaje \u0142adne<\/p>\n<p><strong>Sofy<\/strong><br \/>\n\u0141awki wykonane s\u0105 z bardzo szerokich listew z drewna thermo Abachi, kt\u00f3re nie przewodzi ciep\u0142a,<br \/>\naby nie nagrzewa\u0142y si\u0119 zbytnio podczas siadania lub opierania si\u0119 o nie, traktujemy je r\u00f3wnie\u017c woskiem, dzi\u0119ki czemu<br \/>\nDzi\u0119ki temu sofy d\u0142u\u017cej zachowuj\u0105 \u0142adny wygl\u0105d i nie zaci\u0105gaj\u0105 si\u0119. Szerokie oparcie jest standardem<br \/>\nzapewniaj\u0105ce relaks w pozycji le\u017c\u0105cej. Opcjonalnie pod \u0142awkami mo\u017cna zamontowa\u0107 kolorowe o\u015bwietlenie LED RGB.<br \/>\ndopasowany, aby doda\u0107 dodatkowy element atmosferyczny.<\/p>\n<p><strong>Wymiary<\/strong><br \/>\nKabiny maj\u0105 bardzo du\u017c\u0105 d\u0142ugo\u015b\u0107 wewn\u0119trzn\u0105 wynosz\u0105c\u0105 2,2 metra (typ 280 i 300) i 2,6 metra (dla typu<br \/>\n320 i 340), dzi\u0119ki czemu mo\u017cna wygodnie le\u017ce\u0107 i siedzie\u0107.<\/p>\n<p><strong>Samodzielny lub wst\u0119pnie zmontowany<\/strong><br \/>\nStandardowo kabina jest dostarczana w zestawie z dobr\u0105 instrukcj\u0105 obs\u0142ugi i wszystkimi niezb\u0119dnymi elementami.<br \/>\ncz\u0119\u015bci monta\u017cowych (1 dzie\u0144 pracy z 2 osobami). Mo\u017cna r\u00f3wnie\u017c zdecydowa\u0107 si\u0119 na wersj\u0119 prefabrykowan\u0105; w\u00f3wczas<br \/>\nkabina fabrycznie zmontowana. Nast\u0119pnie wszystko, co nale\u017cy zrobi\u0107, to zamontowa\u0107 zewn\u0119trzn\u0105 cz\u0119\u015b\u0107 komina i<br \/>\numie\u015b\u0107 kamienie sauny na piecu. Sauna jest gotowa w nieca\u0142\u0105 godzin\u0119.<\/p>","protected":false},"excerpt":{"rendered":"<p>Sauna Barrel | 300 x 210 x 210 cm Achter het traditionele uiterlijk van deze barrel sauna\u2019s schuilt een heerlijke sauna ervaring. De combinatie van het vakkundige werk van saunameesters, hoogwaardige materialen en traditionele hout gestookte sauna kachel zorgt voor een uniek gezond saunaklimaat. Een diep ontspannende sauna ervaring voor het hele lichaam. Duurzaamheid &amp; [&hellip;]<\/p>\n","protected":false},"featured_media":7732,"template":"","format":"standard","meta":{"_acf_changed":false},"product_brand":[347],"product_cat":[271,283],"product_tag":[],"class_list":{"0":"post-7731","1":"product","2":"type-product","3":"status-publish","4":"format-standard","5":"has-post-thumbnail","7":"product_brand-cleopatra","8":"product_cat-saunas","9":"product_cat-buitensaunas","11":"first","12":"onbackorder","13":"taxable","14":"shipping-taxable","15":"purchasable","16":"product-type-simple"},"acf":[],"_links":{"self":[{"href":"https:\/\/cleopatra.nl\/pl\/wp-json\/wp\/v2\/product\/7731","targetHints":{"allow":["GET"]}}],"collection":[{"href":"https:\/\/cleopatra.nl\/pl\/wp-json\/wp\/v2\/product"}],"about":[{"href":"https:\/\/cleopatra.nl\/pl\/wp-json\/wp\/v2\/types\/product"}],"wp:featuredmedia":[{"embeddable":true,"href":"https:\/\/cleopatra.nl\/pl\/wp-json\/wp\/v2\/media\/7732"}],"wp:attachment":[{"href":"https:\/\/cleopatra.nl\/pl\/wp-json\/wp\/v2\/media?parent=7731"}],"wp:term":[{"taxonomy":"product_brand","embeddable":true,"href":"https:\/\/cleopatra.nl\/pl\/wp-json\/wp\/v2\/product_brand?post=7731"},{"taxonomy":"product_cat","embeddable":true,"href":"https:\/\/cleopatra.nl\/pl\/wp-json\/wp\/v2\/product_cat?post=7731"},{"taxonomy":"product_tag","embeddable":true,"href":"https:\/\/cleopatra.nl\/pl\/wp-json\/wp\/v2\/product_tag?post=7731"}],"curies":[{"name":"wp","href":"https:\/\/api.w.org\/{rel}","templated":true}]}}