{"id":7758,"date":"2024-10-11T14:17:23","date_gmt":"2024-10-11T12:17:23","guid":{"rendered":"https:\/\/cleopatra.nl\/?post_type=product&#038;p=7758"},"modified":"2025-01-02T11:28:37","modified_gmt":"2025-01-02T10:28:37","slug":"montageset-glasplaat-stoominlaat-1-stuk-2","status":"publish","type":"product","link":"https:\/\/cleopatra.nl\/pl\/spare-parts\/montageset-glasplaat-stoominlaat-1-stuk\/","title":{"rendered":"Zestaw monta\u017cowy szklanej p\u0142yty wlotu pary (1-cz\u0119\u015bciowy)"},"content":{"rendered":"<p>UWAGA: 4 sztuki s\u0105 potrzebne na 1 szklan\u0105 p\u0142ytk\u0119<\/p>","protected":false},"excerpt":{"rendered":"<p>UWAGA: 4 sztuki s\u0105 potrzebne na 1 szklan\u0105 p\u0142ytk\u0119<\/p>","protected":false},"featured_media":7759,"template":"","format":"standard","meta":{"_acf_changed":false},"product_brand":[],"product_cat":[60,103,113,134,105],"product_tag":[],"class_list":{"0":"post-7758","1":"product","2":"type-product","3":"status-publish","4":"format-standard","5":"has-post-thumbnail","7":"product_cat-spare-parts","8":"product_cat-stoomcabine-onderdelen","9":"product_cat-overige-stoomcabine-onderdelen","10":"product_cat-overige-professioneel","11":"product_cat-professioneel","13":"first","14":"instock","15":"taxable","16":"shipping-taxable","17":"purchasable","18":"product-type-simple"},"acf":[],"_links":{"self":[{"href":"https:\/\/cleopatra.nl\/pl\/wp-json\/wp\/v2\/product\/7758","targetHints":{"allow":["GET"]}}],"collection":[{"href":"https:\/\/cleopatra.nl\/pl\/wp-json\/wp\/v2\/product"}],"about":[{"href":"https:\/\/cleopatra.nl\/pl\/wp-json\/wp\/v2\/types\/product"}],"wp:featuredmedia":[{"embeddable":true,"href":"https:\/\/cleopatra.nl\/pl\/wp-json\/wp\/v2\/media\/7759"}],"wp:attachment":[{"href":"https:\/\/cleopatra.nl\/pl\/wp-json\/wp\/v2\/media?parent=7758"}],"wp:term":[{"taxonomy":"product_brand","embeddable":true,"href":"https:\/\/cleopatra.nl\/pl\/wp-json\/wp\/v2\/product_brand?post=7758"},{"taxonomy":"product_cat","embeddable":true,"href":"https:\/\/cleopatra.nl\/pl\/wp-json\/wp\/v2\/product_cat?post=7758"},{"taxonomy":"product_tag","embeddable":true,"href":"https:\/\/cleopatra.nl\/pl\/wp-json\/wp\/v2\/product_tag?post=7758"}],"curies":[{"name":"wp","href":"https:\/\/api.w.org\/{rel}","templated":true}]}}