{"id":8040,"date":"2024-12-02T14:40:50","date_gmt":"2024-12-02T13:40:50","guid":{"rendered":"https:\/\/cleopatra.nl\/?post_type=product&#038;p=8040"},"modified":"2025-09-22T11:24:20","modified_gmt":"2025-09-22T09:24:20","slug":"speaker-af-dl8c-8ohm-wit-2","status":"publish","type":"product","link":"https:\/\/cleopatra.nl\/pl\/spare-parts\/speaker-af-dl8c-8ohm-wit\/","title":{"rendered":"G\u0142o\u015bnik | Aquafun | DL8C 8ohm bia\u0142y"},"content":{"rendered":"<p>G\u0142o\u015bnik 8 om\u00f3w do kabiny Delta Line<br \/>\nCena jest za sztuk\u0119<\/p>","protected":false},"excerpt":{"rendered":"<p>Chcesz wiedzie\u0107, jak wymieni\u0107 ten produkt? <a href=\"https:\/\/cleopatra.nl\/wp-content\/uploads\/30526900.pdf\" target=\"_blank\" rel=\"noopener\">Nast\u0119pnie kliknij instrukcj\u0119 serwisow\u0105<\/a><\/p>","protected":false},"featured_media":8041,"template":"","format":"standard","meta":{"_acf_changed":false},"product_brand":[],"product_cat":[60,103,113],"product_tag":[],"class_list":{"0":"post-8040","1":"product","2":"type-product","3":"status-publish","4":"format-standard","5":"has-post-thumbnail","7":"product_cat-spare-parts","8":"product_cat-stoomcabine-onderdelen","9":"product_cat-overige-stoomcabine-onderdelen","11":"first","12":"instock","13":"taxable","14":"shipping-taxable","15":"purchasable","16":"product-type-simple"},"acf":[],"_links":{"self":[{"href":"https:\/\/cleopatra.nl\/pl\/wp-json\/wp\/v2\/product\/8040","targetHints":{"allow":["GET"]}}],"collection":[{"href":"https:\/\/cleopatra.nl\/pl\/wp-json\/wp\/v2\/product"}],"about":[{"href":"https:\/\/cleopatra.nl\/pl\/wp-json\/wp\/v2\/types\/product"}],"wp:featuredmedia":[{"embeddable":true,"href":"https:\/\/cleopatra.nl\/pl\/wp-json\/wp\/v2\/media\/8041"}],"wp:attachment":[{"href":"https:\/\/cleopatra.nl\/pl\/wp-json\/wp\/v2\/media?parent=8040"}],"wp:term":[{"taxonomy":"product_brand","embeddable":true,"href":"https:\/\/cleopatra.nl\/pl\/wp-json\/wp\/v2\/product_brand?post=8040"},{"taxonomy":"product_cat","embeddable":true,"href":"https:\/\/cleopatra.nl\/pl\/wp-json\/wp\/v2\/product_cat?post=8040"},{"taxonomy":"product_tag","embeddable":true,"href":"https:\/\/cleopatra.nl\/pl\/wp-json\/wp\/v2\/product_tag?post=8040"}],"curies":[{"name":"wp","href":"https:\/\/api.w.org\/{rel}","templated":true}]}}