{"id":8092,"date":"2024-12-17T16:21:19","date_gmt":"2024-12-17T15:21:19","guid":{"rendered":"https:\/\/cleopatra.nl\/?post_type=product&#038;p=8092"},"modified":"2026-04-26T22:33:13","modified_gmt":"2026-04-26T20:33:13","slug":"ijsbad-cleopatra-ice-bath","status":"publish","type":"product","link":"https:\/\/cleopatra.nl\/pl\/shop\/ijsbaden\/ijsbad\/","title":{"rendered":"Okr\u0105g\u0142a wanna Cleopatra Ice | 96x96x90cm"},"content":{"rendered":"<h4>K\u0104PIEL LODOWA DLA OPTYMALNEJ REGENERACJI<\/h4>\n<p>Terapia zimnem nigdy nie by\u0142a \u0142atwiejsza. Poznaj k\u0105piel lodow\u0105 Cleopatra, kt\u00f3ra ch\u0142odzi do temperatury 2-4\u00b0C w temperaturze pokojowej w ci\u0105gu 3-4 godzin. System jest \u0142atwy w konfiguracji i bardzo przyjazny dla u\u017cytkownika. Zaprojektowana z my\u015bl\u0105 o powrocie do zdrowia, k\u0105piel lodowa Cleopatra oferuje wydajno\u015b\u0107 i trwa\u0142o\u015b\u0107 bez k\u0142opot\u00f3w. Dzi\u0119ki naszemu wydajnemu systemowi ch\u0142odzenia, \u0142atwej instalacji i wbudowanemu samoczyszcz\u0105cemu systemowi filtr\u00f3w, terapia zimnym zanurzeniem jest prosta i skuteczna. Ta zimna k\u0105piel firmy Cleopatra oznacza od\u015bwie\u017caj\u0105c\u0105 regeneracj\u0119 dok\u0142adnie tam, gdzie jej potrzebujesz.<\/p>\n<p>Mo\u017cna pobra\u0107 broszur\u0119 <a href=\"https:\/\/cleopatra.nl\/wp-content\/uploads\/CLEOPATRA-ICE-BATHS-2025.pdf\">tutaj<\/a> pobierz.<\/p>\n<h4>W\u0141A\u015aCIWO\u015aCI PRODUKTU<\/h4>\n<p>- Wydajno\u015b\u0107 ch\u0142odzenia: do 2-4\u00b0C w ci\u0105gu 3-4 godzin w temperaturze pokojowej<br \/>\n- Ogrzewanie: do 43\u00b0C w ci\u0105gu 3-4 godzin w temperaturze pokojowej<br \/>\n- Wygoda: l\u00f3d nie jest potrzebny (mo\u017cna go doda\u0107)<br \/>\n- Wszechstronno\u015b\u0107: nadaje si\u0119 do u\u017cytku wewn\u0105trz i na zewn\u0105trz<br \/>\n- Trwa\u0142o\u015b\u0107: odporna na zu\u017cycie obudowa z anodyzowanej stali<br \/>\n- Poziom ha\u0142asu: bardzo niski poziom ha\u0142asu<br \/>\n- Samoczyszczenie: zaawansowany system filtr\u00f3w<br \/>\n- \u0141atwo\u015b\u0107 obs\u0142ugi: szybka konfiguracja i praca z napi\u0119ciem 230 V<br \/>\n- Zaprojektowany i opracowany w Holandii<\/p>\n<h4><\/h4>\n<h4>Z CZEGO SK\u0141ADA SI\u0118 TEN PRODUKT?<\/h4>\n<p>System sk\u0142ada si\u0119 z dw\u00f3ch cz\u0119\u015bci:<br \/>\n1. Jednostka ch\u0142odz\u0105ca o mocy 1 KM ma solidn\u0105 obudow\u0119 ze stali anodyzowanej i jest wyposa\u017cona w oczyszczanie ozonem, filtracj\u0119 20 mikron\u00f3w i filtr w\u0142os\u00f3w. Posiada panel dotykowy i jest \u0142atwy w obs\u0142udze.<\/p>\n<p>2. Nadmuchiwana wanna: Jest wykonana z materia\u0142u Drop Stitch, kt\u00f3ry umo\u017cliwia tworzenie nadmuchiwanych konstrukcji o p\u0142askich powierzchniach 100%. Dzi\u0119ki temu s\u0105 one znacznie sztywniejsze i twardsze. Powstaje poprzez po\u0142\u0105czenie dw\u00f3ch zewn\u0119trznych kawa\u0142k\u00f3w materia\u0142u za pomoc\u0105 tysi\u0119cy cienkich nici poliestrowych \u015bci\u015ble splecionych ze sob\u0105. Po dodaniu powietrza nici s\u0105 napinane, tworz\u0105c tward\u0105 powierzchni\u0119.<\/p>\n<h4><\/h4>\n<h4>JAK TO DZIA\u0141A?<\/h4>\n<p>Zimna k\u0105piel w zaledwie 4 krokach!<br \/>\n1. Napompowa\u0107 wann\u0119 i pod\u0142\u0105czy\u0107 w\u0119\u017ce do agregatu ch\u0142odniczego.<br \/>\n2. Nape\u0142ni\u0107 wann\u0119 wod\u0105<br \/>\n3. W\u0142\u0105cz system<br \/>\n4. Sch\u0142odzone do 2\u00b0C w ci\u0105gu 3-4 godzin (w temperaturze pokojowej)<\/p>\n<p>&nbsp;<\/p>\n<h4>SAMOPOCZUCIE<\/h4>\n<p>System sk\u0142ada si\u0119 z 3-stopniowego czyszczenia: poprzez stopniowe filtrowanie wi\u0119kszych cz\u0105stek a\u017c do najmniejszych, eliminuj\u0105c bakterie i wirusy.<br \/>\n1. Filtr wst\u0119pny: wychwytuje w\u0142osy, osady i k\u0142aczki.<br \/>\n2. Filtr wody: oczyszcza wod\u0119 z kurzu i mniejszych cz\u0105stek.<br \/>\n3. Ozonator: Stosowany do przefiltrowanej wody w ko\u0144cowym etapie, zabija wszystkie bakterie i wirusy.<\/p>\n<h4><\/h4>\n<h4>THINK IN!<\/h4>\n<p>Gotowy do u\u017cytku wewn\u0105trz i na zewn\u0105trz:<br \/>\nSklasyfikowany jako wodoszczelny i py\u0142oszczelny IPX4, system Cleopatra Cold Plunge jest zbudowany tak, aby wytrzyma\u0107 r\u00f3\u017cne warunki. Mo\u017cna go umie\u015bci\u0107 na balkonie, w ogrodzie lub w pomieszczeniu. Jego elegancki, nowoczesny design pasuje do wszystkich wn\u0119trz i na zewn\u0105trz. Do\u015bwiadcz korzy\u015bci p\u0142yn\u0105cych z terapii zimnym zanurzeniem, gdziekolwiek jeste\u015b!<\/p>\n<p>&nbsp;<\/p>\n<h4>PO CO BRA\u0106 K\u0104PIEL Z LODEM?<\/h4>\n<ul>\n<li><strong>Optymalne odzyskiwanie<\/strong><br \/>\nK\u0105piele lodowe oferuj\u0105 szereg korzy\u015bci zdrowotnych, zw\u0142aszcza je\u015bli chodzi o regeneracj\u0119 i dobre samopoczucie. Poni\u017cej przedstawiamy niekt\u00f3re z nich:<\/li>\n<li><strong>Regeneracja mi\u0119\u015bni<\/strong><br \/>\nZanurzenie w zimnej wodzie pomaga zmniejszy\u0107 b\u00f3l mi\u0119\u015bni i stan zapalny poprzez zw\u0119\u017cenie naczy\u0144 krwiono\u015bnych, co mo\u017ce pom\u00f3c w szybszej regeneracji po intensywnych \u0107wiczeniach lub aktywno\u015bci fizycznej.<\/li>\n<li><strong>Zmniejszony stan zapalny<\/strong><br \/>\nNiska temperatura zmniejsza stan zapalny tkanek, co mo\u017ce by\u0107 korzystne po treningach, urazach lub operacjach, sprzyjaj\u0105c szybszemu gojeniu.<\/li>\n<li><strong>Lepsze kr\u0105\u017cenie krwi<\/strong><br \/>\nEkspozycja na zimno powoduje, \u017ce naczynia krwiono\u015bne kurcz\u0105 si\u0119, a nast\u0119pnie rozszerzaj\u0105 po wyj\u015bciu z k\u0105pieli lodowej, poprawiaj\u0105c przep\u0142yw krwi i kr\u0105\u017cenie, co pomaga dostarcza\u0107 sk\u0142adniki od\u017cywcze do mi\u0119\u015bni<\/li>\n<li><strong>Zmniejszone zm\u0119czenie<\/strong><br \/>\nZmniejszaj\u0105c gromadzenie si\u0119 kwasu mlekowego i minimalizuj\u0105c zm\u0119czenie mi\u0119\u015bni, k\u0105piele lodowe mog\u0105 poprawi\u0107 wyniki sportowe i zapewni\u0107 lepsz\u0105 wytrzyma\u0142o\u015b\u0107 podczas aktywno\u015bci fizycznej.<\/li>\n<li><strong>Odporno\u015b\u0107 psychiczna<\/strong><br \/>\nWyzwanie, jakim jest przetrwanie niskich temperatur, mo\u017ce poprawi\u0107 wytrzyma\u0142o\u015b\u0107 psychiczn\u0105 i odporno\u015b\u0107, umo\u017cliwiaj\u0105c lepsze radzenie sobie ze stresem w innych dziedzinach \u017cycia.<\/li>\n<li><strong>Zwi\u0119kszona odporno\u015b\u0107<\/strong><br \/>\nRegularne zanurzanie si\u0119 w zimnej wodzie wi\u0105\u017ce si\u0119 z popraw\u0105 uk\u0142adu odporno\u015bciowego organizmu, potencjalnie zmniejszaj\u0105c ryzyko niekt\u00f3rych chor\u00f3b<\/li>\n<li><strong>U\u015bmierzanie b\u00f3lu<\/strong><br \/>\nK\u0105piele lodowe mog\u0105 zapewni\u0107 tymczasow\u0105 ulg\u0119 w b\u00f3lu poprzez znieczulenie zako\u0144cze\u0144 nerwowych i zmniejszenie odczuwania b\u00f3lu w mi\u0119\u015bniach i stawach.<\/li>\n<\/ul>\n<p>&nbsp;<\/p>\n<p>&nbsp;<\/p>\n<h4><strong>SPECYFIKACJE TECHNICZNE<\/strong><\/h4>\n<h4>Specyfikacja k\u0105pieli lodowej:<\/h4>\n<ul>\n<li>Wymiary: 96x96x90cm<\/li>\n<li>Materia\u0142: tkanina drop stich<\/li>\n<li>Nadmuchiwane<\/li>\n<li>Zawiera: pokryw\u0119, pompk\u0119 r\u0119czn\u0105, torb\u0119 do przechowywania, zestaw naprawczy.<\/li>\n<li>Pojemno\u015b\u0107: 480 litr\u00f3w<\/li>\n<li>Waga (pusta): 16 kg<\/li>\n<\/ul>\n<h4>Specyfikacja ch\u0142odnicy:<\/h4>\n<ul>\n<li>Wydajno\u015b\u0107 ch\u0142odzenia: 1 HP (2500 W)<\/li>\n<li>Moc elektryczna: 1100 W (8,7 A)<\/li>\n<li>Czynnik ch\u0142odniczy: R32<\/li>\n<li>Napi\u0119cie zasilania: 230V - 50\/60Hz<\/li>\n<li>Poziom ha\u0142asu: 48 dBA<\/li>\n<li>Mo\u017cliwe jest r\u00f3wnie\u017c podniesienie temperatury w zimie, dzi\u0119ki czemu mo\u017cna cieszy\u0107 si\u0119 ciep\u0142\u0105 wod\u0105 (maksymalnie 40 stopni Celsjusza).<\/li>\n<\/ul>\n<p>&nbsp;<\/p>\n<p><em>* Wszystko zale\u017cy oczywi\u015bcie od temperatury zewn\u0119trznej; na przyk\u0142ad od 24 stopni Celsjusza do 4 stopni Celsjusza.<\/em><\/p>","protected":false},"excerpt":{"rendered":"<p>IJSBAD VOOR OPTIMAAL HERSTEL Koude immersietherapie is nog nooit zo eenvoudig geweest. Maak kennis met de Cleopatra IJsbaden, die bij kamertemperatuur in 3 tot 4 uur afkoelt tot een frisse 2-4 \u00b0 C. Het systeem is eenvoudig in te stellen en zeer gebruiksvriendelijk. Het Cleopatra Ice Bath is ontworpen met uw herstel in gedachten en [&hellip;]<\/p>\n","protected":false},"featured_media":8267,"template":"","format":"standard","meta":{"_acf_changed":false},"product_brand":[347],"product_cat":[295],"product_tag":[],"class_list":{"0":"post-8092","1":"product","2":"type-product","3":"status-publish","4":"format-standard","5":"has-post-thumbnail","7":"product_brand-cleopatra","8":"product_cat-ijsbaden","10":"first","11":"instock","12":"taxable","13":"shipping-taxable","14":"purchasable","15":"product-type-simple"},"acf":[],"_links":{"self":[{"href":"https:\/\/cleopatra.nl\/pl\/wp-json\/wp\/v2\/product\/8092","targetHints":{"allow":["GET"]}}],"collection":[{"href":"https:\/\/cleopatra.nl\/pl\/wp-json\/wp\/v2\/product"}],"about":[{"href":"https:\/\/cleopatra.nl\/pl\/wp-json\/wp\/v2\/types\/product"}],"wp:featuredmedia":[{"embeddable":true,"href":"https:\/\/cleopatra.nl\/pl\/wp-json\/wp\/v2\/media\/8267"}],"wp:attachment":[{"href":"https:\/\/cleopatra.nl\/pl\/wp-json\/wp\/v2\/media?parent=8092"}],"wp:term":[{"taxonomy":"product_brand","embeddable":true,"href":"https:\/\/cleopatra.nl\/pl\/wp-json\/wp\/v2\/product_brand?post=8092"},{"taxonomy":"product_cat","embeddable":true,"href":"https:\/\/cleopatra.nl\/pl\/wp-json\/wp\/v2\/product_cat?post=8092"},{"taxonomy":"product_tag","embeddable":true,"href":"https:\/\/cleopatra.nl\/pl\/wp-json\/wp\/v2\/product_tag?post=8092"}],"curies":[{"name":"wp","href":"https:\/\/api.w.org\/{rel}","templated":true}]}}