{"id":8402,"date":"2025-03-20T14:46:14","date_gmt":"2025-03-20T13:46:14","guid":{"rendered":"https:\/\/cleopatra.nl\/?post_type=product&#038;p=8402"},"modified":"2026-04-26T21:18:57","modified_gmt":"2026-04-26T19:18:57","slug":"scent-diffuser-cleo-600s","status":"publish","type":"product","link":"https:\/\/cleopatra.nl\/pl\/shop\/aroma-diffuser\/scent-diffuser-cleo-600s\/","title":{"rendered":"Dyfuzor zapachowy | Cleo600S"},"content":{"rendered":"<p>Ten dyfuzor jest odpowiedni do odparowywania olejk\u00f3w eterycznych za pomoc\u0105 skutecznych \u015brodk\u00f3w, aby wprowadzi\u0107 je do pomieszczenia. Jest cichy i niezwykle wydajny, poniewa\u017c dawk\u0119 mo\u017cna precyzyjnie regulowa\u0107. Mo\u017ce by\u0107 stosowany na przyk\u0142ad w przestrzeni biurowej, w recepcji, w strefach wellness itp.<\/p>\n<p>Dyfuzor zapachowy Cleo 600S jest odpowiedni do pomieszcze\u0144 o kubaturze do 600 M3 i\/lub 200 M2.<\/p>\n<p>&nbsp;<\/p>\n<p><strong>R\u0118CZNY<\/strong><\/p>\n<p>Instrukcj\u0119 mo\u017cna pobra\u0107 <strong><a href=\"https:\/\/cleopatra.nl\/wp-content\/uploads\/90549030-Cleopatra-Scent-Diffuser-1.pdf\">pobierz tutaj<\/a><\/strong><\/p>\n<p>&nbsp;<\/p>\n<p><strong>CECHY<\/strong><\/p>\n<p>Wymiary: 190 x 23 x 80 mm<\/p>\n<p>Waga: 3 kg<\/p>\n<p>Pojemno\u015b\u0107 butelki: 150 ml<\/p>\n<p>Materia\u0142: metal i akryl<\/p>\n<p>Kolor: czarny<\/p>\n<p>Napi\u0119cie: 12 V<\/p>\n<p>Moc: 6,5 W<\/p>\n<p>Zu\u017cycie: 1,8 ml\/h<\/p>\n<p>Obs\u0142uga: przycisk \/ aplikacja<\/p>\n<p>&nbsp;<\/p>","protected":false},"excerpt":{"rendered":"<p>Deze diffuser is geschikt om etherische oli\u00ebn via effectieve wijze te verdampen en zo in de ruimte te brengen. Fluisterzacht en uitermate effici\u00ebnt doordat de dosering fijn kan worden ingesteld. Kan gebruikt worden in bijvoorbeeld een kantoorruimte, bij een receptiebalie, wellness ruimtes, etc. De aroma diffuser Cleo 600S is geschikt voor ruimtes: tot 600 M3 [&hellip;]<\/p>\n","protected":false},"featured_media":8406,"template":"","format":"standard","meta":{"_acf_changed":false},"product_brand":[347],"product_cat":[298,330],"product_tag":[],"class_list":{"0":"post-8402","1":"product","2":"type-product","3":"status-publish","4":"format-standard","5":"has-post-thumbnail","7":"product_brand-cleopatra","8":"product_cat-cleopatra-scents","9":"product_cat-scent_diffusers","11":"first","12":"instock","13":"taxable","14":"shipping-taxable","15":"purchasable","16":"product-type-simple"},"acf":[],"_links":{"self":[{"href":"https:\/\/cleopatra.nl\/pl\/wp-json\/wp\/v2\/product\/8402","targetHints":{"allow":["GET"]}}],"collection":[{"href":"https:\/\/cleopatra.nl\/pl\/wp-json\/wp\/v2\/product"}],"about":[{"href":"https:\/\/cleopatra.nl\/pl\/wp-json\/wp\/v2\/types\/product"}],"wp:featuredmedia":[{"embeddable":true,"href":"https:\/\/cleopatra.nl\/pl\/wp-json\/wp\/v2\/media\/8406"}],"wp:attachment":[{"href":"https:\/\/cleopatra.nl\/pl\/wp-json\/wp\/v2\/media?parent=8402"}],"wp:term":[{"taxonomy":"product_brand","embeddable":true,"href":"https:\/\/cleopatra.nl\/pl\/wp-json\/wp\/v2\/product_brand?post=8402"},{"taxonomy":"product_cat","embeddable":true,"href":"https:\/\/cleopatra.nl\/pl\/wp-json\/wp\/v2\/product_cat?post=8402"},{"taxonomy":"product_tag","embeddable":true,"href":"https:\/\/cleopatra.nl\/pl\/wp-json\/wp\/v2\/product_tag?post=8402"}],"curies":[{"name":"wp","href":"https:\/\/api.w.org\/{rel}","templated":true}]}}