{"id":8469,"date":"2025-03-31T09:08:54","date_gmt":"2025-03-31T07:08:54","guid":{"rendered":"https:\/\/cleopatra.nl\/?post_type=product&#038;p=8469"},"modified":"2025-03-31T09:09:08","modified_gmt":"2025-03-31T07:09:08","slug":"draaiknop-afvoer-chroom","status":"publish","type":"product","link":"https:\/\/cleopatra.nl\/pl\/spare-parts\/draaiknop-afvoer-chroom\/","title":{"rendered":"Pokr\u0119t\u0142o spustu | chrom"},"content":{"rendered":"<p>Pokr\u0119t\u0142o Chrome.<\/p>\n<p>Dotyczy tylko pokr\u0119t\u0142a<\/p>","protected":false},"excerpt":{"rendered":"<p>Pokr\u0119t\u0142o Chrome. Dotyczy tylko pokr\u0119t\u0142a<\/p>","protected":false},"featured_media":8470,"template":"","format":"standard","meta":{"_acf_changed":false},"product_brand":[],"product_cat":[60,106,102,109],"product_tag":[],"class_list":{"0":"post-8469","1":"product","2":"type-product","3":"status-publish","4":"format-standard","5":"has-post-thumbnail","7":"product_cat-spare-parts","8":"product_cat-afvoer","9":"product_cat-onderdelen-baden","10":"product_cat-overige","12":"first","13":"instock","14":"taxable","15":"shipping-taxable","16":"purchasable","17":"product-type-simple"},"acf":[],"_links":{"self":[{"href":"https:\/\/cleopatra.nl\/pl\/wp-json\/wp\/v2\/product\/8469","targetHints":{"allow":["GET"]}}],"collection":[{"href":"https:\/\/cleopatra.nl\/pl\/wp-json\/wp\/v2\/product"}],"about":[{"href":"https:\/\/cleopatra.nl\/pl\/wp-json\/wp\/v2\/types\/product"}],"wp:featuredmedia":[{"embeddable":true,"href":"https:\/\/cleopatra.nl\/pl\/wp-json\/wp\/v2\/media\/8470"}],"wp:attachment":[{"href":"https:\/\/cleopatra.nl\/pl\/wp-json\/wp\/v2\/media?parent=8469"}],"wp:term":[{"taxonomy":"product_brand","embeddable":true,"href":"https:\/\/cleopatra.nl\/pl\/wp-json\/wp\/v2\/product_brand?post=8469"},{"taxonomy":"product_cat","embeddable":true,"href":"https:\/\/cleopatra.nl\/pl\/wp-json\/wp\/v2\/product_cat?post=8469"},{"taxonomy":"product_tag","embeddable":true,"href":"https:\/\/cleopatra.nl\/pl\/wp-json\/wp\/v2\/product_tag?post=8469"}],"curies":[{"name":"wp","href":"https:\/\/api.w.org\/{rel}","templated":true}]}}