{"id":8544,"date":"2025-05-06T10:24:59","date_gmt":"2025-05-06T08:24:59","guid":{"rendered":"https:\/\/cleopatra.nl\/?post_type=product&#038;p=8544"},"modified":"2026-04-26T08:55:42","modified_gmt":"2026-04-26T06:55:42","slug":"hg-unica-d-glijstuk-voor-glijstang","status":"publish","type":"product","link":"https:\/\/cleopatra.nl\/pl\/spare-parts\/hg-unica-d-glijstuk-voor-glijstang\/","title":{"rendered":"Unica D | Hansgrohe | element \u015blizgowy do prowadnicy"},"content":{"rendered":"<p>\u015arednica: 25 mm<\/p>","protected":false},"excerpt":{"rendered":"<p>Do wymiany elementu przesuwnego <a href=\"https:\/\/cleopatra.nl\/wp-content\/uploads\/94055000.pdf\">Instrukcj\u0119 mo\u017cna pobra\u0107 tutaj.<\/a><\/p>","protected":false},"featured_media":8545,"template":"","format":"standard","meta":{"_acf_changed":false},"product_brand":[347],"product_cat":[60,113,103],"product_tag":[],"class_list":{"0":"post-8544","1":"product","2":"type-product","3":"status-publish","4":"format-standard","5":"has-post-thumbnail","7":"product_brand-cleopatra","8":"product_cat-spare-parts","9":"product_cat-overige-stoomcabine-onderdelen","10":"product_cat-stoomcabine-onderdelen","11":"product_shipping_class-gratis-verzending","13":"first","14":"instock","15":"taxable","16":"shipping-taxable","17":"purchasable","18":"product-type-simple"},"acf":[],"_links":{"self":[{"href":"https:\/\/cleopatra.nl\/pl\/wp-json\/wp\/v2\/product\/8544","targetHints":{"allow":["GET"]}}],"collection":[{"href":"https:\/\/cleopatra.nl\/pl\/wp-json\/wp\/v2\/product"}],"about":[{"href":"https:\/\/cleopatra.nl\/pl\/wp-json\/wp\/v2\/types\/product"}],"wp:featuredmedia":[{"embeddable":true,"href":"https:\/\/cleopatra.nl\/pl\/wp-json\/wp\/v2\/media\/8545"}],"wp:attachment":[{"href":"https:\/\/cleopatra.nl\/pl\/wp-json\/wp\/v2\/media?parent=8544"}],"wp:term":[{"taxonomy":"product_brand","embeddable":true,"href":"https:\/\/cleopatra.nl\/pl\/wp-json\/wp\/v2\/product_brand?post=8544"},{"taxonomy":"product_cat","embeddable":true,"href":"https:\/\/cleopatra.nl\/pl\/wp-json\/wp\/v2\/product_cat?post=8544"},{"taxonomy":"product_tag","embeddable":true,"href":"https:\/\/cleopatra.nl\/pl\/wp-json\/wp\/v2\/product_tag?post=8544"}],"curies":[{"name":"wp","href":"https:\/\/api.w.org\/{rel}","templated":true}]}}