{"id":8591,"date":"2025-05-16T20:25:04","date_gmt":"2025-05-16T18:25:04","guid":{"rendered":"https:\/\/cleopatra.nl\/?post_type=product&#038;p=8591"},"modified":"2026-04-27T17:47:18","modified_gmt":"2026-04-27T15:47:18","slug":"aquafun-shower-900-x-300-mm-4-straalsoorten","status":"publish","type":"product","link":"https:\/\/cleopatra.nl\/pl\/shop\/wellness-shower\/aquafun-shower-900-x-300-mm-4-straalsoorten\/","title":{"rendered":"Prysznic Aquafun 900 x 300 mm | 4 rodzaje strumienia"},"content":{"rendered":"<p>Szukasz dodatkowej przyjemno\u015bci z k\u0105pieli pod prysznicem? W takim razie prysznic dachowy Aquafun jest tym, czego szukasz. Dzi\u0119ki sprytnie rozmieszczonym dyszom mo\u017cesz cieszy\u0107 si\u0119 a\u017c 4 r\u00f3\u017cnymi rodzajami strumienia.<\/p>\n<p>&nbsp;<\/p>\n<h4>STRUMIENIE<\/h4>\n<p>- Rainmaker<\/p>\n<p>- Wodospad<\/p>\n<p>- S\u0142up wody<\/p>\n<p>- Rozpylona mgie\u0142ka<\/p>\n<p>&nbsp;<\/p>\n<h4>MONTA\u017b<\/h4>\n<p>Ten prysznic dachowy mo\u017ce by\u0107 wbudowany w dach lub sufit<\/p>\n<p>&nbsp;<\/p>\n<h4>WYMIAR<\/h4>\n<p>900 x 300 mm<\/p>\n<p>&nbsp;<\/p>\n<h4>KOLORY<\/h4>\n<p>Ten prysznic dachowy Aqaufun jest dost\u0119pny w r\u00f3\u017cnych kolorach PVD; kolory te s\u0105 dodatkowo p\u0142atne. Poni\u017cej znajduje si\u0119 przegl\u0105d dost\u0119pnych kolor\u00f3w.<\/p>\n<p>Chrom (standard)<\/p>\n<p>Z\u0142oty uk\u0142ad optyczny<\/p>\n<p>Z\u0142oty r\u00f3\u017c optyczny<\/p>\n<p>Czarny chromowany uk\u0142ad optyczny<\/p>\n<p>&nbsp;<\/p>\n<p>Szczotkowana stal nierdzewna<\/p>\n<p>Br\u0105z szczotkowany<\/p>\n<p>Szczotkowany czarny chrom<\/p>\n<p>Nikiel szczotkowany<\/p>\n<p>&nbsp;<\/p>\n<h4>ADRES<\/h4>\n<p>Ten prysznic dachowy mo\u017cna pod\u0142\u0105czy\u0107 do konwencjonalnego kranu termostatycznego i rozdzielaczy. Mo\u017cliwe jest po\u0142\u0105czenie tego prysznica dachowego Aquafun z prysznicem Cleopatra wellness. Prysznic Cleopatra wellness to prysznic elektroniczny, umo\u017cliwiaj\u0105cy sterowanie wszystkimi rodzajami strumienia za pomoc\u0105 luksusowego wy\u015bwietlacza.<\/p>\n<p>&nbsp;<\/p>\n<h4><code>\t\t\t<div class=\"gmwcp_button\">\n\t\t\t\t\t<a href=\"https:\/\/cleopatra.nl\/pl\/shop\/wellness-shower\/aquafun-shower-900-x-300-mm-4-straalsoorten\/?action=catelog_single&#038;product_id=8591\" class=\"button\">\n\t\t\t\t    Download Catalog\t\t\t\t<\/a>\n\t\t\t<\/div>\n\t\t\t<\/code><\/h4>","protected":false},"excerpt":{"rendered":"<p>Bent u op zoek naar extra doucheplezier? Dan heet u met de Aquafun dakdouches gevonden wat u zoekt. Middels slim geplaatste jets kunt u genieten van maar liefst 4 verschillende straalsoorten. &nbsp; STRAALSOORTEN &#8211; Rainmaker &#8211; Waterval &#8211; Water kolom &#8211; Nevel spray &nbsp; MONTAGE Deze dakdouche kan in een dak of plafond worden ingebouwd [&hellip;]<\/p>\n","protected":false},"featured_media":8592,"template":"","format":"standard","meta":{"_acf_changed":false},"product_brand":[347],"product_cat":[275,350],"product_tag":[],"class_list":{"0":"post-8591","1":"product","2":"type-product","3":"status-publish","4":"format-standard","5":"has-post-thumbnail","7":"product_brand-cleopatra","8":"product_cat-wellness-shower","9":"product_cat-dakdouches","11":"first","12":"instock","13":"taxable","14":"shipping-taxable","15":"purchasable","16":"product-type-simple"},"acf":[],"_links":{"self":[{"href":"https:\/\/cleopatra.nl\/pl\/wp-json\/wp\/v2\/product\/8591","targetHints":{"allow":["GET"]}}],"collection":[{"href":"https:\/\/cleopatra.nl\/pl\/wp-json\/wp\/v2\/product"}],"about":[{"href":"https:\/\/cleopatra.nl\/pl\/wp-json\/wp\/v2\/types\/product"}],"wp:featuredmedia":[{"embeddable":true,"href":"https:\/\/cleopatra.nl\/pl\/wp-json\/wp\/v2\/media\/8592"}],"wp:attachment":[{"href":"https:\/\/cleopatra.nl\/pl\/wp-json\/wp\/v2\/media?parent=8591"}],"wp:term":[{"taxonomy":"product_brand","embeddable":true,"href":"https:\/\/cleopatra.nl\/pl\/wp-json\/wp\/v2\/product_brand?post=8591"},{"taxonomy":"product_cat","embeddable":true,"href":"https:\/\/cleopatra.nl\/pl\/wp-json\/wp\/v2\/product_cat?post=8591"},{"taxonomy":"product_tag","embeddable":true,"href":"https:\/\/cleopatra.nl\/pl\/wp-json\/wp\/v2\/product_tag?post=8591"}],"curies":[{"name":"wp","href":"https:\/\/api.w.org\/{rel}","templated":true}]}}