{"id":8712,"date":"2025-07-07T08:42:18","date_gmt":"2025-07-07T06:42:18","guid":{"rendered":"https:\/\/cleopatra.nl\/?post_type=product&#038;p=8712"},"modified":"2025-09-22T11:31:30","modified_gmt":"2025-09-22T09:31:30","slug":"fixfit-muuraansluitbocht-e-zonder-terugslagklep","status":"publish","type":"product","link":"https:\/\/cleopatra.nl\/pl\/spare-parts\/fixfit-muuraansluitbocht-e-zonder-terugslagklep\/","title":{"rendered":"Kolanko przy\u0142\u0105czeniowe \u015bcienne FixFit E | Hansgrohe | bez zaworu zwrotnego"},"content":{"rendered":"<p><strong>Cechy artyku\u0142u:<\/strong><br \/>\ndo w\u0119\u017ca prysznicowego z nakr\u0119tk\u0105 sto\u017ckow\u0105 po obu stronach<br \/>\nkolanko przy\u0142\u0105czeniowe z tworzywa sztucznego<br \/>\nMateria\u0142 pokrywy: tworzywo sztuczne<br \/>\nPo\u0142\u0105czenie: G\u00bd<\/p>","protected":false},"excerpt":{"rendered":"<p>Chcesz wiedzie\u0107, jak wymieni\u0107 ten produkt? <a href=\"https:\/\/cleopatra.nl\/wp-content\/uploads\/27454000.pdf\" target=\"_blank\" rel=\"noopener\">Nast\u0119pnie kliknij instrukcj\u0119 serwisow\u0105<\/a><\/p>","protected":false},"featured_media":8713,"template":"","format":"standard","meta":{"_acf_changed":false},"product_brand":[],"product_cat":[60,112,103],"product_tag":[],"class_list":{"0":"post-8712","1":"product","2":"type-product","3":"status-publish","4":"format-standard","5":"has-post-thumbnail","7":"product_cat-spare-parts","8":"product_cat-kraan-onderdelen","9":"product_cat-stoomcabine-onderdelen","11":"first","12":"instock","13":"taxable","14":"shipping-taxable","15":"purchasable","16":"product-type-simple"},"acf":[],"_links":{"self":[{"href":"https:\/\/cleopatra.nl\/pl\/wp-json\/wp\/v2\/product\/8712","targetHints":{"allow":["GET"]}}],"collection":[{"href":"https:\/\/cleopatra.nl\/pl\/wp-json\/wp\/v2\/product"}],"about":[{"href":"https:\/\/cleopatra.nl\/pl\/wp-json\/wp\/v2\/types\/product"}],"wp:featuredmedia":[{"embeddable":true,"href":"https:\/\/cleopatra.nl\/pl\/wp-json\/wp\/v2\/media\/8713"}],"wp:attachment":[{"href":"https:\/\/cleopatra.nl\/pl\/wp-json\/wp\/v2\/media?parent=8712"}],"wp:term":[{"taxonomy":"product_brand","embeddable":true,"href":"https:\/\/cleopatra.nl\/pl\/wp-json\/wp\/v2\/product_brand?post=8712"},{"taxonomy":"product_cat","embeddable":true,"href":"https:\/\/cleopatra.nl\/pl\/wp-json\/wp\/v2\/product_cat?post=8712"},{"taxonomy":"product_tag","embeddable":true,"href":"https:\/\/cleopatra.nl\/pl\/wp-json\/wp\/v2\/product_tag?post=8712"}],"curies":[{"name":"wp","href":"https:\/\/api.w.org\/{rel}","templated":true}]}}