{"id":8716,"date":"2025-07-07T11:33:59","date_gmt":"2025-07-07T09:33:59","guid":{"rendered":"https:\/\/cleopatra.nl\/?post_type=product&#038;p=8716"},"modified":"2026-04-26T10:26:04","modified_gmt":"2026-04-26T08:26:04","slug":"abonnement-onderhoud-professioneel-jaarlijks","status":"publish","type":"product","link":"https:\/\/cleopatra.nl\/pl\/spare-parts\/analyse-bezoek\/abonnement-onderhoud-professioneel-jaarlijks\/","title":{"rendered":"Subskrypcja maintenance professional | roczna"},"content":{"rendered":"<p>Czy chcesz nadal korzysta\u0107 z produktu Cleopatra bez \u017cadnych zmartwie\u0144? Dzi\u0119ki tej subskrypcji serwisowej zarejestrujemy Tw\u00f3j produkt i zaplanujemy coroczn\u0105 konserwacj\u0119. Przeprowadzaj\u0105c coroczn\u0105 konserwacj\u0119, wyd\u0142u\u017casz \u017cywotno\u015b\u0107 swojego produktu Cleopatra.<\/p>\n<p><strong>Konserwacja kabiny parowej<\/strong><\/p>\n<ol>\n<li>Roczna konserwacja (w tym op\u0142aty za wezwanie + robocizna)<\/li>\n<li>Czyszczenie technologii<\/li>\n<li>Uzupe\u0142ni\u0107 \u015brodek nawaniaj\u0105cy (je\u015bli jest stosowany)<\/li>\n<li>Sprawdzanie poprawno\u015bci dzia\u0142ania<\/li>\n<li>Mo\u017cliwe wyja\u015bnienie zastosowania<\/li>\n<li>Administracyjna obs\u0142uga konserwacji.<\/li>\n<\/ol>\n<p><strong>Konserwacja Whirlpool<\/strong><\/p>\n<ol>\n<li>Roczna konserwacja (w tym op\u0142aty za wezwanie + robocizna)<\/li>\n<li>Czyszczenie systemu hydromasa\u017cu<\/li>\n<li>Sprawdzanie poprawno\u015bci dzia\u0142ania<\/li>\n<li>Mo\u017cliwe wyja\u015bnienie zastosowania<\/li>\n<li>Administracyjna obs\u0142uga konserwacji.<\/li>\n<\/ol>\n<p><strong>Konserwacja sauny<\/strong><\/p>\n<ol>\n<li>Roczna konserwacja (w tym op\u0142aty za wezwanie + robocizna)<\/li>\n<li>Wymiana kamieni w saunie<\/li>\n<li>Sprawdzanie poprawno\u015bci dzia\u0142ania<\/li>\n<li>Mo\u017cliwe wyja\u015bnienie zastosowania<\/li>\n<li>Administracyjna obs\u0142uga konserwacji.<\/li>\n<\/ol>\n<p><strong>UWAGI:<\/strong><\/p>\n<ol>\n<li>Subskrypcja jest wa\u017cna przez rok<\/li>\n<li>Subskrypcj\u0119 nale\u017cy odnowi\u0107 samodzielnie<\/li>\n<li>Materia\u0142y s\u0105 wy\u0142\u0105czone z tej subskrypcji<\/li>\n<li>Cleopatra mo\u017ce zdecydowa\u0107, \u017ce produkt u\u017cytkownika nie kwalifikuje si\u0119 do subskrypcji.<\/li>\n<li>Produkty starsze ni\u017c 10 lat, kt\u00f3re nie by\u0142y wcze\u015bniej serwisowane, nie kwalifikuj\u0105 si\u0119 do subskrypcji.<\/li>\n<\/ol>","protected":false},"excerpt":{"rendered":"<p>Wilt u zorgeloos gebruik blijven maken van uw Cleopatra product? Met dit onderhoudsabonnement registreren we uw product en plannen we jaarlijks onderhoud. Door jaarlijks onderhoud uit te voeren verlengd u de levensduur van uw Cleopatra product. Onderhoud Stoomcabine Jaarlijks onderhoud (incl. voorrijkosten + arbeidsloon) Schoonmaken de techniek Bijvullen geurstof (indien van toepassen) Controleren op goede [&hellip;]<\/p>\n","protected":false},"featured_media":8247,"template":"","format":"standard","meta":{"_acf_changed":false},"product_brand":[347],"product_cat":[297],"product_tag":[],"class_list":{"0":"post-8716","1":"product","2":"type-product","3":"status-publish","4":"format-standard","5":"has-post-thumbnail","7":"product_brand-cleopatra","8":"product_cat-analyse-bezoek","9":"product_shipping_class-gratis-verzending","11":"first","12":"instock","13":"sold-individually","14":"taxable","15":"shipping-taxable","16":"purchasable","17":"product-type-simple"},"acf":[],"_links":{"self":[{"href":"https:\/\/cleopatra.nl\/pl\/wp-json\/wp\/v2\/product\/8716","targetHints":{"allow":["GET"]}}],"collection":[{"href":"https:\/\/cleopatra.nl\/pl\/wp-json\/wp\/v2\/product"}],"about":[{"href":"https:\/\/cleopatra.nl\/pl\/wp-json\/wp\/v2\/types\/product"}],"wp:featuredmedia":[{"embeddable":true,"href":"https:\/\/cleopatra.nl\/pl\/wp-json\/wp\/v2\/media\/8247"}],"wp:attachment":[{"href":"https:\/\/cleopatra.nl\/pl\/wp-json\/wp\/v2\/media?parent=8716"}],"wp:term":[{"taxonomy":"product_brand","embeddable":true,"href":"https:\/\/cleopatra.nl\/pl\/wp-json\/wp\/v2\/product_brand?post=8716"},{"taxonomy":"product_cat","embeddable":true,"href":"https:\/\/cleopatra.nl\/pl\/wp-json\/wp\/v2\/product_cat?post=8716"},{"taxonomy":"product_tag","embeddable":true,"href":"https:\/\/cleopatra.nl\/pl\/wp-json\/wp\/v2\/product_tag?post=8716"}],"curies":[{"name":"wp","href":"https:\/\/api.w.org\/{rel}","templated":true}]}}