{"id":8719,"date":"2025-07-07T11:42:50","date_gmt":"2025-07-07T09:42:50","guid":{"rendered":"https:\/\/cleopatra.nl\/?post_type=product&#038;p=8719"},"modified":"2026-04-26T08:55:41","modified_gmt":"2026-04-26T06:55:41","slug":"registratiekaart-professioneel","status":"publish","type":"product","link":"https:\/\/cleopatra.nl\/pl\/spare-parts\/analyse-bezoek\/registratiekaart-professioneel\/","title":{"rendered":"Karta rejestracyjna | profesjonalna"},"content":{"rendered":"<p>Czy posiadasz produkt Cleopatra, kt\u00f3rego historii konserwacji nie znasz? I nie posiadasz subskrypcji serwisowej? Pami\u0119taj, \u017ce zanim b\u0119dziemy mogli Ci pom\u00f3c, musimy najpierw zarejestrowa\u0107 instalacj\u0119 w naszym systemie. Rejestracja obejmuje: \u015bledzenie daty produkcji, numeru seryjnego i wersji. Ponadto musimy oceni\u0107 na podstawie zdj\u0119\u0107, czy i w jaki spos\u00f3b mo\u017cemy serwisowa\u0107 Tw\u00f3j produkt Cleopatra.<\/p>\n<p>Mo\u017cemy nie by\u0107 w stanie go obs\u0142u\u017cy\u0107 z przyczyn technicznych lub ze wzgl\u0119du na wiek produktu.<\/p>\n<p>&nbsp;<\/p>","protected":false},"excerpt":{"rendered":"<p>Heeft u een Cleopatra product waar u de onderhoudsgeschiedenis niet van kent? En heeft u geen onderhoudsabonnement? Hou er dan rekening mee dat we eerst de installatie moeten registeren in ons systeem voordat we u verder kunnen helpen. De registratie omvat: traceren van de productiedatum, serienummer en uitvoering. Daarnaast dienen we op basis van foto&#8217;s [&hellip;]<\/p>\n","protected":false},"featured_media":8247,"template":"","format":"standard","meta":{"_acf_changed":false},"product_brand":[347],"product_cat":[297],"product_tag":[],"class_list":{"0":"post-8719","1":"product","2":"type-product","3":"status-publish","4":"format-standard","5":"has-post-thumbnail","7":"product_brand-cleopatra","8":"product_cat-analyse-bezoek","9":"product_shipping_class-gratis-verzending","11":"first","12":"instock","13":"sold-individually","14":"taxable","15":"shipping-taxable","16":"purchasable","17":"product-type-simple"},"acf":[],"_links":{"self":[{"href":"https:\/\/cleopatra.nl\/pl\/wp-json\/wp\/v2\/product\/8719","targetHints":{"allow":["GET"]}}],"collection":[{"href":"https:\/\/cleopatra.nl\/pl\/wp-json\/wp\/v2\/product"}],"about":[{"href":"https:\/\/cleopatra.nl\/pl\/wp-json\/wp\/v2\/types\/product"}],"wp:featuredmedia":[{"embeddable":true,"href":"https:\/\/cleopatra.nl\/pl\/wp-json\/wp\/v2\/media\/8247"}],"wp:attachment":[{"href":"https:\/\/cleopatra.nl\/pl\/wp-json\/wp\/v2\/media?parent=8719"}],"wp:term":[{"taxonomy":"product_brand","embeddable":true,"href":"https:\/\/cleopatra.nl\/pl\/wp-json\/wp\/v2\/product_brand?post=8719"},{"taxonomy":"product_cat","embeddable":true,"href":"https:\/\/cleopatra.nl\/pl\/wp-json\/wp\/v2\/product_cat?post=8719"},{"taxonomy":"product_tag","embeddable":true,"href":"https:\/\/cleopatra.nl\/pl\/wp-json\/wp\/v2\/product_tag?post=8719"}],"curies":[{"name":"wp","href":"https:\/\/api.w.org\/{rel}","templated":true}]}}