{"id":8814,"date":"2025-08-14T17:44:58","date_gmt":"2025-08-14T15:44:58","guid":{"rendered":"https:\/\/cleopatra.nl\/?post_type=product&#038;p=8814"},"modified":"2026-04-26T15:21:21","modified_gmt":"2026-04-26T13:21:21","slug":"kubus-line-classic-l-480x205-cm","status":"publish","type":"product","link":"https:\/\/cleopatra.nl\/pl\/shop\/saunas\/kubus-line-classic-l-480x205-cm\/","title":{"rendered":"Cube line Classic L | 480\u00d7205 cm"},"content":{"rendered":"<h3>Cube line Classic M | 4800 x 2050 x 2480 mm<\/h3>\n<p>Je\u015bli szukasz nowoczesnej i minimalistycznej sauny \"plug-and-play\" do swojego ogrodu, Kubus Classic jest w\u0142a\u015bnie tym, czego potrzebujesz. \u0141\u0105cz\u0105c klasyczny styl z pi\u0119knymi materia\u0142ami, funkcjonaln\u0105 konstrukcj\u0105 i fachow\u0105 prac\u0105 mistrz\u00f3w Cleopatry, gwarantujemy wysokiej jako\u015bci doznania w saunie.<\/p>\n<p>Dodaj piec z unikalnym urz\u0105dzeniem klimatycznym Saunsation, a Twoja sauna zmieni si\u0119 w koj\u0105c\u0105 saun\u0119 5 w jednym.<br \/>\nDomowe spa oferuj\u0105ce niezr\u00f3wnane doznania w saunie. Gdy para jest mieszana z delikatnym, bogatym w tlen powietrzem, staje si\u0119 \u0142agodniejsza, co pozwala na znacznie \u0142atwiejsze oddychanie. Mo\u017cesz wi\u0119c po prostu zrelaksowa\u0107 si\u0119 w klasycznej saunie parowej lub wybra\u0107 mi\u0119dzy saun\u0105 solno-jonow\u0105, \u0142agodn\u0105 saun\u0105 parow\u0105, saun\u0105 relaksacyjn\u0105 lub saun\u0105 aromatyczn\u0105.<\/p>\n<p>Drzwi i okno s\u0105 wykonane z aluminium, drzwi s\u0105 zamykane na klucz.<\/p>\n<h4><strong>MO\u017bLIWO\u015aCI<\/strong><\/h4>\n<p>Wymiary zewn\u0119trzne 240x205x248 cm - od 3 do 4 os\u00f3b<\/p>\n<p>&nbsp;<\/p>\n<h4><strong>UWAGA<\/strong><\/h4>\n<p>Jest to sauna gotowa do u\u017cycia, dostarczana w pe\u0142ni zmontowana. Podnoszone ucha na g\u00f3rze tej sauny zewn\u0119trznej u\u0142atwiaj\u0105 umieszczenie jej na twardej powierzchni. Po pod\u0142\u0105czeniu do pr\u0105du mo\u017cna od razu cieszy\u0107 si\u0119 wspania\u0142\u0105 saun\u0105.<\/p>\n<h4><\/h4>\n<h4>CECHY<\/h4>\n<p><strong>Trwa\u0142o\u015b\u0107 i wysoka jako\u015b\u0107<\/strong><\/p>\n<p>Ok\u0142adziny termo-drewniane i najwy\u017cszej jako\u015bci materia\u0142y wewn\u0119trzne, nowoczesne rozwi\u0105zania technologiczne, do\u015bwiadczeni stolarze.<\/p>\n<p><strong>Przyjazny dla \u015brodowiska<\/strong><br \/>\nZr\u00f3wnowa\u017cone materia\u0142y i wydajna produkcja przy minimalnej ilo\u015bci odpad\u00f3w.<\/p>\n<p><strong>Na zam\u00f3wienie<\/strong><br \/>\nKolory, materia\u0142y, opcje projektowe i funkcje technologiczne do wyboru. Dost\u0119pne projekty na zam\u00f3wienie.<\/p>\n<p><strong>Zr\u00f3wnowa\u017cony klimat sauny<\/strong><br \/>\nWyb\u00f3r r\u00f3\u017cnych piec\u00f3w do sauny.<\/p>\n<p><strong>\u0141atwy do przenoszenia<\/strong><br \/>\nSpecjalne haki do podnoszenia d\u017awigiem, ale r\u00f3wnie\u017c do przemieszczania w\u00f3zkiem wid\u0142owym.<\/p>\n<h4><\/h4>\n<h4><strong>WI\u0118CEJ INFORMACJI<\/strong><\/h4>\n<p>Wyko\u0144czenie zewn\u0119trzne: Bia\u0142e drewno HT z pow\u0142ok\u0105 ochronn\u0105<br \/>\nOk\u0142adzina zewn\u0119trzna: drobno ci\u0119ty \u015bwierk<br \/>\nKolor szklanych drzwi: przezroczysty<br \/>\nTyp szk\u0142a: Podw\u00f3jnie szklone, hartowane<br \/>\nWn\u0119trze: bia\u0142e drewno HT<br \/>\n\u0141awka i oparcie: Kszta\u0142t litery I<br \/>\nO\u015bwietlenie LED za oparciem i pod g\u00f3rn\u0105 \u0142awk\u0105<br \/>\nPod\u0142ogi: Drewno<br \/>\nBelki bazowe Drewno impregnowane<\/p>\n<p>Waga ok. 1250 kg<\/p>\n<h4><\/h4>\n<h4><strong>LISTA KONTROLNA INSTALACJI SAUNY<\/strong><\/h4>\n<p>&nbsp;<\/p>\n<p>POK\u00d3J TECHNOLOGICZNY<\/p>\n<p>Przestrze\u0144 techniczna tej sauny jest dost\u0119pna z zewn\u0105trz. Sauna musi by\u0107 pod\u0142\u0105czona przez certyfikowany personel.<\/p>\n<p>POD\u0141OGA I ODPROWADZANIE WODY<\/p>\n<p>Konieczne jest umieszczenie sauny na solidnej, twardej pod\u0142odze. Upewnij si\u0119, \u017ce pod\u0142oga jest r\u00f3wna; nier\u00f3wna pod\u0142oga mo\u017ce mie\u0107 negatywne konsekwencje w przysz\u0142o\u015bci.<\/p>\n<p>NIEZB\u0118DNE ZAPLECZE TECHNICZNE<\/p>\n<p>Wyposa\u017cenie techniczne r\u00f3\u017cni si\u0119 w zale\u017cno\u015bci od sauny i kabiny na podczerwie\u0144. W momencie wyceny\/zam\u00f3wienia okre\u015blane s\u0105 wszystkie wymagane udogodnienia.<\/p>\n<p>DOSTAWA ENERGII ELEKTRYCZNEJ<\/p>\n<p>Obliczenie mocy pieca do sauny: d\u0142ugo\u015b\u0107 kabiny x szeroko\u015b\u0107 x wysoko\u015b\u0107 x 1,25.<\/p>\n<p>W przypadku pieca do sauny o mocy do 3,6 kW wystarczaj\u0105ce jest pod\u0142\u0105czenie 230 V. Od 4,5 kW wzwy\u017c wymagane jest 400 V lub 2 x 230 V. W zale\u017cno\u015bci od wybranego pieca i o\u015bwietlenia nale\u017cy okre\u015bli\u0107, czy o\u015bwietlenie jest sterowane przez piec do sauny, czy te\u017c wymagane jest drugie \u017ar\u00f3d\u0142o zasilania dla o\u015bwietlenia. Prze\u0142\u0105cznik izolacyjny musi by\u0107 zawsze obecny. Ch\u0119tnie doradzimy w tej kwestii.<\/p>\n<p>HIGIENA I KONSERWACJA<\/p>\n<p>U\u017cycie r\u0119cznika zapobiegnie spadaniu kropel potu na \u0142awki. Konserwacja pieca: przy regularnym u\u017cytkowaniu prywatnym, wymieniaj kamienie do sauny co kilka lat, nie wk\u0142adaj ich do pieca i nie uk\u0142adaj stosu wysoko na piecu.<\/p>\n<p>GWARANCJA<\/p>\n<p>W przypadku normalnego u\u017cytkowania prywatnego 2 lata na kabin\u0119 z wy\u0142\u0105czeniem szklanych drzwi\/okien i lamp. Piec do sauny i elektronika 2 lata, z wyj\u0105tkiem element\u00f3w grzejnych, poniewa\u017c ich \u017cywotno\u015b\u0107 w du\u017cym stopniu zale\u017cy od sposobu obchodzenia si\u0119 z piecem.<\/p>\n<p>&nbsp;<\/p>\n<p>&nbsp;<\/p>","protected":false},"excerpt":{"rendered":"<p>Kubus line Classic M | 4800 x 2050 x 2480 mm Als u op zoek bent naar een modern en minimalistisch &#8220;plug-and-play&#8221; saunahuis voor uw achtertuin, dan is Kubus Classic precies wat u nodig hebt. Door de klassieke stijl te combineren met prachtige materialen, functioneel\u00a0 design en het vakkundige werk van de meestervakmensen van Cleopatra, [&hellip;]<\/p>\n","protected":false},"featured_media":8817,"template":"","format":"standard","meta":{"_acf_changed":false},"product_brand":[],"product_cat":[283],"product_tag":[],"class_list":{"0":"post-8814","1":"product","2":"type-product","3":"status-publish","4":"format-standard","5":"has-post-thumbnail","7":"product_cat-buitensaunas","9":"first","10":"onbackorder","11":"taxable","12":"shipping-taxable","13":"purchasable","14":"product-type-simple"},"acf":[],"_links":{"self":[{"href":"https:\/\/cleopatra.nl\/pl\/wp-json\/wp\/v2\/product\/8814","targetHints":{"allow":["GET"]}}],"collection":[{"href":"https:\/\/cleopatra.nl\/pl\/wp-json\/wp\/v2\/product"}],"about":[{"href":"https:\/\/cleopatra.nl\/pl\/wp-json\/wp\/v2\/types\/product"}],"wp:featuredmedia":[{"embeddable":true,"href":"https:\/\/cleopatra.nl\/pl\/wp-json\/wp\/v2\/media\/8817"}],"wp:attachment":[{"href":"https:\/\/cleopatra.nl\/pl\/wp-json\/wp\/v2\/media?parent=8814"}],"wp:term":[{"taxonomy":"product_brand","embeddable":true,"href":"https:\/\/cleopatra.nl\/pl\/wp-json\/wp\/v2\/product_brand?post=8814"},{"taxonomy":"product_cat","embeddable":true,"href":"https:\/\/cleopatra.nl\/pl\/wp-json\/wp\/v2\/product_cat?post=8814"},{"taxonomy":"product_tag","embeddable":true,"href":"https:\/\/cleopatra.nl\/pl\/wp-json\/wp\/v2\/product_tag?post=8814"}],"curies":[{"name":"wp","href":"https:\/\/api.w.org\/{rel}","templated":true}]}}