{"id":8852,"date":"2025-08-28T12:29:53","date_gmt":"2025-08-28T10:29:53","guid":{"rendered":"https:\/\/cleopatra.nl\/?post_type=product&#038;p=8852"},"modified":"2026-04-26T08:55:41","modified_gmt":"2026-04-26T06:55:41","slug":"serviceset-eucatankset-dd500","status":"publish","type":"product","link":"https:\/\/cleopatra.nl\/pl\/spare-parts\/serviceset-eucatankset-dd500\/","title":{"rendered":"Zestaw serwisowy | Eucatankset DD500"},"content":{"rendered":"<p><strong>Cechy artyku\u0142u:<\/strong><\/p>\n<ul>\n<li>Zbiornik o pojemno\u015bci 5 litr\u00f3w z korkiem<\/li>\n<li>P\u00f3\u0142ka<\/li>\n<li>Kr\u00f3ciec w\u0119\u017ca<\/li>\n<\/ul>\n<p>&nbsp;<\/p>\n<p>Uwaga: jest to produkt wycofany z produkcji<\/p>","protected":false},"excerpt":{"rendered":"<p>Chcesz wiedzie\u0107, jak wymieni\u0107 ten produkt? <a href=\"https:\/\/cleopatra.nl\/wp-content\/uploads\/96598000.pdf\" target=\"_blank\" rel=\"noopener\">Nast\u0119pnie kliknij instrukcj\u0119 serwisow\u0105<\/a><\/p>","protected":false},"featured_media":4007,"template":"","format":"standard","meta":{"_acf_changed":false},"product_brand":[347],"product_cat":[60,133],"product_tag":[],"class_list":{"0":"post-8852","1":"product","2":"type-product","3":"status-publish","4":"format-standard","5":"has-post-thumbnail","7":"product_brand-cleopatra","8":"product_cat-spare-parts","9":"product_cat-overige-stoomtechniek","10":"product_shipping_class-gratis-verzending","12":"first","13":"instock","14":"taxable","15":"shipping-taxable","16":"purchasable","17":"product-type-simple"},"acf":[],"_links":{"self":[{"href":"https:\/\/cleopatra.nl\/pl\/wp-json\/wp\/v2\/product\/8852","targetHints":{"allow":["GET"]}}],"collection":[{"href":"https:\/\/cleopatra.nl\/pl\/wp-json\/wp\/v2\/product"}],"about":[{"href":"https:\/\/cleopatra.nl\/pl\/wp-json\/wp\/v2\/types\/product"}],"wp:featuredmedia":[{"embeddable":true,"href":"https:\/\/cleopatra.nl\/pl\/wp-json\/wp\/v2\/media\/4007"}],"wp:attachment":[{"href":"https:\/\/cleopatra.nl\/pl\/wp-json\/wp\/v2\/media?parent=8852"}],"wp:term":[{"taxonomy":"product_brand","embeddable":true,"href":"https:\/\/cleopatra.nl\/pl\/wp-json\/wp\/v2\/product_brand?post=8852"},{"taxonomy":"product_cat","embeddable":true,"href":"https:\/\/cleopatra.nl\/pl\/wp-json\/wp\/v2\/product_cat?post=8852"},{"taxonomy":"product_tag","embeddable":true,"href":"https:\/\/cleopatra.nl\/pl\/wp-json\/wp\/v2\/product_tag?post=8852"}],"curies":[{"name":"wp","href":"https:\/\/api.w.org\/{rel}","templated":true}]}}