{"id":8868,"date":"2025-09-02T19:52:46","date_gmt":"2025-09-02T17:52:46","guid":{"rendered":"https:\/\/cleopatra.nl\/?post_type=product&#038;p=8868"},"modified":"2025-09-22T11:47:14","modified_gmt":"2025-09-22T09:47:14","slug":"raindance-select-e-handdouche-120-3jet","status":"publish","type":"product","link":"https:\/\/cleopatra.nl\/pl\/spare-parts\/raindance-select-e-handdouche-120-3jet\/","title":{"rendered":"G\u0142\u00f3wka prysznicowa | Raindance Select E 120 3jet"},"content":{"rendered":"<p>Hansgrohe g\u0142\u00f3wka prysznicowa Raindance Select E 120<\/p>\n<h2>Cechy artyku\u0142u<\/h2>\n<ul class=\"is-multicolumn\">\n<li>\u015brednica g\u0142owicy prysznicowej 125 mm<\/li>\n<li>Deszcz, RainAir pe\u0142ny delikatny strumie\u0144 deszczu, Whirl intensywny strumie\u0144 masuj\u0105cy<\/li>\n<li>wygodny wyb\u00f3r strumienia za pomoc\u0105 przycisku Select<\/li>\n<li>maksymalne nat\u0119\u017cenie przep\u0142ywu przy 3 barach: 15 l\/min<\/li>\n<li>funkcja od: 8,8 l\/min<\/li>\n<li>z wewn\u0119trzn\u0105 wy\u015bci\u00f3\u0142k\u0105 wodn\u0105<\/li>\n<li>zmywalny pier\u015bcie\u0144 filtra<\/li>\n<li>Kiwa K6053_Showers EN1112<\/li>\n<\/ul>","protected":false},"excerpt":{"rendered":"<p>Chcesz wiedzie\u0107, jak wymieni\u0107 ten produkt? <a href=\"https:\/\/cleopatra.nl\/wp-content\/uploads\/26530000.pdf\" target=\"_blank\" rel=\"noopener\">Nast\u0119pnie kliknij instrukcj\u0119 serwisow\u0105<\/a><\/p>","protected":false},"featured_media":8866,"template":"","format":"standard","meta":{"_acf_changed":false},"product_brand":[],"product_cat":[60,112,102,103,109],"product_tag":[],"class_list":{"0":"post-8868","1":"product","2":"type-product","3":"status-publish","4":"format-standard","5":"has-post-thumbnail","7":"product_cat-spare-parts","8":"product_cat-kraan-onderdelen","9":"product_cat-onderdelen-baden","10":"product_cat-stoomcabine-onderdelen","11":"product_cat-overige","13":"first","14":"instock","15":"taxable","16":"shipping-taxable","17":"purchasable","18":"product-type-simple"},"acf":[],"_links":{"self":[{"href":"https:\/\/cleopatra.nl\/pl\/wp-json\/wp\/v2\/product\/8868","targetHints":{"allow":["GET"]}}],"collection":[{"href":"https:\/\/cleopatra.nl\/pl\/wp-json\/wp\/v2\/product"}],"about":[{"href":"https:\/\/cleopatra.nl\/pl\/wp-json\/wp\/v2\/types\/product"}],"wp:featuredmedia":[{"embeddable":true,"href":"https:\/\/cleopatra.nl\/pl\/wp-json\/wp\/v2\/media\/8866"}],"wp:attachment":[{"href":"https:\/\/cleopatra.nl\/pl\/wp-json\/wp\/v2\/media?parent=8868"}],"wp:term":[{"taxonomy":"product_brand","embeddable":true,"href":"https:\/\/cleopatra.nl\/pl\/wp-json\/wp\/v2\/product_brand?post=8868"},{"taxonomy":"product_cat","embeddable":true,"href":"https:\/\/cleopatra.nl\/pl\/wp-json\/wp\/v2\/product_cat?post=8868"},{"taxonomy":"product_tag","embeddable":true,"href":"https:\/\/cleopatra.nl\/pl\/wp-json\/wp\/v2\/product_tag?post=8868"}],"curies":[{"name":"wp","href":"https:\/\/api.w.org\/{rel}","templated":true}]}}