{"id":9277,"date":"2025-11-04T16:16:00","date_gmt":"2025-11-04T15:16:00","guid":{"rendered":"https:\/\/cleopatra.nl\/?post_type=product&#038;p=9277"},"modified":"2026-04-26T21:18:53","modified_gmt":"2026-04-26T19:18:53","slug":"geheimen-van-zouttherapie","status":"publish","type":"product","link":"https:\/\/cleopatra.nl\/pl\/shop\/ebooks\/geheimen-van-zouttherapie\/","title":{"rendered":"Sekrety terapii solnej"},"content":{"rendered":"<p><strong>Sekrety terapii solnej, odkryj korzy\u015bci zdrowotne p\u0142yn\u0105ce z pomieszcze\u0144 solnych<\/strong><\/p>\n<p><i>Terapia solna, znana r\u00f3wnie\u017c jako haloterapia, ma swoje korzenie w naturalnym \u015brodowisku. <\/i><i>kopalnie soli w Europie Wschodniej, zw\u0142aszcza w Polsce i na Ukrainie. Korzy\u015bci terapeutyczne\u00a0<\/i><i>Zalety soli s\u0105 znane od wiek\u00f3w. W czasach staro\u017cytnych s\u00f3l by\u0142a u\u017cywana do produkcji r\u00f3\u017cnych <\/i><i>leczy\u0107 zaburzenia. Praktyka ta sta\u0142a si\u0119 popularna w XX wieku, kiedy ludzie <\/i><i>szukali alternatywnych metod poprawy swojego zdrowia, w szczeg\u00f3lno\u015bci <\/i><i>na choroby uk\u0142adu oddechowego. Unikalny mikroklimat kopal\u0144 soli, w kt\u00f3rych znajduj\u0105 si\u0119 m.in. <\/i><i>Stwierdzono, \u017ce powietrze nasycone cz\u0105steczkami soli ma liczne korzy\u015bci zdrowotne, co ma <\/i><i>Doprowadzi\u0142o to do powstania nowoczesnych gabinet\u00f3w terapii solnej.<\/i><\/p>\n<p>&nbsp;<\/p>\n<p><strong>Ten eBook sk\u0142ada si\u0119 z nast\u0119puj\u0105cych rozdzia\u0142\u00f3w<\/strong><\/p>\n<p><i>Rozdzia\u0142 1: Wprowadzenie do terapii solnej\u00a0<\/i><\/p>\n<p><i>Rozdzia\u0142 2: Terapia solna w chorobach uk\u0142adu oddechowego\u00a0<\/i><\/p>\n<p><i>Rozdzia\u0142 3: Korzy\u015bci z haloterapii w leczeniu sk\u00f3ry\u00a0<\/i><\/p>\n<p><i>Rozdzia\u0142 4: Pomieszczenia z sol\u0105 do regeneracji po treningu sportowym\u00a0<\/i><\/p>\n<p><i>Rozdzia\u0142 5: Jak wybra\u0107 pok\u00f3j solny?<\/i><\/p>\n<p><i>Rozdzia\u0142 6: W\u0142\u0105czenie terapii solnej do rutyny\u00a0<\/i><\/p>\n<p><i>Rozdzia\u0142 7: Mity i b\u0142\u0119dne przekonania na temat terapii sol\u0105\u00a0<\/i><\/p>\n<p><i>Rozdzia\u0142 8: Przysz\u0142o\u015b\u0107 terapii solnej\u00a0<\/i><\/p>\n<p><i>Rozdzia\u0142 9: Podsumowanie\u00a0<\/i><\/p>","protected":false},"excerpt":{"rendered":"<p><img loading=\"lazy\" decoding=\"async\" class=\"alignnone size-medium wp-image-9310\" src=\"https:\/\/cleopatra.nl\/wp-content\/uploads\/woocommerce_uploads\/Scherm\u00adafbeelding-2025-11-08-om-14.17.09-7wfrxt-212x300.webp\" alt=\"Geheimen van zouttherapie\" width=\"212\" height=\"300\" srcset=\"https:\/\/cleopatra.nl\/wp-content\/uploads\/woocommerce_uploads\/Scherm\u00adafbeelding-2025-11-08-om-14.17.09-7wfrxt-212x300.webp 212w, https:\/\/cleopatra.nl\/wp-content\/uploads\/woocommerce_uploads\/Scherm\u00adafbeelding-2025-11-08-om-14.17.09-7wfrxt-723x1024.webp 723w, https:\/\/cleopatra.nl\/wp-content\/uploads\/woocommerce_uploads\/Scherm\u00adafbeelding-2025-11-08-om-14.17.09-7wfrxt-768x1087.webp 768w, https:\/\/cleopatra.nl\/wp-content\/uploads\/woocommerce_uploads\/Scherm\u00adafbeelding-2025-11-08-om-14.17.09-7wfrxt-8x12.webp 8w, https:\/\/cleopatra.nl\/wp-content\/uploads\/woocommerce_uploads\/Scherm\u00adafbeelding-2025-11-08-om-14.17.09-7wfrxt-600x849.webp 600w, https:\/\/cleopatra.nl\/wp-content\/uploads\/woocommerce_uploads\/Scherm\u00adafbeelding-2025-11-08-om-14.17.09-7wfrxt.webp 907w\" sizes=\"auto, (max-width: 212px) 100vw, 212px\" \/><\/p>","protected":false},"featured_media":9310,"template":"","format":"standard","meta":{"_acf_changed":false},"product_brand":[347],"product_cat":[321],"product_tag":[],"class_list":{"0":"post-9277","1":"product","2":"type-product","3":"status-publish","4":"format-standard","5":"has-post-thumbnail","7":"product_brand-cleopatra","8":"product_cat-ebooks","9":"product_shipping_class-gratis-verzending","11":"first","12":"instock","13":"downloadable","14":"taxable","15":"shipping-taxable","16":"purchasable","17":"product-type-simple"},"acf":[],"_links":{"self":[{"href":"https:\/\/cleopatra.nl\/pl\/wp-json\/wp\/v2\/product\/9277","targetHints":{"allow":["GET"]}}],"collection":[{"href":"https:\/\/cleopatra.nl\/pl\/wp-json\/wp\/v2\/product"}],"about":[{"href":"https:\/\/cleopatra.nl\/pl\/wp-json\/wp\/v2\/types\/product"}],"wp:featuredmedia":[{"embeddable":true,"href":"https:\/\/cleopatra.nl\/pl\/wp-json\/wp\/v2\/media\/9310"}],"wp:attachment":[{"href":"https:\/\/cleopatra.nl\/pl\/wp-json\/wp\/v2\/media?parent=9277"}],"wp:term":[{"taxonomy":"product_brand","embeddable":true,"href":"https:\/\/cleopatra.nl\/pl\/wp-json\/wp\/v2\/product_brand?post=9277"},{"taxonomy":"product_cat","embeddable":true,"href":"https:\/\/cleopatra.nl\/pl\/wp-json\/wp\/v2\/product_cat?post=9277"},{"taxonomy":"product_tag","embeddable":true,"href":"https:\/\/cleopatra.nl\/pl\/wp-json\/wp\/v2\/product_tag?post=9277"}],"curies":[{"name":"wp","href":"https:\/\/api.w.org\/{rel}","templated":true}]}}