{"id":9306,"date":"2025-11-08T12:35:26","date_gmt":"2025-11-08T11:35:26","guid":{"rendered":"https:\/\/cleopatra.nl\/?post_type=product&#038;p=9306"},"modified":"2026-04-26T21:18:53","modified_gmt":"2026-04-26T19:18:53","slug":"geneeskrachtig-water","status":"publish","type":"product","link":"https:\/\/cleopatra.nl\/pl\/shop\/ebooks\/geneeskrachtig-water\/","title":{"rendered":"Uzdrawiaj\u0105ca woda"},"content":{"rendered":"<p><strong><i>Woda lecznicza: jak Roman <\/i><i>\u0142a\u017anie zdrowie i dobre samopoczucie <\/i><i>utworzy\u0142y<\/i><\/strong><\/p>\n<p><i>Rzymskie \u0142a\u017anie, znane jako termy, by\u0142y architektonicznymi cudami, kt\u00f3re <\/i><i>podkre\u015bla\u0142y zdrowie i dobre samopoczucie w staro\u017cytnym spo\u0142ecze\u0144stwie. \u0141a\u017anie te by\u0142y bardziej <\/i><i>ni\u017c tylko miejsca do mycia; by\u0142y centrami interakcji spo\u0142ecznych i <\/i><i>relaks. Rodziny cz\u0119sto sp\u0119dza\u0142y ca\u0142e dnie w \u0142a\u017aniach, gdzie cieszy\u0142y si\u0119 <\/i><i>r\u00f3\u017cne ogrzewane pokoje, zimne baseny i cz\u0119\u015bci wsp\u00f3lne. <\/i><i>Projekt tych \u0142a\u017ani odzwierciedla\u0142 g\u0142\u0119bokie zrozumienie tego, jak \u015brodowisko <\/i><i>i woda mog\u0105 promowa\u0107 dobre samopoczucie, odgrywaj\u0105c centraln\u0105 rol\u0119 w <\/i><i>Kultura roma\u0144ska.\u00a0<\/i><i>Rola \u0142a\u017ani w promowaniu zdrowia wydaje si\u0119 oczywista <\/i><i>z r\u00f3\u017cnorodno\u015bci oferowanych us\u0142ug. Odwiedzaj\u0105cy mogli uprawia\u0107 sport, cieszy\u0107 si\u0119\u00a0<\/i><i>masa\u017cy i udzia\u0142u w dzia\u0142aniach spo\u0142ecznych, z kt\u00f3rych wszystkie przyczyni\u0142y si\u0119 do <\/i><i>holistyczne podej\u015bcie do dobrego samopoczucia. To wieloaspektowe wykorzystanie przestrzeni by\u0142o nie tylko <\/i><i>koncentrowa\u0142y si\u0119 na zdrowiu fizycznym, ale tak\u017ce promowa\u0142y dobre samopoczucie psychiczne, jak to mia\u0142o miejsce w <\/i><i>nawi\u0105zano kontakty we wsp\u00f3lnym \u015brodowisku. <\/i><i>Dzisiejsze spa i centra odnowy biologicznej mog\u0105 czerpa\u0107 inspiracj\u0119 z tego modelu, dziel\u0105c wsp\u00f3lne cechy. <\/i><i>tworzy\u0107 przestrzenie, kt\u00f3re promuj\u0105 interakcje spo\u0142eczne i og\u00f3lne dobre samopoczucie.<\/i><\/p>\n<p>&nbsp;<\/p>\n<p><strong>Ten eBook sk\u0142ada si\u0119 z nast\u0119puj\u0105cych rozdzia\u0142\u00f3w<\/strong><\/p>\n<p><i>Rozdzia\u0142 1: Wprowadzenie do rzymskich \u0142a\u017ani<\/i><\/p>\n<p><i>Rozdzia\u0142 2: Projekt architektoniczny i charakterystyka rzymskich \u0142a\u017ani<\/i><\/p>\n<p><i>Rozdzia\u0142 3: Rola \u0142a\u017ani w rzymskich praktykach zdrowotnych i opieku\u0144czych<\/i><\/p>\n<p><i>Rozdzia\u0142 4: Por\u00f3wnanie rzymskich \u0142a\u017ani z nowoczesnymi o\u015brodkami spa i wellness<\/i><\/p>\n<p><i>Rozdzia\u0142 5: Wp\u0142yw rzymskich \u0142a\u017ani na europejskie tradycje k\u0105pielowe<\/i><\/p>\n<p><i>Rozdzia\u0142 6: In\u017cynieria i technologia stoj\u0105ca za rzymskimi systemami grzewczymi<\/i><\/p>\n<p><i>Rozdzia\u0142 7: Podsumowanie<\/i><\/p>\n<p>&nbsp;<\/p>","protected":false},"excerpt":{"rendered":"<p><img loading=\"lazy\" decoding=\"async\" class=\"alignnone size-medium wp-image-9308\" src=\"https:\/\/cleopatra.nl\/wp-content\/uploads\/woocommerce_uploads\/Scherm\u00adafbeelding-2025-11-08-om-12.34.04-xkc9p4-213x300.webp\" alt=\"Geneeskrachtig water\" width=\"213\" height=\"300\" srcset=\"https:\/\/cleopatra.nl\/wp-content\/uploads\/woocommerce_uploads\/Scherm\u00adafbeelding-2025-11-08-om-12.34.04-xkc9p4-213x300.webp 213w, https:\/\/cleopatra.nl\/wp-content\/uploads\/woocommerce_uploads\/Scherm\u00adafbeelding-2025-11-08-om-12.34.04-xkc9p4-728x1024.webp 728w, https:\/\/cleopatra.nl\/wp-content\/uploads\/woocommerce_uploads\/Scherm\u00adafbeelding-2025-11-08-om-12.34.04-xkc9p4-768x1080.webp 768w, https:\/\/cleopatra.nl\/wp-content\/uploads\/woocommerce_uploads\/Scherm\u00adafbeelding-2025-11-08-om-12.34.04-xkc9p4-9x12.webp 9w, https:\/\/cleopatra.nl\/wp-content\/uploads\/woocommerce_uploads\/Scherm\u00adafbeelding-2025-11-08-om-12.34.04-xkc9p4-600x844.webp 600w, https:\/\/cleopatra.nl\/wp-content\/uploads\/woocommerce_uploads\/Scherm\u00adafbeelding-2025-11-08-om-12.34.04-xkc9p4.webp 913w\" sizes=\"auto, (max-width: 213px) 100vw, 213px\" \/><\/p>","protected":false},"featured_media":9308,"template":"","format":"standard","meta":{"_acf_changed":false},"product_brand":[347],"product_cat":[321],"product_tag":[],"class_list":{"0":"post-9306","1":"product","2":"type-product","3":"status-publish","4":"format-standard","5":"has-post-thumbnail","7":"product_brand-cleopatra","8":"product_cat-ebooks","9":"product_shipping_class-gratis-verzending","11":"first","12":"instock","13":"downloadable","14":"taxable","15":"shipping-taxable","16":"purchasable","17":"product-type-simple"},"acf":[],"_links":{"self":[{"href":"https:\/\/cleopatra.nl\/pl\/wp-json\/wp\/v2\/product\/9306","targetHints":{"allow":["GET"]}}],"collection":[{"href":"https:\/\/cleopatra.nl\/pl\/wp-json\/wp\/v2\/product"}],"about":[{"href":"https:\/\/cleopatra.nl\/pl\/wp-json\/wp\/v2\/types\/product"}],"wp:featuredmedia":[{"embeddable":true,"href":"https:\/\/cleopatra.nl\/pl\/wp-json\/wp\/v2\/media\/9308"}],"wp:attachment":[{"href":"https:\/\/cleopatra.nl\/pl\/wp-json\/wp\/v2\/media?parent=9306"}],"wp:term":[{"taxonomy":"product_brand","embeddable":true,"href":"https:\/\/cleopatra.nl\/pl\/wp-json\/wp\/v2\/product_brand?post=9306"},{"taxonomy":"product_cat","embeddable":true,"href":"https:\/\/cleopatra.nl\/pl\/wp-json\/wp\/v2\/product_cat?post=9306"},{"taxonomy":"product_tag","embeddable":true,"href":"https:\/\/cleopatra.nl\/pl\/wp-json\/wp\/v2\/product_tag?post=9306"}],"curies":[{"name":"wp","href":"https:\/\/api.w.org\/{rel}","templated":true}]}}