{"id":9663,"date":"2026-01-18T14:44:06","date_gmt":"2026-01-18T13:44:06","guid":{"rendered":"https:\/\/cleopatra.nl\/?post_type=product&#038;p=9663"},"modified":"2026-01-18T14:53:27","modified_gmt":"2026-01-18T13:53:27","slug":"aquafun-wellness-shower-pro","status":"publish","type":"product","link":"https:\/\/cleopatra.nl\/pl\/shop\/aquafun-wellness-shower-pro\/","title":{"rendered":"Aquafun Wellness Shower | Pro"},"content":{"rendered":"<h3>AQUAFUN WELLNESS SHOWER | PRO<\/h3>\n<p>&nbsp;<\/p>\n<div id=\"text_block-17-2375\" class=\"ct-text-block archive_text_section_text\">\n<p>De AquaFun Wellness Shower Pro geeft de ultieme douchebeleving en is speciaal ontwikkeld voor professionele gelegenheden. Via de diverse straalsoorten in de dakdouche, handdouche en zijdouches \u00a0kunt u genieten van:<\/p>\n<ul>\n<li>Prysznic deszczowy<\/li>\n<li>Wodospad<\/li>\n<li>S\u0142up wody<\/li>\n<li>Mg\u0142a<\/li>\n<\/ul>\n<p>&nbsp;<\/p>\n<p>Via de Shower Deluxe bediening kunnen de verschillende douches geactiveerd worden; de nieuw ontwikkelde Quatro bediening is niet alleen functioneel maar ook esthetisch een lust voor het oog. De drukknoppen kunnen in verschillen finishes geleverd worden. De temperatuur regeling geschied via bijgeleverd inbouw thermostaat.<\/p>\n<p>&nbsp;<\/p>\n<p>Upewnij si\u0119, \u017ce ci\u015bnienie i ilo\u015b\u0107 wody (nat\u0119\u017cenie przep\u0142ywu) s\u0105 znane z wyprzedzeniem i \u017ce instalacja wodna jest odpowiednio skonfigurowana. Prysznic Wellness zawsze wymaga oddzielnego zaworu termostatycznego; wersja Essential jest w niego standardowo wyposa\u017cona.<\/p>\n<p>&nbsp;<\/p>\n<p>Wy\u015bwietl <strong>wideo<\/strong> Z prysznica wellness: <a href=\"https:\/\/cleopatra.nl\/pl\/wellness-shower\/wellness-shower\/\">kliknij tutaj<\/a><\/p>\n<p>&nbsp;<\/p>\n<h3><strong>CECHY <\/strong><\/h3>\n<p><strong>\u00a0<\/strong><\/p>\n<p><strong>FUNKCJE PRYSZNICA<\/strong><\/p>\n<p>Za pomoc\u0105 prysznica dachowego mo\u017cna aktywowa\u0107 nast\u0119puj\u0105ce rodzaje strumienia: deszczowy, kolumnowy, wodospadowy i mgie\u0142ka. G\u0142\u00f3wka prysznicowa i dysze boczne mog\u0105 by\u0107 obs\u0142ugiwane oddzielnie za pomoc\u0105 wy\u015bwietlacza<\/p>\n<p><strong>WY\u015aWIETLACZ DOTYKOWY<\/strong><\/p>\n<p>Funkcjami prysznica (prysznic dachowy z 4 rodzajami strumienia) mo\u017cna \u0142atwo sterowa\u0107 za pomoc\u0105 wy\u015bwietlacza dotykowego, do kt\u00f3rego do\u0142\u0105czona jest wk\u0142adka umo\u017cliwiaj\u0105ca monta\u017c w \u015bcianie.<\/p>\n<p><strong>FUNKCJA ROZGRZEWKI<\/strong><\/p>\n<p>Ta funkcja s\u0142u\u017cy do przep\u0142ukiwania systemu rur przez 60 sekund, wyp\u0142ukuj\u0105c zimn\u0105 wod\u0119 z rur.<\/p>\n<p><strong>FAN<\/strong><\/p>\n<p>Do prysznica wellness AqauFun mo\u017cna pod\u0142\u0105czy\u0107 wentylator rurowy, aby sterowa\u0107 nim za pomoc\u0105 wy\u015bwietlacza.<\/p>\n<p><strong>ZIMNA WODA BEZPO\u015aREDNIO<\/strong><\/p>\n<p>Funkcja ta zapewnia natychmiastowe dostarczanie zimnej wody przez jeden z pod\u0142\u0105czonych prysznic\u00f3w. Pozwala to natychmiast cieszy\u0107 si\u0119 wspania\u0142ym zimnym prysznicem.<\/p>\n<p>&nbsp;<\/p>\n<h3><strong>OPCJONALNIE<\/strong><\/h3>\n<p>&nbsp;<\/p>\n<p><strong>TERAPIA KOLORAMI<\/strong><br \/>\nO\u015bwietlenie punktowe w dachu lub ta\u015bma LED w \u015bcianie, wn\u0119ce lub pod \u0142awk\u0105. O\u015bwietleniem tym mo\u017cna \u0142atwo sterowa\u0107 za pomoc\u0105 kontrolera Shower Deluxe. Automatyczna rotacja kolor\u00f3w, \u015bciemnianie i tryb \u015bwiat\u0142a bia\u0142ego.<\/p>\n<p>&nbsp;<\/p>\n<p><strong>MODU\u0141 D\u0179WI\u0118KOWY<\/strong><br \/>\nOdtwarzaj ulubion\u0105 muzyk\u0119 pod prysznicem. Wystarczy po\u0142\u0105czy\u0107 si\u0119 przez Bluetooth, a nast\u0119pnie sterowa\u0107 g\u0142o\u015bno\u015bci\u0105, odtwarzaniem i wyborem utwor\u00f3w za pomoc\u0105 wy\u015bwietlacza. G\u0142o\u015bniki s\u0105 wodoodporne i mo\u017cna je umie\u015bci\u0107 na dachu.<\/p>\n<p>&nbsp;<\/p>\n<p><strong>MODU\u0141 ZAPACHU\u00a0 <\/strong><\/p>\n<p>Poprzez dyfuzor zapach jest wprowadzany do strefy prysznica. Modu\u0142 zapachowy nale\u017cy umie\u015bci\u0107 poza stref\u0105 prysznica. \u0141atwe uzupe\u0142nianie i sterowanie za pomoc\u0105 wy\u015bwietlacza dotykowego.<\/p>\n<p>&nbsp;<\/p>\n<p><strong>SPECJALNE WYKO\u0143CZENIA<\/strong><\/p>\n<p>Czy rozwa\u017casz wykonanie wszystkich kolorowych element\u00f3w prysznica wellness w kolorze innym ni\u017c chrom? W takim razie zapytaj nas o mo\u017cliwo\u015bci; nasze specjalne wyko\u0144czenia obejmuj\u0105 12 r\u00f3\u017cnych kolor\u00f3w PVD (b\u0142yszcz\u0105cych lub matowych). S\u0105 one dost\u0119pne za dodatkow\u0105 op\u0142at\u0105.<\/p>\n<p>&nbsp;<\/p>\n<p><strong>\u015aCIANKA PRYSZNICOWA<\/strong><\/p>\n<p>\u015aciana fotograficzna z paskiem LED RGB WW, kt\u00f3ry mo\u017cna ustawi\u0107 na r\u00f3\u017cne kolory za pomoc\u0105 wy\u015bwietlacza dotykowego. Nadaje ka\u017cdemu pomieszczeniu wellness i \u0142azience niepowtarzalny wygl\u0105d.<\/p>\n<p>&nbsp;<\/p>\n<h3><strong>ZAKRES DOSTAWY PRYSZNIC AQUAFUN WELLNESS <\/strong><\/h3>\n<p>- Wy\u015bwietlacz wraz z obudow\u0105 monta\u017cow\u0105<\/p>\n<p>- Przy\u0142\u0105cze prysznica wellness dla 4 u\u017cytkownik\u00f3w<\/p>\n<p>- Electronicabox<\/p>\n<p>- Ibox z cz\u0119\u015bci\u0105 wyko\u0144czeniow\u0105 termostatu prysznicowego<\/p>\n<p>- Prysznic Aquafun 300 x 600 mm | prysznic dachowy<\/p>\n<p>&nbsp;<\/p>\n<h3><strong>BROSZURA<\/strong><\/h3>\n<\/div>\n<div>Wi\u0119cej informacji <a href=\"https:\/\/cleopatra.nl\/wp-content\/uploads\/CLEOPATRA-WELLNESS-SHOWER-NL.pdf\">pobierz broszur\u0119.<\/a><\/div>\n<h3><\/h3>\n<h3><strong>R\u0118CZNY<\/strong><\/h3>","protected":false},"excerpt":{"rendered":"<p>Prysznic Wellness mo\u017cna pod\u0142\u0105czy\u0107 do kran\u00f3w i prysznic\u00f3w r\u00f3\u017cnych marek. Poszczeg\u00f3lne prysznice mo\u017cna aktywowa\u0107 za pomoc\u0105 sterownika Shower Deluxe. Liczba prysznic\u00f3w okre\u015bla, ilu u\u017cytkownik\u00f3w musi korzysta\u0107 z prysznica Wellness Shower. Zobacz <strong>wideo<\/strong> Z prysznica wellness: <a href=\"https:\/\/cleopatra.nl\/pl\/wellness-shower\/wellness-shower\/\" target=\"_blank\" rel=\"noopener\">kliknij tutaj<\/a><\/p>","protected":false},"featured_media":9667,"template":"","format":"standard","meta":{"_acf_changed":false},"product_brand":[],"product_cat":[71,275],"product_tag":[],"class_list":{"0":"post-9663","1":"product","2":"type-product","3":"status-publish","4":"format-standard","5":"has-post-thumbnail","7":"product_cat-shop","8":"product_cat-wellness-shower","10":"first","11":"instock","12":"taxable","13":"shipping-taxable","14":"purchasable","15":"product-type-simple"},"acf":[],"_links":{"self":[{"href":"https:\/\/cleopatra.nl\/pl\/wp-json\/wp\/v2\/product\/9663","targetHints":{"allow":["GET"]}}],"collection":[{"href":"https:\/\/cleopatra.nl\/pl\/wp-json\/wp\/v2\/product"}],"about":[{"href":"https:\/\/cleopatra.nl\/pl\/wp-json\/wp\/v2\/types\/product"}],"wp:featuredmedia":[{"embeddable":true,"href":"https:\/\/cleopatra.nl\/pl\/wp-json\/wp\/v2\/media\/9667"}],"wp:attachment":[{"href":"https:\/\/cleopatra.nl\/pl\/wp-json\/wp\/v2\/media?parent=9663"}],"wp:term":[{"taxonomy":"product_brand","embeddable":true,"href":"https:\/\/cleopatra.nl\/pl\/wp-json\/wp\/v2\/product_brand?post=9663"},{"taxonomy":"product_cat","embeddable":true,"href":"https:\/\/cleopatra.nl\/pl\/wp-json\/wp\/v2\/product_cat?post=9663"},{"taxonomy":"product_tag","embeddable":true,"href":"https:\/\/cleopatra.nl\/pl\/wp-json\/wp\/v2\/product_tag?post=9663"}],"curies":[{"name":"wp","href":"https:\/\/api.w.org\/{rel}","templated":true}]}}