{"id":9704,"date":"2026-01-24T12:14:25","date_gmt":"2026-01-24T11:14:25","guid":{"rendered":"https:\/\/cleopatra.nl\/?post_type=product&#038;p=9704"},"modified":"2026-04-26T21:18:57","modified_gmt":"2026-04-26T19:18:57","slug":"spa-r230","status":"publish","type":"product","link":"https:\/\/cleopatra.nl\/pl\/uncategorized\/spa-r230\/","title":{"rendered":"Wanna spa - R230"},"content":{"rendered":"<p>Zaprojektowana z my\u015bl\u0105 o optymalnym komforcie i relaksie, ta okr\u0105g\u0142a wanna o \u015brednicy 230 cm oferuje wystarczaj\u0105co du\u017co miejsca dla czterech os\u00f3b. Dzi\u0119ki du\u017cemu rozmiarowi, wanna jest idealna zar\u00f3wno do u\u017cytku prywatnego, jak i do \u015brodowisk wellness, w kt\u00f3rych luksus i do\u015bwiadczenie s\u0105 kluczowe.<\/p>\n<p>&nbsp;<\/p>\n<h4>Rynna przelewowa<\/h4>\n<p>Wanna jest wyposa\u017cona w kana\u0142 przelewowy, z kt\u00f3rego woda przep\u0142ywa w spos\u00f3b ci\u0105g\u0142y i r\u00f3wnomierny nad brzegiem wanny. Ten system przelewowy nie tylko tworzy elegancki i ekskluzywny wygl\u0105d, ale tak\u017ce aktywnie przyczynia si\u0119 do higieny: brud i zanieczyszczenia s\u0105 natychmiast usuwane, utrzymuj\u0105c wod\u0119 i wann\u0119 w czysto\u015bci przez d\u0142ugi czas.<\/p>\n<h4>System Whirlpool<\/h4>\n<p>Dla dodatkowego relaksu wann\u0119 mo\u017cna wyposa\u017cy\u0107 w system hydromasa\u017cu sk\u0142adaj\u0105cy si\u0119 z p\u0119cherzyk\u00f3w powietrza i silnych strumieni masuj\u0105cych. W po\u0142\u0105czeniu z podwodnym o\u015bwietleniem tworzy si\u0119 koj\u0105ca atmosfera, a podgrzewacz zapewnia, \u017ce woda zawsze pozostaje w przyjemnej temperaturze, niezale\u017cnie od pory roku.<\/p>\n<h4>Higiena<\/h4>\n<p>Woda jest dostarczana ze zbiornika buforowego, gdzie jest stale filtrowana i automatycznie utrzymywana na prawid\u0142owym poziomie pH i chloru. Gwarantuje to nie tylko czyst\u0105 i klarown\u0105 wod\u0119, ale tak\u017ce bezpieczn\u0105 i komfortow\u0105 k\u0105piel. Kr\u00f3tko m\u00f3wi\u0105c, ta okr\u0105g\u0142a wanna przelewowa \u0142\u0105czy w sobie luksus, technologi\u0119 i \u0142atwo\u015b\u0107 u\u017cytkowania w jednym wysokiej jako\u015bci produkcie wellness, kt\u00f3ry zach\u0119ca do czystego relaksu.<\/p>\n<h4>Katalog<\/h4>\n<p>Katalog do pobrania <a href=\"https:\/\/cleopatra.nl\/wp-content\/uploads\/CLEOPATRA_SPA_BADEN.pdf\">tutaj<\/a><\/p>","protected":false},"excerpt":{"rendered":"<p>Dit ronde bad met een diameter van 230 cm is ontworpen voor optimaal comfort en ontspanning en biedt ruim plaats aan vier personen. Dankzij het royale formaat is het bad ideaal voor zowel priv\u00e9gebruik als wellness omgevingen waar luxe en beleving centraal staan. &nbsp; Overloopgoot Het bad is uitgevoerd met een overloopgoot, waarbij het water [&hellip;]<\/p>\n","protected":false},"featured_media":9723,"template":"","format":"standard","meta":{"_acf_changed":false},"product_brand":[347],"product_cat":[324,71],"product_tag":[],"class_list":{"0":"post-9704","1":"product","2":"type-product","3":"status-publish","4":"format-standard","5":"has-post-thumbnail","7":"product_brand-cleopatra","8":"product_cat-spa_overloopbaden","9":"product_cat-shop","11":"first","12":"onbackorder","13":"taxable","14":"shipping-taxable","15":"product-type-simple"},"acf":[],"_links":{"self":[{"href":"https:\/\/cleopatra.nl\/pl\/wp-json\/wp\/v2\/product\/9704","targetHints":{"allow":["GET"]}}],"collection":[{"href":"https:\/\/cleopatra.nl\/pl\/wp-json\/wp\/v2\/product"}],"about":[{"href":"https:\/\/cleopatra.nl\/pl\/wp-json\/wp\/v2\/types\/product"}],"wp:featuredmedia":[{"embeddable":true,"href":"https:\/\/cleopatra.nl\/pl\/wp-json\/wp\/v2\/media\/9723"}],"wp:attachment":[{"href":"https:\/\/cleopatra.nl\/pl\/wp-json\/wp\/v2\/media?parent=9704"}],"wp:term":[{"taxonomy":"product_brand","embeddable":true,"href":"https:\/\/cleopatra.nl\/pl\/wp-json\/wp\/v2\/product_brand?post=9704"},{"taxonomy":"product_cat","embeddable":true,"href":"https:\/\/cleopatra.nl\/pl\/wp-json\/wp\/v2\/product_cat?post=9704"},{"taxonomy":"product_tag","embeddable":true,"href":"https:\/\/cleopatra.nl\/pl\/wp-json\/wp\/v2\/product_tag?post=9704"}],"curies":[{"name":"wp","href":"https:\/\/api.w.org\/{rel}","templated":true}]}}