{"id":9823,"date":"2026-02-07T13:11:10","date_gmt":"2026-02-07T12:11:10","guid":{"rendered":"https:\/\/cleopatra.nl\/?post_type=product&#038;p=9823"},"modified":"2026-04-26T08:55:41","modified_gmt":"2026-04-26T06:55:41","slug":"verlichting-ontluchtingsunit-revisie-compleet","status":"publish","type":"product","link":"https:\/\/cleopatra.nl\/pl\/spare-parts\/verlichting-ontluchtingsunit-revisie-compleet\/","title":{"rendered":"O\u015bwietlenie i wentylacja | remont zako\u0144czony"},"content":{"rendered":"<p>Ta jednostka o\u015bwietleniowa i wentylacyjna jest u\u017cywana w kabinach Aquafun i przeznaczona jako zestaw remontowy.<\/p>\n<p>Aby dokona\u0107 kompletnej wymiany, nale\u017cy wej\u015b\u0107 na dach kabiny. Pier\u015bcie\u0144 lampy, \u015bwiat\u0142a itp. mo\u017cna wymieni\u0107 z wn\u0119trza kabiny.<\/p>\n<p>Przed wymian\u0105 nale\u017cy upewni\u0107 si\u0119, \u017ce instalacja zosta\u0142a od\u0142\u0105czona od zasilania. Uwaga: jest to produkt wycofany z produkcji i dost\u0119pny w ograniczonych ilo\u015bciach.<\/p>","protected":false},"excerpt":{"rendered":"<p><a href=\"https:\/\/cleopatra.nl\/wp-content\/uploads\/AF041-SK-1-verlichtingsunit-01-01-2004.pdf\">AF041 Jednostka o\u015bwietleniowa SK-1 01-01-2004<\/a><\/p>","protected":false},"featured_media":9825,"template":"","format":"standard","meta":{"_acf_changed":false},"product_brand":[347],"product_cat":[60,103],"product_tag":[],"class_list":{"0":"post-9823","1":"product","2":"type-product","3":"status-publish","4":"format-standard","5":"has-post-thumbnail","7":"product_brand-cleopatra","8":"product_cat-spare-parts","9":"product_cat-stoomcabine-onderdelen","10":"product_shipping_class-gratis-verzending","12":"first","13":"instock","14":"taxable","15":"shipping-taxable","16":"purchasable","17":"product-type-simple"},"acf":[],"_links":{"self":[{"href":"https:\/\/cleopatra.nl\/pl\/wp-json\/wp\/v2\/product\/9823","targetHints":{"allow":["GET"]}}],"collection":[{"href":"https:\/\/cleopatra.nl\/pl\/wp-json\/wp\/v2\/product"}],"about":[{"href":"https:\/\/cleopatra.nl\/pl\/wp-json\/wp\/v2\/types\/product"}],"wp:featuredmedia":[{"embeddable":true,"href":"https:\/\/cleopatra.nl\/pl\/wp-json\/wp\/v2\/media\/9825"}],"wp:attachment":[{"href":"https:\/\/cleopatra.nl\/pl\/wp-json\/wp\/v2\/media?parent=9823"}],"wp:term":[{"taxonomy":"product_brand","embeddable":true,"href":"https:\/\/cleopatra.nl\/pl\/wp-json\/wp\/v2\/product_brand?post=9823"},{"taxonomy":"product_cat","embeddable":true,"href":"https:\/\/cleopatra.nl\/pl\/wp-json\/wp\/v2\/product_cat?post=9823"},{"taxonomy":"product_tag","embeddable":true,"href":"https:\/\/cleopatra.nl\/pl\/wp-json\/wp\/v2\/product_tag?post=9823"}],"curies":[{"name":"wp","href":"https:\/\/api.w.org\/{rel}","templated":true}]}}